{"id":44854,"date":"2023-05-11T15:41:22","date_gmt":"2023-05-11T12:41:22","guid":{"rendered":"https:\/\/exlibris.ee\/toode\/die-schone-frau-bar-falsches-spiel-mit-carsten-tsara-pdf-mp3-download\/"},"modified":"2026-04-05T15:30:05","modified_gmt":"2026-04-05T12:30:05","slug":"die-schone-frau-bar-falsches-spiel-mit-carsten-tsara-pdf-mp3-download","status":"publish","type":"product","link":"https:\/\/exlibris.ee\/en\/product\/die-schone-frau-bar-falsches-spiel-mit-carsten-tsara-pdf-mp3-download\/","title":{"rendered":"Die sch\u00f6ne Frau B\u00e4r  Falsches Spiel mit Carsten Tsara \/ PDF\/MP3-Download"},"content":{"rendered":"<p>Die Sommerferien sind fast vorbei und Tessa hat Langeweile. Es passiert einfach nichts Aufregendes. Ihre Mutter bringt ihr vom Flohmarkt Detektivromane mit \u2013 Tessas Lieblingslekt\u00fcre. \u201eAlte B\u00fccher haben oft ihre Geheimnisse\u201c, sagt Tessas Mutter. Und tats\u00e4chlich! In einem Buch \u00fcber den Meisterdetektiv Sherlock Holmes findet Tessa eine mysteri\u00f6se Nachricht. Was steckt dahinter? Und wem geh\u00f6rt das Buch? Tessa will das R\u00e4tsel l\u00f6sen. Die Spur f\u00fchrt zu einem Jungen mit wundersch\u00f6nen Augen \u2026 Auf einmal wird Tessas Fall sehr viel aufregender als erwartet.<\/p>\n","protected":false},"excerpt":{"rendered":"<p>Die Sommerferien sind fast vorbei und Tessa hat Langeweile. Es passiert einfach nichts Aufregendes. Ihre Mutter bringt ihr vom Flohmarkt Detektivromane mit \u2013 Tessas Lieblingslekt\u00fcre. \u201eAlte B\u00fccher haben oft ihre Geheimnisse\u201c, sagt Tessas Mutter. Und tats\u00e4chlich! In einem Buch \u00fcber&#8230;<\/p>\n","protected":false},"featured_media":56305,"template":"","meta":{"_acf_changed":false,"inline_featured_image":false},"product_brand":[],"product_cat":[851],"product_tag":[],"series":[{"id":947,"name":"Die sch\u00f6ne Frau","slug":"die-schone-frau"}],"publisher":[{"id":497,"name":"Hueber Verlag","slug":"hueber-verlag"}],"class_list":{"0":"post-44854","1":"product","2":"type-product","3":"status-publish","4":"has-post-thumbnail","6":"product_cat-lesetexte-deutsch","7":"series-die-schone-frau","8":"publisher-hueber-verlag","10":"first","11":"onbackorder","12":"taxable","13":"shipping-taxable","14":"purchasable","15":"product-type-simple"},"acf":[],"_links":{"self":[{"href":"https:\/\/exlibris.ee\/en\/wp-json\/wp\/v2\/product\/44854","targetHints":{"allow":["GET"]}}],"collection":[{"href":"https:\/\/exlibris.ee\/en\/wp-json\/wp\/v2\/product"}],"about":[{"href":"https:\/\/exlibris.ee\/en\/wp-json\/wp\/v2\/types\/product"}],"wp:featuredmedia":[{"embeddable":true,"href":"https:\/\/exlibris.ee\/en\/wp-json\/wp\/v2\/media\/56305"}],"wp:attachment":[{"href":"https:\/\/exlibris.ee\/en\/wp-json\/wp\/v2\/media?parent=44854"}],"wp:term":[{"taxonomy":"product_brand","embeddable":true,"href":"https:\/\/exlibris.ee\/en\/wp-json\/wp\/v2\/product_brand?post=44854"},{"taxonomy":"product_cat","embeddable":true,"href":"https:\/\/exlibris.ee\/en\/wp-json\/wp\/v2\/product_cat?post=44854"},{"taxonomy":"product_tag","embeddable":true,"href":"https:\/\/exlibris.ee\/en\/wp-json\/wp\/v2\/product_tag?post=44854"},{"taxonomy":"series","embeddable":true,"href":"https:\/\/exlibris.ee\/en\/wp-json\/wp\/v2\/series?post=44854"},{"taxonomy":"publisher","embeddable":true,"href":"https:\/\/exlibris.ee\/en\/wp-json\/wp\/v2\/publisher?post=44854"}],"curies":[{"name":"wp","href":"https:\/\/api.w.org\/{rel}","templated":true}]}}