{"id":44870,"date":"2023-05-12T11:19:21","date_gmt":"2023-05-12T08:19:21","guid":{"rendered":"https:\/\/exlibris.ee\/toode\/beste-freunde-plus-a1-1-kursbuch-interaktive-version\/"},"modified":"2026-04-05T15:31:25","modified_gmt":"2026-04-05T12:31:25","slug":"beste-freunde-plus-a1-1-kursbuch-interaktive-version","status":"publish","type":"product","link":"https:\/\/exlibris.ee\/en\/product\/beste-freunde-plus-a1-1-kursbuch-interaktive-version\/","title":{"rendered":"Beste Freunde PLUS A1.1 \/ Kursbuch \u2013 Interaktive Version"},"content":{"rendered":"<p>Beste Freunde PLUS \u2013 das interaktive DaF-Lehrwerk (A1 &#8211; B1) f\u00fcr Deutsch als Fremdsprache Beste Freunde PLUS A1.1 Kursbuch \u2013 interaktive Version (nur digitales Produkt) &#8211; digitales Kursbuch f\u00fcr Whiteboard, PC\/Mac und Tablet &#8211; integrierte Audio- und Filmdateien zum Kursbuch &#8211; interaktiv umgesetzte \u00dcbungen aus dem Kursbuch &#8211; Grammatik-Clips und interaktive Zusatz\u00fcbungen zu Aussprache,Wortschatz, Grammatik und Kommunikation &#8211; integrierte Whiteboard-Werkzeuge zum Markieren, Kommentieren und Pr\u00e4sentieren &#8211; intuitiv und ohne Einf\u00fchrung sofort einsetzbar &#8211; Nutzung auf allen Ger\u00e4ten und allen g\u00e4ngigen Browsern &#8211; offline verf\u00fcgbar \u00fcber die Hueber-interaktiv-App und als Kopie auf USB-Stick.<\/p>\n","protected":false},"excerpt":{"rendered":"<p>Beste Freunde PLUS \u2013 das interaktive DaF-Lehrwerk (A1 &#8211; B1) f\u00fcr Deutsch als Fremdsprache Beste Freunde PLUS A1.1 Kursbuch \u2013 interaktive Version (nur digitales Produkt) &#8211; digitales Kursbuch f\u00fcr Whiteboard, PC\/Mac und Tablet &#8211; integrierte Audio- und Filmdateien zum Kursbuch&#8230;<\/p>\n","protected":false},"featured_media":56377,"template":"","meta":{"_acf_changed":false,"inline_featured_image":false},"product_brand":[],"product_cat":[477],"product_tag":[],"series":[{"id":973,"name":"Beste Freunde PLUS A1.1","slug":"beste-freunde-plus-a1-1"}],"publisher":[{"id":497,"name":"Hueber Verlag","slug":"hueber-verlag"}],"class_list":{"0":"post-44870","1":"product","2":"type-product","3":"status-publish","4":"has-post-thumbnail","6":"product_cat-lehrwerke-fur-jugendliche","7":"series-beste-freunde-plus-a1-1","8":"publisher-hueber-verlag","10":"first","11":"onbackorder","12":"taxable","13":"shipping-taxable","14":"purchasable","15":"product-type-simple"},"acf":[],"_links":{"self":[{"href":"https:\/\/exlibris.ee\/en\/wp-json\/wp\/v2\/product\/44870","targetHints":{"allow":["GET"]}}],"collection":[{"href":"https:\/\/exlibris.ee\/en\/wp-json\/wp\/v2\/product"}],"about":[{"href":"https:\/\/exlibris.ee\/en\/wp-json\/wp\/v2\/types\/product"}],"wp:featuredmedia":[{"embeddable":true,"href":"https:\/\/exlibris.ee\/en\/wp-json\/wp\/v2\/media\/56377"}],"wp:attachment":[{"href":"https:\/\/exlibris.ee\/en\/wp-json\/wp\/v2\/media?parent=44870"}],"wp:term":[{"taxonomy":"product_brand","embeddable":true,"href":"https:\/\/exlibris.ee\/en\/wp-json\/wp\/v2\/product_brand?post=44870"},{"taxonomy":"product_cat","embeddable":true,"href":"https:\/\/exlibris.ee\/en\/wp-json\/wp\/v2\/product_cat?post=44870"},{"taxonomy":"product_tag","embeddable":true,"href":"https:\/\/exlibris.ee\/en\/wp-json\/wp\/v2\/product_tag?post=44870"},{"taxonomy":"series","embeddable":true,"href":"https:\/\/exlibris.ee\/en\/wp-json\/wp\/v2\/series?post=44870"},{"taxonomy":"publisher","embeddable":true,"href":"https:\/\/exlibris.ee\/en\/wp-json\/wp\/v2\/publisher?post=44870"}],"curies":[{"name":"wp","href":"https:\/\/api.w.org\/{rel}","templated":true}]}}