{"id":44881,"date":"2023-05-12T11:19:24","date_gmt":"2023-05-12T08:19:24","guid":{"rendered":"https:\/\/exlibris.ee\/toode\/planet-plus-a1-1-digitalisiertes-kursbuch\/"},"modified":"2026-04-10T23:34:35","modified_gmt":"2026-04-10T20:34:35","slug":"planet-plus-a1-1-digitalisiertes-kursbuch","status":"publish","type":"product","link":"https:\/\/exlibris.ee\/en\/product\/planet-plus-a1-1-digitalisiertes-kursbuch\/","title":{"rendered":"Planet Plus A1.1 \u2013 Interaktive digitale Ausgabe  Deutsch f\u00fcr Jugendliche \/ Digitalisiertes Kursbuch mit integrierten Audiodateien"},"content":{"rendered":"<p>Eine Vielzahl der Aufgaben k\u00f6nnen auch als interaktive \u00dcbungen online gel\u00f6st werden. &#8211; Ein Halbband umfasst 4 Module mit je 3 Lektionen \u00e0 3-4 Seiten &#8211; Die Start-Lektion erm\u00f6glicht einen sanften Einstieg und weckt Interesse. &#8211; Den Moduleinstieg bildet eine Bild-Text-Seite mit einer Einstiegsaufgabe und der Ank\u00fcndigung aller Modulthemen und Lernziele. &#8211; Jede Lektion beginnt mit einer prominenten Aufgabe und verf\u00fcgt \u00fcber eine Extra-Spalte, in der die ge\u00fcbten Kommunikations-, Wortschatz- und Grammatikinhalte systematisch und tabellarisch wieder aufgegriffen werden. Aussprache\u00fcbungen sind im Lektionsverlauf integriert. &#8211; Am Ende jedes Moduls gibt es eine Doppelseite &#8220;Zum Schluss&#8221; mit wiederkehrenden Rubriken wie z.B. Landeskunde, Projektarbeit, Sprachmittlung sowie eine Modul-Zusammenfassung &#8220;Das kann ich schon&#8221; auf der letzten Modulseite. Hier werden die auf der Moduleinstiegsseiten genannten Lernziele mit Beispielen wieder aufgef\u00fchrt. &#8211; Die Magazin-Seiten &#8220;PluMa&#8221; am Ende des Kursbuchs bieten lektionsbezogene Spiele und weitere Spielideen sowie landeskundliche Informationen zu Festen und Feiern &#8211; inklusive H\u00f6rdateien im Format MP3.<\/p>\n","protected":false},"excerpt":{"rendered":"<p>Eine Vielzahl der Aufgaben k\u00f6nnen auch als interaktive \u00dcbungen online gel\u00f6st werden. &#8211; Ein Halbband umfasst 4 Module mit je 3 Lektionen \u00e0 3-4 Seiten &#8211; Die Start-Lektion erm\u00f6glicht einen sanften Einstieg und weckt Interesse. &#8211; Den Moduleinstieg bildet eine&#8230;<\/p>\n","protected":false},"featured_media":56449,"template":"","meta":{"_acf_changed":false,"inline_featured_image":false},"product_brand":[],"product_cat":[477],"product_tag":[],"series":[{"id":532,"name":"Planet Plus A1.1","slug":"planet-plus-a1-1"}],"publisher":[{"id":497,"name":"Hueber Verlag","slug":"hueber-verlag"}],"class_list":{"0":"post-44881","1":"product","2":"type-product","3":"status-publish","4":"has-post-thumbnail","6":"product_cat-lehrwerke-fur-jugendliche","7":"series-planet-plus-a1-1","8":"publisher-hueber-verlag","10":"first","11":"onbackorder","12":"taxable","13":"shipping-taxable","14":"purchasable","15":"product-type-simple"},"acf":[],"_links":{"self":[{"href":"https:\/\/exlibris.ee\/en\/wp-json\/wp\/v2\/product\/44881","targetHints":{"allow":["GET"]}}],"collection":[{"href":"https:\/\/exlibris.ee\/en\/wp-json\/wp\/v2\/product"}],"about":[{"href":"https:\/\/exlibris.ee\/en\/wp-json\/wp\/v2\/types\/product"}],"wp:featuredmedia":[{"embeddable":true,"href":"https:\/\/exlibris.ee\/en\/wp-json\/wp\/v2\/media\/56449"}],"wp:attachment":[{"href":"https:\/\/exlibris.ee\/en\/wp-json\/wp\/v2\/media?parent=44881"}],"wp:term":[{"taxonomy":"product_brand","embeddable":true,"href":"https:\/\/exlibris.ee\/en\/wp-json\/wp\/v2\/product_brand?post=44881"},{"taxonomy":"product_cat","embeddable":true,"href":"https:\/\/exlibris.ee\/en\/wp-json\/wp\/v2\/product_cat?post=44881"},{"taxonomy":"product_tag","embeddable":true,"href":"https:\/\/exlibris.ee\/en\/wp-json\/wp\/v2\/product_tag?post=44881"},{"taxonomy":"series","embeddable":true,"href":"https:\/\/exlibris.ee\/en\/wp-json\/wp\/v2\/series?post=44881"},{"taxonomy":"publisher","embeddable":true,"href":"https:\/\/exlibris.ee\/en\/wp-json\/wp\/v2\/publisher?post=44881"}],"curies":[{"name":"wp","href":"https:\/\/api.w.org\/{rel}","templated":true}]}}