{"id":44883,"date":"2023-05-12T11:19:25","date_gmt":"2023-05-12T08:19:25","guid":{"rendered":"https:\/\/exlibris.ee\/toode\/planet-plus-a2-1-digitalisiertes-arbeitsbuch\/"},"modified":"2026-04-11T17:36:25","modified_gmt":"2026-04-11T14:36:25","slug":"planet-plus-a2-1-digitalisiertes-arbeitsbuch","status":"publish","type":"product","link":"https:\/\/exlibris.ee\/en\/product\/planet-plus-a2-1-digitalisiertes-arbeitsbuch\/","title":{"rendered":"Planet Plus A2.1 \u2013 Interaktive digitale Ausgabe  Deutsch f\u00fcr Jugendliche \/ Digitalisiertes Kursbuch mit integrierten Audiodateien"},"content":{"rendered":"<p>Eine Vielzahl der Aufgaben k\u00f6nnen auch als interaktive \u00dcbungen online gel\u00f6st werden. Das bew\u00e4hrte Konzept von Planet \u2013 in neuem Gewand! &#8211; Ein neues, modernes, jugendgerechtes Layout, mehr Fotos, neue Textsorten (z. B. Chat), neue Texte, neue Illustrationen. &#8211; Wiederkehrende Symbole, Farben und eine Extra-Spalte machen die Orientierung im Lehrwerk und die Vermittlung der Lerninhalte einfacher. &#8211; Start-Lektion zu Beginn der ersten zwei Halbb\u00e4nde: Spracharbeit mit Internationalismen und Anglizismen im Deutschen &#8211; Magazin-Seiten &#8220;PluMa&#8221; mit Spielideen und Anleitungen sowie landeskundlichen Infos zu Festen und Feiern am Ende des Kursbuchs &#8211; Inklusive H\u00f6rdateien im Format MP3.<\/p>\n","protected":false},"excerpt":{"rendered":"<p>Eine Vielzahl der Aufgaben k\u00f6nnen auch als interaktive \u00dcbungen online gel\u00f6st werden. Das bew\u00e4hrte Konzept von Planet \u2013 in neuem Gewand! &#8211; Ein neues, modernes, jugendgerechtes Layout, mehr Fotos, neue Textsorten (z. B. Chat), neue Texte, neue Illustrationen. &#8211; Wiederkehrende&#8230;<\/p>\n","protected":false},"featured_media":56455,"template":"","meta":{"_acf_changed":false,"inline_featured_image":false},"product_brand":[],"product_cat":[477],"product_tag":[],"series":[{"id":534,"name":"Planet Plus A2.1","slug":"planet-plus-a2-1"}],"publisher":[{"id":497,"name":"Hueber Verlag","slug":"hueber-verlag"}],"class_list":{"0":"post-44883","1":"product","2":"type-product","3":"status-publish","4":"has-post-thumbnail","6":"product_cat-lehrwerke-fur-jugendliche","7":"series-planet-plus-a2-1","8":"publisher-hueber-verlag","10":"first","11":"onbackorder","12":"taxable","13":"shipping-taxable","14":"purchasable","15":"product-type-simple"},"acf":[],"_links":{"self":[{"href":"https:\/\/exlibris.ee\/en\/wp-json\/wp\/v2\/product\/44883","targetHints":{"allow":["GET"]}}],"collection":[{"href":"https:\/\/exlibris.ee\/en\/wp-json\/wp\/v2\/product"}],"about":[{"href":"https:\/\/exlibris.ee\/en\/wp-json\/wp\/v2\/types\/product"}],"wp:featuredmedia":[{"embeddable":true,"href":"https:\/\/exlibris.ee\/en\/wp-json\/wp\/v2\/media\/56455"}],"wp:attachment":[{"href":"https:\/\/exlibris.ee\/en\/wp-json\/wp\/v2\/media?parent=44883"}],"wp:term":[{"taxonomy":"product_brand","embeddable":true,"href":"https:\/\/exlibris.ee\/en\/wp-json\/wp\/v2\/product_brand?post=44883"},{"taxonomy":"product_cat","embeddable":true,"href":"https:\/\/exlibris.ee\/en\/wp-json\/wp\/v2\/product_cat?post=44883"},{"taxonomy":"product_tag","embeddable":true,"href":"https:\/\/exlibris.ee\/en\/wp-json\/wp\/v2\/product_tag?post=44883"},{"taxonomy":"series","embeddable":true,"href":"https:\/\/exlibris.ee\/en\/wp-json\/wp\/v2\/series?post=44883"},{"taxonomy":"publisher","embeddable":true,"href":"https:\/\/exlibris.ee\/en\/wp-json\/wp\/v2\/publisher?post=44883"}],"curies":[{"name":"wp","href":"https:\/\/api.w.org\/{rel}","templated":true}]}}