{"id":44900,"date":"2023-05-12T11:19:28","date_gmt":"2023-05-12T08:19:28","guid":{"rendered":"https:\/\/exlibris.ee\/toode\/planet-plus-a1-2-digitalisiertes-kursbuch\/"},"modified":"2026-04-06T09:12:47","modified_gmt":"2026-04-06T06:12:47","slug":"planet-plus-a1-2-digitalisiertes-kursbuch","status":"publish","type":"product","link":"https:\/\/exlibris.ee\/en\/product\/planet-plus-a1-2-digitalisiertes-kursbuch\/","title":{"rendered":"Planet Plus A1.2 Digitalisiertes Kursbuch"},"content":{"rendered":"<p>Eine Vielzahl der Aufgaben k\u00f6nnen auch als interaktive \u00dcbungen online gel\u00f6st werden. &#8211; 4 Module mit je 3 Lektionen \u00e0 3-4 Seiten &#8211; Start-Lektion mit Internationalismen zur ersten Spracharbeit &#8211; Moduleinstiegsseite zur Wiederholung des bereits Gelernten und Bekannten &#8211; pro Lektion: \u00dcbungen zu Grammatik, Wortschatz und Redemitteln &#8211; am Ende jedes Moduls: zwei Seiten Selbstevaluation mit Selbstkontrolle &#8220;Das habe ich gelernt&#8221; sowie ein Modultest zu Kommunikation, Wortschatz und Grammatik &#8211; im Anhang: der gesamte Lernwortschatz -illustriert und kontextualisiert &#8211; inklusive H\u00f6rdateien im Format MP3 Zus\u00e4tzliche Funktionen auf der Lern-Plattform BlinkLearning In der Sch\u00fclerversion: Notenanzeige und Leistungsstandspeicherung bei den interaktiven \u00dcbungen. In der Version f\u00fcr Lehrkr\u00e4fte: Der Leistungsstand Ihrer einzelnen Sch\u00fcler\/innen und Ihrer Klasse wird Ihnen \u00fcbersichtlich angezeigt. Mit einem Klick k\u00f6nnen Sie Ihren Sch\u00fcler\/innen eine passende \u00dcbung zuweisen.<\/p>\n","protected":false},"excerpt":{"rendered":"<p>Eine Vielzahl der Aufgaben k\u00f6nnen auch als interaktive \u00dcbungen online gel\u00f6st werden. &#8211; 4 Module mit je 3 Lektionen \u00e0 3-4 Seiten &#8211; Start-Lektion mit Internationalismen zur ersten Spracharbeit &#8211; Moduleinstiegsseite zur Wiederholung des bereits Gelernten und Bekannten &#8211; pro&#8230;<\/p>\n","protected":false},"featured_media":56554,"template":"","meta":{"_acf_changed":false,"inline_featured_image":false},"product_brand":[],"product_cat":[477],"product_tag":[],"series":[{"id":533,"name":"Planet Plus A1.2","slug":"planet-plus-a1-2"}],"publisher":[{"id":497,"name":"Hueber Verlag","slug":"hueber-verlag"}],"class_list":{"0":"post-44900","1":"product","2":"type-product","3":"status-publish","4":"has-post-thumbnail","6":"product_cat-lehrwerke-fur-jugendliche","7":"series-planet-plus-a1-2","8":"publisher-hueber-verlag","10":"first","11":"onbackorder","12":"taxable","13":"shipping-taxable","14":"purchasable","15":"product-type-simple"},"acf":[],"_links":{"self":[{"href":"https:\/\/exlibris.ee\/en\/wp-json\/wp\/v2\/product\/44900","targetHints":{"allow":["GET"]}}],"collection":[{"href":"https:\/\/exlibris.ee\/en\/wp-json\/wp\/v2\/product"}],"about":[{"href":"https:\/\/exlibris.ee\/en\/wp-json\/wp\/v2\/types\/product"}],"wp:featuredmedia":[{"embeddable":true,"href":"https:\/\/exlibris.ee\/en\/wp-json\/wp\/v2\/media\/56554"}],"wp:attachment":[{"href":"https:\/\/exlibris.ee\/en\/wp-json\/wp\/v2\/media?parent=44900"}],"wp:term":[{"taxonomy":"product_brand","embeddable":true,"href":"https:\/\/exlibris.ee\/en\/wp-json\/wp\/v2\/product_brand?post=44900"},{"taxonomy":"product_cat","embeddable":true,"href":"https:\/\/exlibris.ee\/en\/wp-json\/wp\/v2\/product_cat?post=44900"},{"taxonomy":"product_tag","embeddable":true,"href":"https:\/\/exlibris.ee\/en\/wp-json\/wp\/v2\/product_tag?post=44900"},{"taxonomy":"series","embeddable":true,"href":"https:\/\/exlibris.ee\/en\/wp-json\/wp\/v2\/series?post=44900"},{"taxonomy":"publisher","embeddable":true,"href":"https:\/\/exlibris.ee\/en\/wp-json\/wp\/v2\/publisher?post=44900"}],"curies":[{"name":"wp","href":"https:\/\/api.w.org\/{rel}","templated":true}]}}