{"id":44901,"date":"2023-05-12T11:19:28","date_gmt":"2023-05-12T08:19:28","guid":{"rendered":"https:\/\/exlibris.ee\/toode\/planet-plus-a2-1-digitalisiertes-kursbuch\/"},"modified":"2026-04-06T09:12:48","modified_gmt":"2026-04-06T06:12:48","slug":"planet-plus-a2-1-digitalisiertes-kursbuch","status":"publish","type":"product","link":"https:\/\/exlibris.ee\/en\/product\/planet-plus-a2-1-digitalisiertes-kursbuch\/","title":{"rendered":"Planet Plus A2.1 \u2013 Interaktive digitale Ausgabe  Deutsch f\u00fcr Jugendliche \/ Digitalisiertes Arbeitsbuch mit integrierten Audiodateien und interaktiven \u00dcbungen"},"content":{"rendered":"<p>Eine Vielzahl der Aufgaben k\u00f6nnen auch als interaktive \u00dcbungen online gel\u00f6st werden. Das bew\u00e4hrte Konzept von Planet \u2013 in neuem Gewand! &#8211; Ein neues, modernes, jugendgerechtes Layout, mehr Fotos, neue Textsorten (z. B. Chat), neue Texte, neue Illustrationen. &#8211; Wiederkehrende Symbole, Farben und eine Extra-Spalte machen die Orientierung im Lehrwerk und die Vermittlung der Lerninhalte einfacher. &#8211; Ausgewiesenes Schreib- und Lesetraining und Grammatik zum Selbstentdecken im Arbeitsbuch &#8211; Gesamter Lernwortschatz als Liste &#8211; illustriert und kontextualisiert &#8211; Inklusive H\u00f6rdateien im Format MP3.<\/p>\n","protected":false},"excerpt":{"rendered":"<p>Eine Vielzahl der Aufgaben k\u00f6nnen auch als interaktive \u00dcbungen online gel\u00f6st werden. Das bew\u00e4hrte Konzept von Planet \u2013 in neuem Gewand! &#8211; Ein neues, modernes, jugendgerechtes Layout, mehr Fotos, neue Textsorten (z. B. Chat), neue Texte, neue Illustrationen. &#8211; Wiederkehrende&#8230;<\/p>\n","protected":false},"featured_media":56557,"template":"","meta":{"_acf_changed":false,"inline_featured_image":false},"product_brand":[],"product_cat":[477],"product_tag":[],"series":[{"id":534,"name":"Planet Plus A2.1","slug":"planet-plus-a2-1"}],"publisher":[{"id":497,"name":"Hueber Verlag","slug":"hueber-verlag"}],"class_list":{"0":"post-44901","1":"product","2":"type-product","3":"status-publish","4":"has-post-thumbnail","6":"product_cat-lehrwerke-fur-jugendliche","7":"series-planet-plus-a2-1","8":"publisher-hueber-verlag","10":"first","11":"onbackorder","12":"taxable","13":"shipping-taxable","14":"purchasable","15":"product-type-simple"},"acf":[],"_links":{"self":[{"href":"https:\/\/exlibris.ee\/en\/wp-json\/wp\/v2\/product\/44901","targetHints":{"allow":["GET"]}}],"collection":[{"href":"https:\/\/exlibris.ee\/en\/wp-json\/wp\/v2\/product"}],"about":[{"href":"https:\/\/exlibris.ee\/en\/wp-json\/wp\/v2\/types\/product"}],"wp:featuredmedia":[{"embeddable":true,"href":"https:\/\/exlibris.ee\/en\/wp-json\/wp\/v2\/media\/56557"}],"wp:attachment":[{"href":"https:\/\/exlibris.ee\/en\/wp-json\/wp\/v2\/media?parent=44901"}],"wp:term":[{"taxonomy":"product_brand","embeddable":true,"href":"https:\/\/exlibris.ee\/en\/wp-json\/wp\/v2\/product_brand?post=44901"},{"taxonomy":"product_cat","embeddable":true,"href":"https:\/\/exlibris.ee\/en\/wp-json\/wp\/v2\/product_cat?post=44901"},{"taxonomy":"product_tag","embeddable":true,"href":"https:\/\/exlibris.ee\/en\/wp-json\/wp\/v2\/product_tag?post=44901"},{"taxonomy":"series","embeddable":true,"href":"https:\/\/exlibris.ee\/en\/wp-json\/wp\/v2\/series?post=44901"},{"taxonomy":"publisher","embeddable":true,"href":"https:\/\/exlibris.ee\/en\/wp-json\/wp\/v2\/publisher?post=44901"}],"curies":[{"name":"wp","href":"https:\/\/api.w.org\/{rel}","templated":true}]}}