{"id":44906,"date":"2023-05-12T11:19:30","date_gmt":"2023-05-12T08:19:30","guid":{"rendered":"https:\/\/exlibris.ee\/toode\/deutsch-fur-besserwisser-a2-typische-fehler-verstehen-und-vermeiden-pdf-mp3-download\/"},"modified":"2026-04-14T19:25:24","modified_gmt":"2026-04-14T16:25:24","slug":"deutsch-fur-besserwisser-a2-typische-fehler-verstehen-und-vermeiden-pdf-mp3-download","status":"publish","type":"product","link":"https:\/\/exlibris.ee\/en\/product\/deutsch-fur-besserwisser-a2-typische-fehler-verstehen-und-vermeiden-pdf-mp3-download\/","title":{"rendered":"Deutsch f\u00fcr Besserwisser A2  Typische Fehler verstehen und vermeiden  \/ PDF\/MP3-Download"},"content":{"rendered":"<p>Deutsch f\u00fcr Besserwisser A2&#8243; behandelt typische Schwierigkeiten und h\u00e4ufige Fehlerquellen der deutschen Sprache. Durch abwechslungsreiche \u00dcbungen (Zuordnungs\u00fcbungen, L\u00fcckentexte, Satzbildungs\u00fcbungen u.v.m.), didaktisch sinnvolle, lernf\u00f6rdernde Illustrationen sowie situationsbezogene landeskundliche und interkulturelle Zusatzinformationen werden Sie optimal auf Pr\u00fcfungen der Niveaustufe A2 vorbereitet. H\u00f6rverst\u00e4ndnis-\u00dcbungen stehen im Format MP3 zur Verf\u00fcgung.<\/p>\n","protected":false},"excerpt":{"rendered":"<p>Deutsch f\u00fcr Besserwisser A2&#8243; behandelt typische Schwierigkeiten und h\u00e4ufige Fehlerquellen der deutschen Sprache. Durch abwechslungsreiche \u00dcbungen (Zuordnungs\u00fcbungen, L\u00fcckentexte, Satzbildungs\u00fcbungen u.v.m.), didaktisch sinnvolle, lernf\u00f6rdernde Illustrationen sowie situationsbezogene landeskundliche und interkulturelle Zusatzinformationen werden Sie optimal auf Pr\u00fcfungen der Niveaustufe A2 vorbereitet. H\u00f6rverst\u00e4ndnis-\u00dcbungen&#8230;<\/p>\n","protected":false},"featured_media":56584,"template":"","meta":{"_acf_changed":false,"inline_featured_image":false},"product_brand":[],"product_cat":[480],"product_tag":[],"series":[{"id":962,"name":"Deutsch f\u00fcr Besserwisser","slug":"deutsch-fur-besserwisser"}],"publisher":[{"id":497,"name":"Hueber Verlag","slug":"hueber-verlag"}],"class_list":{"0":"post-44906","1":"product","2":"type-product","3":"status-publish","4":"has-post-thumbnail","6":"product_cat-grammatiken","7":"series-deutsch-fur-besserwisser","8":"publisher-hueber-verlag","10":"first","11":"onbackorder","12":"taxable","13":"shipping-taxable","14":"purchasable","15":"product-type-simple"},"acf":[],"_links":{"self":[{"href":"https:\/\/exlibris.ee\/en\/wp-json\/wp\/v2\/product\/44906","targetHints":{"allow":["GET"]}}],"collection":[{"href":"https:\/\/exlibris.ee\/en\/wp-json\/wp\/v2\/product"}],"about":[{"href":"https:\/\/exlibris.ee\/en\/wp-json\/wp\/v2\/types\/product"}],"wp:featuredmedia":[{"embeddable":true,"href":"https:\/\/exlibris.ee\/en\/wp-json\/wp\/v2\/media\/56584"}],"wp:attachment":[{"href":"https:\/\/exlibris.ee\/en\/wp-json\/wp\/v2\/media?parent=44906"}],"wp:term":[{"taxonomy":"product_brand","embeddable":true,"href":"https:\/\/exlibris.ee\/en\/wp-json\/wp\/v2\/product_brand?post=44906"},{"taxonomy":"product_cat","embeddable":true,"href":"https:\/\/exlibris.ee\/en\/wp-json\/wp\/v2\/product_cat?post=44906"},{"taxonomy":"product_tag","embeddable":true,"href":"https:\/\/exlibris.ee\/en\/wp-json\/wp\/v2\/product_tag?post=44906"},{"taxonomy":"series","embeddable":true,"href":"https:\/\/exlibris.ee\/en\/wp-json\/wp\/v2\/series?post=44906"},{"taxonomy":"publisher","embeddable":true,"href":"https:\/\/exlibris.ee\/en\/wp-json\/wp\/v2\/publisher?post=44906"}],"curies":[{"name":"wp","href":"https:\/\/api.w.org\/{rel}","templated":true}]}}