{"id":44907,"date":"2023-05-12T11:19:30","date_gmt":"2023-05-12T08:19:30","guid":{"rendered":"https:\/\/exlibris.ee\/toode\/bildworterbuch-deutsch-neu-die-1000-wichtigsten-worter-in-bildern-erklart-pdf-download\/"},"modified":"2026-04-05T15:31:32","modified_gmt":"2026-04-05T12:31:32","slug":"bildworterbuch-deutsch-neu-die-1000-wichtigsten-worter-in-bildern-erklart-pdf-download","status":"publish","type":"product","link":"https:\/\/exlibris.ee\/en\/product\/bildworterbuch-deutsch-neu-die-1000-wichtigsten-worter-in-bildern-erklart-pdf-download\/","title":{"rendered":"Bildw\u00f6rterbuch Deutsch neu  Die 1000 wichtigsten W\u00f6rter in Bildern erkl\u00e4rt \/ PDF-Download"},"content":{"rendered":"<p>Das Bildw\u00f6rterbuch Deutsch Neu enth\u00e4lt jetzt auch ein Register in Arabisch und Farsi.Das Bildw\u00f6rterbuch richtet sich an Lernende, die sich im Alltag auf Deutsch verst\u00e4ndigen m\u00fcssen und Defizite beim Lesen und Schreiben der lateinischen Schrift haben. Es eignet sich besonders f\u00fcr Teilnehmer\/innen von Alphabetisierungskursen und Zuwanderer\/innen, die zwar bereits ein Schriftsystem kennen, aber nun das lateinische Alphabet erlernen m\u00fcssen. Das Bildw\u00f6rterbuch Deutsch Neu enth\u00e4lt 1000 thematisch geordnete Stichw\u00f6rter auf Niveau A1, die in Bild und Schrift dargestellt werden. Die insgesamt 29 Kapitel behandeln u. a. Adjektive, Nomen und Verben sowie Themen wie Arbeit, Familie und Freunde, Essen und Trinken, Einkaufen und Geld, Sport und Freizeit und die Uhrzeit. Zusammen mit dem mehrsprachigen Stichwortregister (Deutsch, Arabisch, Englisch, Farsi, Franz\u00f6sisch, Italienisch, Polnisch, Russisch, Spanisch und T\u00fcrkisch) im hinteren Teil des Buches ergibt sich f\u00fcr die Lernenden ein komplettes Lern- und Nachschlagesystem. Laden Sie sich zum Buch kostenlos im Hueber Audioservice die vertonten Stichw\u00f6rter herunter. Ein Leitfaden f\u00fcr (ehrenamtlich) Unterrichtende steht als kostenloser PDF-Download zur Verf\u00fcgung.<\/p>\n","protected":false},"excerpt":{"rendered":"<p>Das Bildw\u00f6rterbuch Deutsch Neu enth\u00e4lt jetzt auch ein Register in Arabisch und Farsi.Das Bildw\u00f6rterbuch richtet sich an Lernende, die sich im Alltag auf Deutsch verst\u00e4ndigen m\u00fcssen und Defizite beim Lesen und Schreiben der lateinischen Schrift haben. Es eignet sich besonders&#8230;<\/p>\n","protected":false},"featured_media":56587,"template":"","meta":{"_acf_changed":false,"inline_featured_image":false},"product_brand":[],"product_cat":[883],"product_tag":[],"series":[{"id":996,"name":"Bildw\u00f6rterbuch Deutsch neu","slug":"bildworterbuch-deutsch-neu"}],"publisher":[{"id":497,"name":"Hueber Verlag","slug":"hueber-verlag"}],"class_list":{"0":"post-44907","1":"product","2":"type-product","3":"status-publish","4":"has-post-thumbnail","6":"product_cat-worterbucher","7":"series-bildworterbuch-deutsch-neu","8":"publisher-hueber-verlag","10":"first","11":"onbackorder","12":"taxable","13":"shipping-taxable","14":"purchasable","15":"product-type-simple"},"acf":[],"_links":{"self":[{"href":"https:\/\/exlibris.ee\/en\/wp-json\/wp\/v2\/product\/44907","targetHints":{"allow":["GET"]}}],"collection":[{"href":"https:\/\/exlibris.ee\/en\/wp-json\/wp\/v2\/product"}],"about":[{"href":"https:\/\/exlibris.ee\/en\/wp-json\/wp\/v2\/types\/product"}],"wp:featuredmedia":[{"embeddable":true,"href":"https:\/\/exlibris.ee\/en\/wp-json\/wp\/v2\/media\/56587"}],"wp:attachment":[{"href":"https:\/\/exlibris.ee\/en\/wp-json\/wp\/v2\/media?parent=44907"}],"wp:term":[{"taxonomy":"product_brand","embeddable":true,"href":"https:\/\/exlibris.ee\/en\/wp-json\/wp\/v2\/product_brand?post=44907"},{"taxonomy":"product_cat","embeddable":true,"href":"https:\/\/exlibris.ee\/en\/wp-json\/wp\/v2\/product_cat?post=44907"},{"taxonomy":"product_tag","embeddable":true,"href":"https:\/\/exlibris.ee\/en\/wp-json\/wp\/v2\/product_tag?post=44907"},{"taxonomy":"series","embeddable":true,"href":"https:\/\/exlibris.ee\/en\/wp-json\/wp\/v2\/series?post=44907"},{"taxonomy":"publisher","embeddable":true,"href":"https:\/\/exlibris.ee\/en\/wp-json\/wp\/v2\/publisher?post=44907"}],"curies":[{"name":"wp","href":"https:\/\/api.w.org\/{rel}","templated":true}]}}