{"id":44910,"date":"2023-05-12T11:19:31","date_gmt":"2023-05-12T08:19:31","guid":{"rendered":"https:\/\/exlibris.ee\/toode\/delfin-arbeitsbuch-teil-2-lektionen-11-20\/"},"modified":"2026-04-07T21:23:56","modified_gmt":"2026-04-07T18:23:56","slug":"delfin-arbeitsbuch-teil-2-lektionen-11-20","status":"publish","type":"product","link":"https:\/\/exlibris.ee\/en\/product\/delfin-arbeitsbuch-teil-2-lektionen-11-20\/","title":{"rendered":"Delfin   \/ Arbeitsbuch Teil 2 \u2013 Lektionen 11\u201320"},"content":{"rendered":"<p>Die Aufgaben im Arbeitsbuch zu Delfin k\u00f6nnen wahlweise im Unterricht durchgef\u00fchrt oder als kursbegleitende Selbstlernkomponente eingesetzt werden. Zusatzmaterialien wie Audio-CDs, L\u00f6sungen zum Arbeitsbuch, Glossare und Lehrerhandbuch siehe Delfin &#8211; Einb\u00e4ndige Ausgabe.<\/p>\n","protected":false},"excerpt":{"rendered":"<p>Die Aufgaben im Arbeitsbuch zu Delfin k\u00f6nnen wahlweise im Unterricht durchgef\u00fchrt oder als kursbegleitende Selbstlernkomponente eingesetzt werden. Zusatzmaterialien wie Audio-CDs, L\u00f6sungen zum Arbeitsbuch, Glossare und Lehrerhandbuch siehe Delfin &#8211; Einb\u00e4ndige Ausgabe.<\/p>\n","protected":false},"featured_media":56605,"template":"","meta":{"_acf_changed":false,"inline_featured_image":false},"product_brand":[],"product_cat":[538],"product_tag":[],"series":[{"id":945,"name":"Delfin","slug":"delfin"}],"publisher":[{"id":497,"name":"Hueber Verlag","slug":"hueber-verlag"}],"class_list":{"0":"post-44910","1":"product","2":"type-product","3":"status-publish","4":"has-post-thumbnail","6":"product_cat-lehrwerke-fur-erwachsene","7":"series-delfin","8":"publisher-hueber-verlag","10":"first","11":"instock","12":"taxable","13":"shipping-taxable","14":"purchasable","15":"product-type-simple"},"acf":[],"_links":{"self":[{"href":"https:\/\/exlibris.ee\/en\/wp-json\/wp\/v2\/product\/44910","targetHints":{"allow":["GET"]}}],"collection":[{"href":"https:\/\/exlibris.ee\/en\/wp-json\/wp\/v2\/product"}],"about":[{"href":"https:\/\/exlibris.ee\/en\/wp-json\/wp\/v2\/types\/product"}],"wp:featuredmedia":[{"embeddable":true,"href":"https:\/\/exlibris.ee\/en\/wp-json\/wp\/v2\/media\/56605"}],"wp:attachment":[{"href":"https:\/\/exlibris.ee\/en\/wp-json\/wp\/v2\/media?parent=44910"}],"wp:term":[{"taxonomy":"product_brand","embeddable":true,"href":"https:\/\/exlibris.ee\/en\/wp-json\/wp\/v2\/product_brand?post=44910"},{"taxonomy":"product_cat","embeddable":true,"href":"https:\/\/exlibris.ee\/en\/wp-json\/wp\/v2\/product_cat?post=44910"},{"taxonomy":"product_tag","embeddable":true,"href":"https:\/\/exlibris.ee\/en\/wp-json\/wp\/v2\/product_tag?post=44910"},{"taxonomy":"series","embeddable":true,"href":"https:\/\/exlibris.ee\/en\/wp-json\/wp\/v2\/series?post=44910"},{"taxonomy":"publisher","embeddable":true,"href":"https:\/\/exlibris.ee\/en\/wp-json\/wp\/v2\/publisher?post=44910"}],"curies":[{"name":"wp","href":"https:\/\/api.w.org\/{rel}","templated":true}]}}