{"id":44913,"date":"2023-05-12T11:19:31","date_gmt":"2023-05-12T08:19:31","guid":{"rendered":"https:\/\/exlibris.ee\/toode\/deutsch-ubungsbuch-grammatik-a1-a2-pdf-download\/"},"modified":"2026-04-07T03:33:35","modified_gmt":"2026-04-07T00:33:35","slug":"deutsch-ubungsbuch-grammatik-a1-a2-pdf-download","status":"publish","type":"product","link":"https:\/\/exlibris.ee\/en\/product\/deutsch-ubungsbuch-grammatik-a1-a2-pdf-download\/","title":{"rendered":"Deutsch \u00dcbungsbuch Grammatik A1\/A2  PDF-Download"},"content":{"rendered":"<p>Das gro\u00dfe \u00dcbungsbuch ist die ideale Erg\u00e4nzung zu allen Grammatiken und Lehrwerken. In rund 500 abwechslungsreichen, kreativen \u00dcbungen trainieren Sie Grammatik, Idiomatik und den korrekten Wortgebrauch. \u2022 Grammatikvermittlung in kleinen, leicht einpr\u00e4gsamen Bl\u00f6cken sowie in Form von Info-K\u00e4sten \u2022 allt\u00e4gliche Themen aus allen Lebensbereichen \u2022 Gliederung nach grammatischen Gesichtspunkten f\u00fcr schnelle \u00dcbungsauswahl \u2022 vierfarbig mit unterhaltsamen Illustrationen und Fotos.<\/p>\n","protected":false},"excerpt":{"rendered":"<p>Das gro\u00dfe \u00dcbungsbuch ist die ideale Erg\u00e4nzung zu allen Grammatiken und Lehrwerken. In rund 500 abwechslungsreichen, kreativen \u00dcbungen trainieren Sie Grammatik, Idiomatik und den korrekten Wortgebrauch. \u2022 Grammatikvermittlung in kleinen, leicht einpr\u00e4gsamen Bl\u00f6cken sowie in Form von Info-K\u00e4sten \u2022 allt\u00e4gliche&#8230;<\/p>\n","protected":false},"featured_media":56614,"template":"","meta":{"_acf_changed":false,"inline_featured_image":false},"product_brand":[],"product_cat":[480],"product_tag":[],"series":[{"id":974,"name":"Deutsch \u00dcbungsbuch Grammatik","slug":"deutsch-ubungsbuch-grammatik"}],"publisher":[{"id":497,"name":"Hueber Verlag","slug":"hueber-verlag"}],"class_list":{"0":"post-44913","1":"product","2":"type-product","3":"status-publish","4":"has-post-thumbnail","6":"product_cat-grammatiken","7":"series-deutsch-ubungsbuch-grammatik","8":"publisher-hueber-verlag","10":"first","11":"onbackorder","12":"taxable","13":"shipping-taxable","14":"purchasable","15":"product-type-simple"},"acf":[],"_links":{"self":[{"href":"https:\/\/exlibris.ee\/en\/wp-json\/wp\/v2\/product\/44913","targetHints":{"allow":["GET"]}}],"collection":[{"href":"https:\/\/exlibris.ee\/en\/wp-json\/wp\/v2\/product"}],"about":[{"href":"https:\/\/exlibris.ee\/en\/wp-json\/wp\/v2\/types\/product"}],"wp:featuredmedia":[{"embeddable":true,"href":"https:\/\/exlibris.ee\/en\/wp-json\/wp\/v2\/media\/56614"}],"wp:attachment":[{"href":"https:\/\/exlibris.ee\/en\/wp-json\/wp\/v2\/media?parent=44913"}],"wp:term":[{"taxonomy":"product_brand","embeddable":true,"href":"https:\/\/exlibris.ee\/en\/wp-json\/wp\/v2\/product_brand?post=44913"},{"taxonomy":"product_cat","embeddable":true,"href":"https:\/\/exlibris.ee\/en\/wp-json\/wp\/v2\/product_cat?post=44913"},{"taxonomy":"product_tag","embeddable":true,"href":"https:\/\/exlibris.ee\/en\/wp-json\/wp\/v2\/product_tag?post=44913"},{"taxonomy":"series","embeddable":true,"href":"https:\/\/exlibris.ee\/en\/wp-json\/wp\/v2\/series?post=44913"},{"taxonomy":"publisher","embeddable":true,"href":"https:\/\/exlibris.ee\/en\/wp-json\/wp\/v2\/publisher?post=44913"}],"curies":[{"name":"wp","href":"https:\/\/api.w.org\/{rel}","templated":true}]}}