{"id":44933,"date":"2023-05-12T11:19:35","date_gmt":"2023-05-12T08:19:35","guid":{"rendered":"https:\/\/exlibris.ee\/toode\/alltag-beruf-co-1-worterlernheft\/"},"modified":"2026-04-07T03:34:40","modified_gmt":"2026-04-07T00:34:40","slug":"alltag-beruf-co-1-worterlernheft","status":"publish","type":"product","link":"https:\/\/exlibris.ee\/en\/product\/alltag-beruf-co-1-worterlernheft\/","title":{"rendered":"Alltag, Beruf &amp; Co. 1  W\u00f6rterlernheft"},"content":{"rendered":"<p>W\u00f6rterheft zum Lernwortschatz des Kurs-\/Arbeitsbuchs Jede Seite ist in 4 Spalten aufgeteilt: &#8211; Stichw\u00f6rter &#8211; Beispiels\u00e4tze zu den Stichw\u00f6rtern &#8211; L\u00fccken\u00fcbungen &#8211; Schreiblinien zum Eintragen der \u00dcbersetzung.<\/p>\n","protected":false},"excerpt":{"rendered":"<p>W\u00f6rterheft zum Lernwortschatz des Kurs-\/Arbeitsbuchs Jede Seite ist in 4 Spalten aufgeteilt: &#8211; Stichw\u00f6rter &#8211; Beispiels\u00e4tze zu den Stichw\u00f6rtern &#8211; L\u00fccken\u00fcbungen &#8211; Schreiblinien zum Eintragen der \u00dcbersetzung.<\/p>\n","protected":false},"featured_media":56731,"template":"","meta":{"_acf_changed":false,"inline_featured_image":false},"product_brand":[],"product_cat":[897],"product_tag":[],"series":[{"id":994,"name":"Alltag, Beruf &amp; Co. 1","slug":"alltag-beruf-co-1"}],"publisher":[{"id":497,"name":"Hueber Verlag","slug":"hueber-verlag"}],"class_list":{"0":"post-44933","1":"product","2":"type-product","3":"status-publish","4":"has-post-thumbnail","6":"product_cat-keeleope-leiunurk","7":"series-alltag-beruf-co-1","8":"publisher-hueber-verlag","10":"first","11":"instock","12":"taxable","13":"shipping-taxable","14":"purchasable","15":"product-type-simple"},"acf":[],"_links":{"self":[{"href":"https:\/\/exlibris.ee\/en\/wp-json\/wp\/v2\/product\/44933","targetHints":{"allow":["GET"]}}],"collection":[{"href":"https:\/\/exlibris.ee\/en\/wp-json\/wp\/v2\/product"}],"about":[{"href":"https:\/\/exlibris.ee\/en\/wp-json\/wp\/v2\/types\/product"}],"wp:featuredmedia":[{"embeddable":true,"href":"https:\/\/exlibris.ee\/en\/wp-json\/wp\/v2\/media\/56731"}],"wp:attachment":[{"href":"https:\/\/exlibris.ee\/en\/wp-json\/wp\/v2\/media?parent=44933"}],"wp:term":[{"taxonomy":"product_brand","embeddable":true,"href":"https:\/\/exlibris.ee\/en\/wp-json\/wp\/v2\/product_brand?post=44933"},{"taxonomy":"product_cat","embeddable":true,"href":"https:\/\/exlibris.ee\/en\/wp-json\/wp\/v2\/product_cat?post=44933"},{"taxonomy":"product_tag","embeddable":true,"href":"https:\/\/exlibris.ee\/en\/wp-json\/wp\/v2\/product_tag?post=44933"},{"taxonomy":"series","embeddable":true,"href":"https:\/\/exlibris.ee\/en\/wp-json\/wp\/v2\/series?post=44933"},{"taxonomy":"publisher","embeddable":true,"href":"https:\/\/exlibris.ee\/en\/wp-json\/wp\/v2\/publisher?post=44933"}],"curies":[{"name":"wp","href":"https:\/\/api.w.org\/{rel}","templated":true}]}}