{"id":44942,"date":"2023-05-12T11:19:37","date_gmt":"2023-05-12T08:19:37","guid":{"rendered":"https:\/\/exlibris.ee\/toode\/starten-wir-a1-digitalisiertes-kursbuch\/"},"modified":"2026-04-24T01:48:46","modified_gmt":"2026-04-23T22:48:46","slug":"starten-wir-a1-digitalisiertes-kursbuch","status":"publish","type":"product","link":"https:\/\/exlibris.ee\/en\/product\/starten-wir-a1-digitalisiertes-kursbuch\/","title":{"rendered":"Starten wir! A1 &#8211; Interaktive digitale Ausgabe  Digitalisiertes Kursbuch mit integrierten Audio- und Videodateien und interaktiven \u00dcbungen"},"content":{"rendered":"<p>Digitales Kursbuch mit integrierten Audio- und Videodateien und zahlreichen interaktiven \u00dcbungen Starten wir! ist geeignet f\u00fcr Lernende ohne Vorkenntnisse. &#8211; f\u00fcr ca. 80 Unterrichtseinheiten pro Niveaustufe &#8211; klare Struktur mit Doppelseiten f\u00fcr je 2 Unterrichtseinheiten: gut portionierbar f\u00fcr alle g\u00e4ngigen Kurstypen &#8211; kleinschrittiger Aufbau &#8211; thematisch aufgebaute Lektionen &#8211; emotionale Einstiegsseite in jede Lektion &#8211; moderne Textsorten, die den Lebensstil junger und mobiler Menschen thematisieren &#8211; leicht und auch ohne Lehrerhandbuch zu unterrichten: Arbeitsanleitungen mit Angaben zur Sozialform &#8211; bew\u00e4hrte \u00dcbungstypen mit detaillierten und leicht verst\u00e4ndlichen Arbeitsanleitungen &#8211; eingebaute Wiederholungsschleifen zu Beginn jeder Doppelstunde mit dem Einstieg \u201eStarten wir!\u201c &#8211; taskorientierter Ansatz: am Ende jeder Doppelseite sorgt eine Mini-Task bzw. Handlungsaufgabe f\u00fcr eine hohe Motivation &#8211; lexikalischer Ansatz: Lernen von Chunks und die Entwicklung von Wortfeldern. &#8211; induktive Grammatik: klar und einfach &#8211; \u201eXtra Lesen\u201c: Lesetexte mit \u00dcbungen am Ende jeder Lektion &#8211; bietet ausgewiesene Portfolio-Aufgaben (Dossier). &#8211; f\u00f6rdert den handlungsorientierten Einsatz von mobilen Endger\u00e4ten wie Smartphones und Tablets.<\/p>\n","protected":false},"excerpt":{"rendered":"<p>Digitales Kursbuch mit integrierten Audio- und Videodateien und zahlreichen interaktiven \u00dcbungen Starten wir! ist geeignet f\u00fcr Lernende ohne Vorkenntnisse. &#8211; f\u00fcr ca. 80 Unterrichtseinheiten pro Niveaustufe &#8211; klare Struktur mit Doppelseiten f\u00fcr je 2 Unterrichtseinheiten: gut portionierbar f\u00fcr alle g\u00e4ngigen&#8230;<\/p>\n","protected":false},"featured_media":56785,"template":"","meta":{"_acf_changed":false,"inline_featured_image":false},"product_brand":[],"product_cat":[1121],"product_tag":[],"series":[{"id":552,"name":"Starten Wir! A1","slug":"starten-wir-a1"}],"publisher":[{"id":497,"name":"Hueber Verlag","slug":"hueber-verlag"}],"class_list":{"0":"post-44942","1":"product","2":"type-product","3":"status-publish","4":"has-post-thumbnail","6":"product_cat-lehrwerke-fur-jugendliche-und-erwachsene","7":"series-starten-wir-a1","8":"publisher-hueber-verlag","10":"first","11":"onbackorder","12":"taxable","13":"shipping-taxable","14":"purchasable","15":"product-type-simple"},"acf":[],"_links":{"self":[{"href":"https:\/\/exlibris.ee\/en\/wp-json\/wp\/v2\/product\/44942","targetHints":{"allow":["GET"]}}],"collection":[{"href":"https:\/\/exlibris.ee\/en\/wp-json\/wp\/v2\/product"}],"about":[{"href":"https:\/\/exlibris.ee\/en\/wp-json\/wp\/v2\/types\/product"}],"wp:featuredmedia":[{"embeddable":true,"href":"https:\/\/exlibris.ee\/en\/wp-json\/wp\/v2\/media\/56785"}],"wp:attachment":[{"href":"https:\/\/exlibris.ee\/en\/wp-json\/wp\/v2\/media?parent=44942"}],"wp:term":[{"taxonomy":"product_brand","embeddable":true,"href":"https:\/\/exlibris.ee\/en\/wp-json\/wp\/v2\/product_brand?post=44942"},{"taxonomy":"product_cat","embeddable":true,"href":"https:\/\/exlibris.ee\/en\/wp-json\/wp\/v2\/product_cat?post=44942"},{"taxonomy":"product_tag","embeddable":true,"href":"https:\/\/exlibris.ee\/en\/wp-json\/wp\/v2\/product_tag?post=44942"},{"taxonomy":"series","embeddable":true,"href":"https:\/\/exlibris.ee\/en\/wp-json\/wp\/v2\/series?post=44942"},{"taxonomy":"publisher","embeddable":true,"href":"https:\/\/exlibris.ee\/en\/wp-json\/wp\/v2\/publisher?post=44942"}],"curies":[{"name":"wp","href":"https:\/\/api.w.org\/{rel}","templated":true}]}}