{"id":44955,"date":"2023-05-12T11:19:39","date_gmt":"2023-05-12T08:19:39","guid":{"rendered":"https:\/\/exlibris.ee\/toode\/campus-deutsch-prasentieren-und-diskutieren-kursbuch-mit-cd-rom-mp3-audiodateien-und-video-clips\/"},"modified":"2026-04-05T15:33:03","modified_gmt":"2026-04-05T12:33:03","slug":"campus-deutsch-prasentieren-und-diskutieren-kursbuch-mit-cd-rom-mp3-audiodateien-und-video-clips","status":"publish","type":"product","link":"https:\/\/exlibris.ee\/en\/product\/campus-deutsch-prasentieren-und-diskutieren-kursbuch-mit-cd-rom-mp3-audiodateien-und-video-clips\/","title":{"rendered":"Campus Deutsch &#8211; Pr\u00e4sentieren und Diskutieren  Kursbuch mit CD-ROM (MP3-Audiodateien und Video-Clips)"},"content":{"rendered":"<p>Sachgerechtes und fesselndes Pr\u00e4sentieren von wissenschaftlichen Inhalten sowie \u00fcberzeugendes Diskutieren. Die L\u00f6sungen stehen als kostenloser Download im Lehrwerkservice zur Verf\u00fcgung. Kostenlose Hueber Media-App im Google Play Store und im App Store verf\u00fcgbar zum Abrufen der H\u00f6rtexte und Videos auf Smartphone oder Tablet-PC.<\/p>\n","protected":false},"excerpt":{"rendered":"<p>Sachgerechtes und fesselndes Pr\u00e4sentieren von wissenschaftlichen Inhalten sowie \u00fcberzeugendes Diskutieren. Die L\u00f6sungen stehen als kostenloser Download im Lehrwerkservice zur Verf\u00fcgung. Kostenlose Hueber Media-App im Google Play Store und im App Store verf\u00fcgbar zum Abrufen der H\u00f6rtexte und Videos auf Smartphone&#8230;<\/p>\n","protected":false},"featured_media":56869,"template":"","meta":{"_acf_changed":false,"inline_featured_image":false},"product_brand":[],"product_cat":[558],"product_tag":[],"series":[{"id":559,"name":"Campus Deutsch","slug":"campus-deutsch"}],"publisher":[{"id":497,"name":"Hueber Verlag","slug":"hueber-verlag"}],"class_list":{"0":"post-44955","1":"product","2":"type-product","3":"status-publish","4":"has-post-thumbnail","6":"product_cat-deutsch-uben","7":"series-campus-deutsch","8":"publisher-hueber-verlag","10":"first","11":"instock","12":"taxable","13":"shipping-taxable","14":"purchasable","15":"product-type-simple"},"acf":[],"_links":{"self":[{"href":"https:\/\/exlibris.ee\/en\/wp-json\/wp\/v2\/product\/44955","targetHints":{"allow":["GET"]}}],"collection":[{"href":"https:\/\/exlibris.ee\/en\/wp-json\/wp\/v2\/product"}],"about":[{"href":"https:\/\/exlibris.ee\/en\/wp-json\/wp\/v2\/types\/product"}],"wp:featuredmedia":[{"embeddable":true,"href":"https:\/\/exlibris.ee\/en\/wp-json\/wp\/v2\/media\/56869"}],"wp:attachment":[{"href":"https:\/\/exlibris.ee\/en\/wp-json\/wp\/v2\/media?parent=44955"}],"wp:term":[{"taxonomy":"product_brand","embeddable":true,"href":"https:\/\/exlibris.ee\/en\/wp-json\/wp\/v2\/product_brand?post=44955"},{"taxonomy":"product_cat","embeddable":true,"href":"https:\/\/exlibris.ee\/en\/wp-json\/wp\/v2\/product_cat?post=44955"},{"taxonomy":"product_tag","embeddable":true,"href":"https:\/\/exlibris.ee\/en\/wp-json\/wp\/v2\/product_tag?post=44955"},{"taxonomy":"series","embeddable":true,"href":"https:\/\/exlibris.ee\/en\/wp-json\/wp\/v2\/series?post=44955"},{"taxonomy":"publisher","embeddable":true,"href":"https:\/\/exlibris.ee\/en\/wp-json\/wp\/v2\/publisher?post=44955"}],"curies":[{"name":"wp","href":"https:\/\/api.w.org\/{rel}","templated":true}]}}