{"id":44987,"date":"2023-05-12T11:19:56","date_gmt":"2023-05-12T08:19:56","guid":{"rendered":"https:\/\/exlibris.ee\/toode\/deutsch-in-der-pflege-russisch-pdf-mp3-download\/"},"modified":"2026-04-05T15:33:58","modified_gmt":"2026-04-05T12:33:58","slug":"deutsch-in-der-pflege-russisch-pdf-mp3-download","status":"publish","type":"product","link":"https:\/\/exlibris.ee\/en\/product\/deutsch-in-der-pflege-russisch-pdf-mp3-download\/","title":{"rendered":"Deutsch in der Pflege  Russisch \/ PDF\/MP3-Download"},"content":{"rendered":"<p>Der handliche Berufssprachf\u00fchrer Deutsch in Handel und Verkauf im robusten Flexcover bietet die M\u00f6glichkeit, deutsche Vokabeln und Redemittel f\u00fcr typische Berufssituationen einzu\u00fcben oder sie schnell nachzuschlagen. Deutsch in Handel und Verkauf wendet sich prim\u00e4r an englische, franz\u00f6sische, italienische und russische Muttersprachler. Das Buch enth\u00e4lt neben den Redemitteln auch eine einsprachige Deutsch-Grammatik und ein kleines Fachw\u00f6rterbuch Deutsch mit phonetischen Transkribierungen und \u00dcbersetzungen in alle vier Muttersprachen. F\u00fcr jede dieser Sprachen gibt es einen kostenlosen MP3-Download, der alle S\u00e4tze vertont in Deutsch und als \u00dcbersetzung bereitstellt. Diesen erhalten Sie im Hueber Audioservice. Behandelte Themen u. a.: &#8211; Kundenkontakt aufnehmen &#8211; Kundenw\u00fcnsche entgegennehmen und Bedarf ermitteln &#8211; Produktpr\u00e4sentation &#8211; Preisnennung &#8211; Kundeneinw\u00e4nde managen &#8211; Kaufabschluss &#8211; Bestellungen und Auftr\u00e4ge &#8211; Reklamationen &#8211; Telefongespr\u00e4che u. v. m.<\/p>\n","protected":false},"excerpt":{"rendered":"<p>Der handliche Berufssprachf\u00fchrer Deutsch in Handel und Verkauf im robusten Flexcover bietet die M\u00f6glichkeit, deutsche Vokabeln und Redemittel f\u00fcr typische Berufssituationen einzu\u00fcben oder sie schnell nachzuschlagen. Deutsch in Handel und Verkauf wendet sich prim\u00e4r an englische, franz\u00f6sische, italienische und russische&#8230;<\/p>\n","protected":false},"featured_media":57106,"template":"","meta":{"_acf_changed":false,"inline_featured_image":false},"product_brand":[],"product_cat":[885],"product_tag":[],"series":[{"id":960,"name":"Deutsch in der Pflege","slug":"deutsch-in-der-pflege"}],"publisher":[{"id":497,"name":"Hueber Verlag","slug":"hueber-verlag"}],"class_list":{"0":"post-44987","1":"product","2":"type-product","3":"status-publish","4":"has-post-thumbnail","6":"product_cat-berufssprache","7":"series-deutsch-in-der-pflege","8":"publisher-hueber-verlag","10":"first","11":"onbackorder","12":"taxable","13":"shipping-taxable","14":"purchasable","15":"product-type-simple"},"acf":[],"_links":{"self":[{"href":"https:\/\/exlibris.ee\/en\/wp-json\/wp\/v2\/product\/44987","targetHints":{"allow":["GET"]}}],"collection":[{"href":"https:\/\/exlibris.ee\/en\/wp-json\/wp\/v2\/product"}],"about":[{"href":"https:\/\/exlibris.ee\/en\/wp-json\/wp\/v2\/types\/product"}],"wp:featuredmedia":[{"embeddable":true,"href":"https:\/\/exlibris.ee\/en\/wp-json\/wp\/v2\/media\/57106"}],"wp:attachment":[{"href":"https:\/\/exlibris.ee\/en\/wp-json\/wp\/v2\/media?parent=44987"}],"wp:term":[{"taxonomy":"product_brand","embeddable":true,"href":"https:\/\/exlibris.ee\/en\/wp-json\/wp\/v2\/product_brand?post=44987"},{"taxonomy":"product_cat","embeddable":true,"href":"https:\/\/exlibris.ee\/en\/wp-json\/wp\/v2\/product_cat?post=44987"},{"taxonomy":"product_tag","embeddable":true,"href":"https:\/\/exlibris.ee\/en\/wp-json\/wp\/v2\/product_tag?post=44987"},{"taxonomy":"series","embeddable":true,"href":"https:\/\/exlibris.ee\/en\/wp-json\/wp\/v2\/series?post=44987"},{"taxonomy":"publisher","embeddable":true,"href":"https:\/\/exlibris.ee\/en\/wp-json\/wp\/v2\/publisher?post=44987"}],"curies":[{"name":"wp","href":"https:\/\/api.w.org\/{rel}","templated":true}]}}