{"id":44988,"date":"2023-05-12T11:19:56","date_gmt":"2023-05-12T08:19:56","guid":{"rendered":"https:\/\/exlibris.ee\/toode\/deutsch-in-der-gastronomie-und-hotellerie-russisch-pdf-mp3-download\/"},"modified":"2026-04-19T11:59:40","modified_gmt":"2026-04-19T08:59:40","slug":"deutsch-in-der-gastronomie-und-hotellerie-russisch-pdf-mp3-download","status":"publish","type":"product","link":"https:\/\/exlibris.ee\/en\/product\/deutsch-in-der-gastronomie-und-hotellerie-russisch-pdf-mp3-download\/","title":{"rendered":"Deutsch in der Gastronomie und Hotellerie  Russisch \/ PDF\/MP3-Download"},"content":{"rendered":"<p>Der Berufssprachf\u00fchrer &#8220;Deutsch in der Gastronomie und Hotellerie&#8221; f\u00fcr russische Muttersprachler bietet die M\u00f6glichkeit, deutsche Vokabeln und Redemittel f\u00fcr typische Berufssituationen in Restaurant oder Hotel einzu\u00fcben oder sie schnell nachzuschlagen. Es werden u. a. folgende Themen behandelt: Vorstellungsgespr\u00e4ch, Hotel und Restaurant allgemein, Empfang, Fr\u00fchst\u00fccksservice, die Bar, in der K\u00fcche, Housekeeping und Etage etc. Alle S\u00e4tze sind in Form von MP3-Dateien auf Deutsch und auf Russisch vertont.<\/p>\n","protected":false},"excerpt":{"rendered":"<p>Der Berufssprachf\u00fchrer &#8220;Deutsch in der Gastronomie und Hotellerie&#8221; f\u00fcr russische Muttersprachler bietet die M\u00f6glichkeit, deutsche Vokabeln und Redemittel f\u00fcr typische Berufssituationen in Restaurant oder Hotel einzu\u00fcben oder sie schnell nachzuschlagen. Es werden u. a. folgende Themen behandelt: Vorstellungsgespr\u00e4ch, Hotel und&#8230;<\/p>\n","protected":false},"featured_media":57109,"template":"","meta":{"_acf_changed":false,"inline_featured_image":false},"product_brand":[],"product_cat":[885],"product_tag":[],"series":[],"publisher":[{"id":497,"name":"Hueber Verlag","slug":"hueber-verlag"}],"class_list":{"0":"post-44988","1":"product","2":"type-product","3":"status-publish","4":"has-post-thumbnail","6":"product_cat-berufssprache","7":"publisher-hueber-verlag","9":"first","10":"onbackorder","11":"taxable","12":"shipping-taxable","13":"purchasable","14":"product-type-simple"},"acf":[],"_links":{"self":[{"href":"https:\/\/exlibris.ee\/en\/wp-json\/wp\/v2\/product\/44988","targetHints":{"allow":["GET"]}}],"collection":[{"href":"https:\/\/exlibris.ee\/en\/wp-json\/wp\/v2\/product"}],"about":[{"href":"https:\/\/exlibris.ee\/en\/wp-json\/wp\/v2\/types\/product"}],"wp:featuredmedia":[{"embeddable":true,"href":"https:\/\/exlibris.ee\/en\/wp-json\/wp\/v2\/media\/57109"}],"wp:attachment":[{"href":"https:\/\/exlibris.ee\/en\/wp-json\/wp\/v2\/media?parent=44988"}],"wp:term":[{"taxonomy":"product_brand","embeddable":true,"href":"https:\/\/exlibris.ee\/en\/wp-json\/wp\/v2\/product_brand?post=44988"},{"taxonomy":"product_cat","embeddable":true,"href":"https:\/\/exlibris.ee\/en\/wp-json\/wp\/v2\/product_cat?post=44988"},{"taxonomy":"product_tag","embeddable":true,"href":"https:\/\/exlibris.ee\/en\/wp-json\/wp\/v2\/product_tag?post=44988"},{"taxonomy":"series","embeddable":true,"href":"https:\/\/exlibris.ee\/en\/wp-json\/wp\/v2\/series?post=44988"},{"taxonomy":"publisher","embeddable":true,"href":"https:\/\/exlibris.ee\/en\/wp-json\/wp\/v2\/publisher?post=44988"}],"curies":[{"name":"wp","href":"https:\/\/api.w.org\/{rel}","templated":true}]}}