{"id":44991,"date":"2023-05-12T11:19:57","date_gmt":"2023-05-12T08:19:57","guid":{"rendered":"https:\/\/exlibris.ee\/toode\/beste-freunde-a1-deutsch-fur-jugendliche-video\/"},"modified":"2026-04-18T15:41:14","modified_gmt":"2026-04-18T12:41:14","slug":"beste-freunde-a1-deutsch-fur-jugendliche-video","status":"publish","type":"product","link":"https:\/\/exlibris.ee\/en\/product\/beste-freunde-a1-deutsch-fur-jugendliche-video\/","title":{"rendered":"Beste Freunde A1  Deutsch f\u00fcr Jugendliche \/ Video"},"content":{"rendered":"<p>Die DVD zeigt in sechs kurzen Filmen \u00e0 ca. drei Minuten Szenen aus dem Alltag deutschsprachiger Jugendlicher. In jedem Film stellt sich ein Jugendlicher vor und ist zu Hause, in der Freizeit, mit der Familie, mit den Freunden oder beim Sport zu erleben \u2013 so wird die aktuelle Lebensrealit\u00e4t in den deutschsprachigen L\u00e4ndern unterhaltsam veranschaulicht. Zus\u00e4tzlich enth\u00e4lt die DVD landeskundlich orientierte Dia-Shows \u00fcber die bei Jugendlichen in Deutschland beliebtesten Freizeitbesch\u00e4ftigungen, Sportarten, Schulf\u00e4cher, Essen, Sehensw\u00fcrdigkeiten etc. Jede Dia-Show dauert zwischen 2 und 3 Minuten.<\/p>\n","protected":false},"excerpt":{"rendered":"<p>Die DVD zeigt in sechs kurzen Filmen \u00e0 ca. drei Minuten Szenen aus dem Alltag deutschsprachiger Jugendlicher. In jedem Film stellt sich ein Jugendlicher vor und ist zu Hause, in der Freizeit, mit der Familie, mit den Freunden oder beim&#8230;<\/p>\n","protected":false},"featured_media":57127,"template":"","meta":{"_acf_changed":false,"inline_featured_image":false},"product_brand":[],"product_cat":[477],"product_tag":[],"series":[{"id":577,"name":"Beste Freunde A1","slug":"beste-freunde-a1"}],"publisher":[{"id":497,"name":"Hueber Verlag","slug":"hueber-verlag"}],"class_list":{"0":"post-44991","1":"product","2":"type-product","3":"status-publish","4":"has-post-thumbnail","6":"product_cat-lehrwerke-fur-jugendliche","7":"series-beste-freunde-a1","8":"publisher-hueber-verlag","10":"first","11":"onbackorder","12":"taxable","13":"shipping-taxable","14":"purchasable","15":"product-type-simple"},"acf":[],"_links":{"self":[{"href":"https:\/\/exlibris.ee\/en\/wp-json\/wp\/v2\/product\/44991","targetHints":{"allow":["GET"]}}],"collection":[{"href":"https:\/\/exlibris.ee\/en\/wp-json\/wp\/v2\/product"}],"about":[{"href":"https:\/\/exlibris.ee\/en\/wp-json\/wp\/v2\/types\/product"}],"wp:featuredmedia":[{"embeddable":true,"href":"https:\/\/exlibris.ee\/en\/wp-json\/wp\/v2\/media\/57127"}],"wp:attachment":[{"href":"https:\/\/exlibris.ee\/en\/wp-json\/wp\/v2\/media?parent=44991"}],"wp:term":[{"taxonomy":"product_brand","embeddable":true,"href":"https:\/\/exlibris.ee\/en\/wp-json\/wp\/v2\/product_brand?post=44991"},{"taxonomy":"product_cat","embeddable":true,"href":"https:\/\/exlibris.ee\/en\/wp-json\/wp\/v2\/product_cat?post=44991"},{"taxonomy":"product_tag","embeddable":true,"href":"https:\/\/exlibris.ee\/en\/wp-json\/wp\/v2\/product_tag?post=44991"},{"taxonomy":"series","embeddable":true,"href":"https:\/\/exlibris.ee\/en\/wp-json\/wp\/v2\/series?post=44991"},{"taxonomy":"publisher","embeddable":true,"href":"https:\/\/exlibris.ee\/en\/wp-json\/wp\/v2\/publisher?post=44991"}],"curies":[{"name":"wp","href":"https:\/\/api.w.org\/{rel}","templated":true}]}}