{"id":44999,"date":"2023-05-12T11:19:58","date_gmt":"2023-05-12T08:19:58","guid":{"rendered":"https:\/\/exlibris.ee\/toode\/beste-freunde-a2-digitales-videopaket\/"},"modified":"2026-04-18T15:42:59","modified_gmt":"2026-04-18T12:42:59","slug":"beste-freunde-a2-digitales-videopaket","status":"publish","type":"product","link":"https:\/\/exlibris.ee\/en\/product\/beste-freunde-a2-digitales-videopaket\/","title":{"rendered":"Beste Freunde A2  \/ Digitales Videopaket"},"content":{"rendered":"<p>Zielgruppe Kursleiter, die mit dem Lehrwerk Beste Freunde A1 unterrichten. Das digitale Videopaket steht auf der Medienplattform Hueber interaktiv zur Verf\u00fcgung. Das digitale Videopaket zu Beste Freunde A2 zeigt sechs kurze Filme (\u00e0 vier bis f\u00fcnf Minuten) von Beste Freunde TV. In jedem Film stellen die Moderatoren von Beste Freunde TV, Mark und Oliver, ihre sch\u00f6nsten Filmclips zu Beste Freunde vor. Die Clips passen thematisch zu den Modulen des Kursbuchs Beste Freunde A2, beziehen sich aber nicht auf die Protagonistengeschichte. Zu den Filmen gibt es Arbeitsbl\u00e4tter mit Hinweisen f\u00fcr Lehrende (PDF).<\/p>\n","protected":false},"excerpt":{"rendered":"<p>Zielgruppe Kursleiter, die mit dem Lehrwerk Beste Freunde A1 unterrichten. Das digitale Videopaket steht auf der Medienplattform Hueber interaktiv zur Verf\u00fcgung. Das digitale Videopaket zu Beste Freunde A2 zeigt sechs kurze Filme (\u00e0 vier bis f\u00fcnf Minuten) von Beste Freunde&#8230;<\/p>\n","protected":false},"featured_media":57187,"template":"","meta":{"_acf_changed":false,"inline_featured_image":false},"product_brand":[],"product_cat":[477],"product_tag":[],"series":[{"id":578,"name":"Beste Freunde A2","slug":"beste-freunde-a2"}],"publisher":[{"id":497,"name":"Hueber Verlag","slug":"hueber-verlag"}],"class_list":{"0":"post-44999","1":"product","2":"type-product","3":"status-publish","4":"has-post-thumbnail","6":"product_cat-lehrwerke-fur-jugendliche","7":"series-beste-freunde-a2","8":"publisher-hueber-verlag","10":"first","11":"onbackorder","12":"taxable","13":"shipping-taxable","14":"purchasable","15":"product-type-simple"},"acf":[],"_links":{"self":[{"href":"https:\/\/exlibris.ee\/en\/wp-json\/wp\/v2\/product\/44999","targetHints":{"allow":["GET"]}}],"collection":[{"href":"https:\/\/exlibris.ee\/en\/wp-json\/wp\/v2\/product"}],"about":[{"href":"https:\/\/exlibris.ee\/en\/wp-json\/wp\/v2\/types\/product"}],"wp:featuredmedia":[{"embeddable":true,"href":"https:\/\/exlibris.ee\/en\/wp-json\/wp\/v2\/media\/57187"}],"wp:attachment":[{"href":"https:\/\/exlibris.ee\/en\/wp-json\/wp\/v2\/media?parent=44999"}],"wp:term":[{"taxonomy":"product_brand","embeddable":true,"href":"https:\/\/exlibris.ee\/en\/wp-json\/wp\/v2\/product_brand?post=44999"},{"taxonomy":"product_cat","embeddable":true,"href":"https:\/\/exlibris.ee\/en\/wp-json\/wp\/v2\/product_cat?post=44999"},{"taxonomy":"product_tag","embeddable":true,"href":"https:\/\/exlibris.ee\/en\/wp-json\/wp\/v2\/product_tag?post=44999"},{"taxonomy":"series","embeddable":true,"href":"https:\/\/exlibris.ee\/en\/wp-json\/wp\/v2\/series?post=44999"},{"taxonomy":"publisher","embeddable":true,"href":"https:\/\/exlibris.ee\/en\/wp-json\/wp\/v2\/publisher?post=44999"}],"curies":[{"name":"wp","href":"https:\/\/api.w.org\/{rel}","templated":true}]}}