{"id":45012,"date":"2023-05-12T11:20:00","date_gmt":"2023-05-12T08:20:00","guid":{"rendered":"https:\/\/exlibris.ee\/toode\/die-fantasien-des-herrn-ropke-und-andere-geschichten-niveaustufe-b1-leseheft\/"},"modified":"2026-04-24T01:53:14","modified_gmt":"2026-04-23T22:53:14","slug":"die-fantasien-des-herrn-ropke-und-andere-geschichten-niveaustufe-b1-leseheft","status":"publish","type":"product","link":"https:\/\/exlibris.ee\/en\/product\/die-fantasien-des-herrn-ropke-und-andere-geschichten-niveaustufe-b1-leseheft\/","title":{"rendered":"Die Fantasien des Herrn R\u00f6pke und andere Geschichten  Niveaustufe B1 \/ Leseheft"},"content":{"rendered":"<p>Dieses \u00dcbungsbuch wendet sich an Lerner aller Stufen und eignet sich auch zur Vorbereitung auf das Deutsche Sprachdiplom. In ca. 90 Diktaten in unterschiedlichen Schwierigkeitsgraden f\u00fcr die Grund-, Mittel- und Oberstufe werden Sprachkompetenz und H\u00f6rverst\u00e4ndnis ge\u00fcbt. Zus\u00e4tzlich zu den Diktaten gibt es landeskundliche Informationen und vertiefende Grammatik- und Wortschatz\u00fcbungen. Ein gro\u00dfer Teil der Diktate liegt auf den zwei Audio-CDs in vertonter Form vor. Dies bietet dem Selbstlerner die M\u00f6glichkeit, au\u00dferhalb des Unterrichts mit Diktaten zu \u00fcben und zu lernen. Authentische, von Muttersprachlern gesprochene Diktattexte bereichern den Deutschunterricht, vor allem auch an ausl\u00e4ndischen Institutionen.<\/p>\n","protected":false},"excerpt":{"rendered":"<p>Dieses \u00dcbungsbuch wendet sich an Lerner aller Stufen und eignet sich auch zur Vorbereitung auf das Deutsche Sprachdiplom. In ca. 90 Diktaten in unterschiedlichen Schwierigkeitsgraden f\u00fcr die Grund-, Mittel- und Oberstufe werden Sprachkompetenz und H\u00f6rverst\u00e4ndnis ge\u00fcbt. Zus\u00e4tzlich zu den Diktaten&#8230;<\/p>\n","protected":false},"featured_media":57280,"template":"","meta":{"_acf_changed":false,"inline_featured_image":false},"product_brand":[],"product_cat":[851],"product_tag":[],"series":[{"id":1014,"name":"Die Fantasien des Herrn R\u00f6pke","slug":"die-fantasien-des-herrn-ropke"}],"publisher":[{"id":497,"name":"Hueber Verlag","slug":"hueber-verlag"}],"class_list":{"0":"post-45012","1":"product","2":"type-product","3":"status-publish","4":"has-post-thumbnail","6":"product_cat-lesetexte-deutsch","7":"series-die-fantasien-des-herrn-ropke","8":"publisher-hueber-verlag","10":"first","11":"onbackorder","12":"taxable","13":"shipping-taxable","14":"purchasable","15":"product-type-simple"},"acf":[],"_links":{"self":[{"href":"https:\/\/exlibris.ee\/en\/wp-json\/wp\/v2\/product\/45012","targetHints":{"allow":["GET"]}}],"collection":[{"href":"https:\/\/exlibris.ee\/en\/wp-json\/wp\/v2\/product"}],"about":[{"href":"https:\/\/exlibris.ee\/en\/wp-json\/wp\/v2\/types\/product"}],"wp:featuredmedia":[{"embeddable":true,"href":"https:\/\/exlibris.ee\/en\/wp-json\/wp\/v2\/media\/57280"}],"wp:attachment":[{"href":"https:\/\/exlibris.ee\/en\/wp-json\/wp\/v2\/media?parent=45012"}],"wp:term":[{"taxonomy":"product_brand","embeddable":true,"href":"https:\/\/exlibris.ee\/en\/wp-json\/wp\/v2\/product_brand?post=45012"},{"taxonomy":"product_cat","embeddable":true,"href":"https:\/\/exlibris.ee\/en\/wp-json\/wp\/v2\/product_cat?post=45012"},{"taxonomy":"product_tag","embeddable":true,"href":"https:\/\/exlibris.ee\/en\/wp-json\/wp\/v2\/product_tag?post=45012"},{"taxonomy":"series","embeddable":true,"href":"https:\/\/exlibris.ee\/en\/wp-json\/wp\/v2\/series?post=45012"},{"taxonomy":"publisher","embeddable":true,"href":"https:\/\/exlibris.ee\/en\/wp-json\/wp\/v2\/publisher?post=45012"}],"curies":[{"name":"wp","href":"https:\/\/api.w.org\/{rel}","templated":true}]}}