{"id":45013,"date":"2023-05-12T11:20:01","date_gmt":"2023-05-12T08:20:01","guid":{"rendered":"https:\/\/exlibris.ee\/toode\/deutsch-groses-ubungsbuch-wortschatz-aktuell-a2-c1-buch\/"},"modified":"2026-04-07T03:36:53","modified_gmt":"2026-04-07T00:36:53","slug":"deutsch-groses-ubungsbuch-wortschatz-aktuell-a2-c1-buch","status":"publish","type":"product","link":"https:\/\/exlibris.ee\/en\/product\/deutsch-groses-ubungsbuch-wortschatz-aktuell-a2-c1-buch\/","title":{"rendered":"Deutsch Gro\u00dfes \u00dcbungsbuch Wortschatz aktuell A2-C1  Buch"},"content":{"rendered":"<p>Zielgruppe: f\u00fcr Selbstlerner oder als Erg\u00e4nzung zum Unterricht auf den Niveaus A2 bis C1 des Europ\u00e4ischen Referenzrahmens Das lehrwerksunabh\u00e4ngige Wortschatz-\u00dcbungsbuch mit \u00fcber 500 \u00dcbungen, zahlreichen Zusatzinfos und Lerntipps ist ideal zum Lernen, Wiederholen und Vertiefen. Das \u00dcbungsbuch bietet: &#8211; Pr\u00fcfungsvorbereitung auf alle A2-, B1-und B2-Pr\u00fcfungen nach dem Gemeinsamen Europ\u00e4ischen Referenzrahmen &#8211; abwechslungsreiche \u00dcbungen zu allen wichtigen Wortschatzthemen, Wortbildung und Idiomatik &#8211; unterhaltsame Illustrationen und Fotos als Verst\u00e4ndnishilfe &#8211; Originaltexte, die auch \u00f6sterreichische und Schweizer Varianten ber\u00fccksichtigen &#8211; erg\u00e4nzende Infos zur Landeskunde &#8211; einen ausf\u00fchrlichen L\u00f6sungsschl\u00fcssel am Ende des Buches zur Selbstevaluation und St\u00e4rkung der Lernerautonomie.<\/p>\n","protected":false},"excerpt":{"rendered":"<p>Zielgruppe: f\u00fcr Selbstlerner oder als Erg\u00e4nzung zum Unterricht auf den Niveaus A2 bis C1 des Europ\u00e4ischen Referenzrahmens Das lehrwerksunabh\u00e4ngige Wortschatz-\u00dcbungsbuch mit \u00fcber 500 \u00dcbungen, zahlreichen Zusatzinfos und Lerntipps ist ideal zum Lernen, Wiederholen und Vertiefen. Das \u00dcbungsbuch bietet: &#8211; Pr\u00fcfungsvorbereitung&#8230;<\/p>\n","protected":false},"featured_media":57286,"template":"","meta":{"_acf_changed":false,"inline_featured_image":false},"product_brand":[],"product_cat":[558],"product_tag":[],"series":[{"id":1015,"name":"Deutsch Gro\u00dfes \u00dcbungsbuch","slug":"deutsch-groses-ubungsbuch"}],"publisher":[{"id":497,"name":"Hueber Verlag","slug":"hueber-verlag"}],"class_list":{"0":"post-45013","1":"product","2":"type-product","3":"status-publish","4":"has-post-thumbnail","6":"product_cat-deutsch-uben","7":"series-deutsch-groses-ubungsbuch","8":"publisher-hueber-verlag","10":"first","11":"onbackorder","12":"taxable","13":"shipping-taxable","14":"purchasable","15":"product-type-simple"},"acf":[],"_links":{"self":[{"href":"https:\/\/exlibris.ee\/en\/wp-json\/wp\/v2\/product\/45013","targetHints":{"allow":["GET"]}}],"collection":[{"href":"https:\/\/exlibris.ee\/en\/wp-json\/wp\/v2\/product"}],"about":[{"href":"https:\/\/exlibris.ee\/en\/wp-json\/wp\/v2\/types\/product"}],"wp:featuredmedia":[{"embeddable":true,"href":"https:\/\/exlibris.ee\/en\/wp-json\/wp\/v2\/media\/57286"}],"wp:attachment":[{"href":"https:\/\/exlibris.ee\/en\/wp-json\/wp\/v2\/media?parent=45013"}],"wp:term":[{"taxonomy":"product_brand","embeddable":true,"href":"https:\/\/exlibris.ee\/en\/wp-json\/wp\/v2\/product_brand?post=45013"},{"taxonomy":"product_cat","embeddable":true,"href":"https:\/\/exlibris.ee\/en\/wp-json\/wp\/v2\/product_cat?post=45013"},{"taxonomy":"product_tag","embeddable":true,"href":"https:\/\/exlibris.ee\/en\/wp-json\/wp\/v2\/product_tag?post=45013"},{"taxonomy":"series","embeddable":true,"href":"https:\/\/exlibris.ee\/en\/wp-json\/wp\/v2\/series?post=45013"},{"taxonomy":"publisher","embeddable":true,"href":"https:\/\/exlibris.ee\/en\/wp-json\/wp\/v2\/publisher?post=45013"}],"curies":[{"name":"wp","href":"https:\/\/api.w.org\/{rel}","templated":true}]}}