{"id":45026,"date":"2023-05-12T11:20:03","date_gmt":"2023-05-12T08:20:03","guid":{"rendered":"https:\/\/exlibris.ee\/toode\/erste-hilfe-deutsch-alphabetisierung-fur-erwachsene-schwungubungen-buch-mit-mp3-download\/"},"modified":"2026-04-07T21:26:38","modified_gmt":"2026-04-07T18:26:38","slug":"erste-hilfe-deutsch-alphabetisierung-fur-erwachsene-schwungubungen-buch-mit-mp3-download","status":"publish","type":"product","link":"https:\/\/exlibris.ee\/en\/product\/erste-hilfe-deutsch-alphabetisierung-fur-erwachsene-schwungubungen-buch-mit-mp3-download\/","title":{"rendered":"Erste Hilfe Deutsch \u2013 Alphabetisierung f\u00fcr Erwachsene \u2013 Schwung\u00fcbungen  Buch mit MP3-Download"},"content":{"rendered":"<p>F\u00fcr Kinder und jugendliche DaF-Lerner (ca. 12\u201317 Jahre), Sch\u00fcler der Sekundarstufe 1 und Lehrer im Ausland (Niveaustufe B1) Amelie hat einen Ausbildungsplatz im Nordring-Einkaufscenter bekommen. Sie ist stolz und gl\u00fccklich in diesem gro\u00dfen Kaufhaus einen Ausbildungsplatz bekommen zu haben. Die erste Zeit ist alles andere als leicht f\u00fcr Amelie: Die Arbeit hat sie sich spannender vorgestellt und ihr Abteilungsleiter ist ein strenger Chef, mit dem es bald Auseinandersetzungen gibt. Wenigstens hat sie sich ein wenig mit den anderen Azubis, vor allem Claudius, angefreundet. Als Amelie eines Tages Feierabend hat, hat sich eine lange Schlange am Ausgang gebildet. Es ist \u201eTaschenkontrolle\u201c. Alle Angestellten m\u00fcssen ihre Taschen von Detektiv Ruben durchsuchen lassen. Als Amelie an der Reihe ist, findet Ruben bei ihr ein teures Make-up. Alle halten sie jetzt f\u00fcr eine Diebin. Amelie versteht die Welt nicht mehr &#8230; &#8211; Themen der Lekt\u00fcre auf Interessen der Zielgruppe abgestimmt &#8211; Spannender und unterhaltsamer Lesetext f\u00fcr Jugendliche mit Vorkenntnissen auf Niveau B1 &#8211; Worterkl\u00e4rungen und beschriftete Illustrationen zu schwierigen W\u00f6rtern &#8211; F\u00fcr jedes Kapitel Kapitel passende \u00dcbungen zum Lese- und H\u00f6rverstehen &#8211; L\u00f6sungsschl\u00fcssel im Anhang &#8211; Das komplette H\u00f6rbuch und die Tracks zu den \u00dcbungen als gratis MP3-Download.<\/p>\n","protected":false},"excerpt":{"rendered":"<p>F\u00fcr Kinder und jugendliche DaF-Lerner (ca. 12\u201317 Jahre), Sch\u00fcler der Sekundarstufe 1 und Lehrer im Ausland (Niveaustufe B1) Amelie hat einen Ausbildungsplatz im Nordring-Einkaufscenter bekommen. Sie ist stolz und gl\u00fccklich in diesem gro\u00dfen Kaufhaus einen Ausbildungsplatz bekommen zu haben. Die&#8230;<\/p>\n","protected":false},"featured_media":57433,"template":"","meta":{"_acf_changed":false,"inline_featured_image":false},"product_brand":[],"product_cat":[538],"product_tag":[],"series":[{"id":1011,"name":"Erste Hilfe Deutsch","slug":"erste-hilfe-deutsch"}],"publisher":[{"id":497,"name":"Hueber Verlag","slug":"hueber-verlag"}],"class_list":{"0":"post-45026","1":"product","2":"type-product","3":"status-publish","4":"has-post-thumbnail","6":"product_cat-lehrwerke-fur-erwachsene","7":"series-erste-hilfe-deutsch","8":"publisher-hueber-verlag","10":"first","11":"instock","12":"taxable","13":"shipping-taxable","14":"purchasable","15":"product-type-simple"},"acf":[],"_links":{"self":[{"href":"https:\/\/exlibris.ee\/en\/wp-json\/wp\/v2\/product\/45026","targetHints":{"allow":["GET"]}}],"collection":[{"href":"https:\/\/exlibris.ee\/en\/wp-json\/wp\/v2\/product"}],"about":[{"href":"https:\/\/exlibris.ee\/en\/wp-json\/wp\/v2\/types\/product"}],"wp:featuredmedia":[{"embeddable":true,"href":"https:\/\/exlibris.ee\/en\/wp-json\/wp\/v2\/media\/57433"}],"wp:attachment":[{"href":"https:\/\/exlibris.ee\/en\/wp-json\/wp\/v2\/media?parent=45026"}],"wp:term":[{"taxonomy":"product_brand","embeddable":true,"href":"https:\/\/exlibris.ee\/en\/wp-json\/wp\/v2\/product_brand?post=45026"},{"taxonomy":"product_cat","embeddable":true,"href":"https:\/\/exlibris.ee\/en\/wp-json\/wp\/v2\/product_cat?post=45026"},{"taxonomy":"product_tag","embeddable":true,"href":"https:\/\/exlibris.ee\/en\/wp-json\/wp\/v2\/product_tag?post=45026"},{"taxonomy":"series","embeddable":true,"href":"https:\/\/exlibris.ee\/en\/wp-json\/wp\/v2\/series?post=45026"},{"taxonomy":"publisher","embeddable":true,"href":"https:\/\/exlibris.ee\/en\/wp-json\/wp\/v2\/publisher?post=45026"}],"curies":[{"name":"wp","href":"https:\/\/api.w.org\/{rel}","templated":true}]}}