{"id":45034,"date":"2023-05-12T11:20:04","date_gmt":"2023-05-12T08:20:04","guid":{"rendered":"https:\/\/exlibris.ee\/toode\/besserwisser-carsten-tsara-und-das-scharfe-s-pdf-mp3-download\/"},"modified":"2026-04-25T17:44:25","modified_gmt":"2026-04-25T14:44:25","slug":"besserwisser-carsten-tsara-und-das-scharfe-s-pdf-mp3-download","status":"publish","type":"product","link":"https:\/\/exlibris.ee\/en\/product\/besserwisser-carsten-tsara-und-das-scharfe-s-pdf-mp3-download\/","title":{"rendered":"Besserwisser  Carsten Tsara und das scharfe S \/ PDF\/MP3-Download"},"content":{"rendered":"<p>Lass das Telefon klingeln, Carsten, geh nicht hin! Du hast ja ab heute Urlaub. \u00dcbermorgen kommt Christine aus Berlin. Dann fahrt ihr gemeinsam weg und genie\u00dft zehn Tage lang den Fr\u00fchling und eure junge Liebe. Nein, nicht ans Telefon gehen! Glaub mir, das ist kein guter Fall f\u00fcr dich. Interessiert dich etwa das scharfe S? Na, siehst du. Und Besserwisser kannst du doch auch nicht leiden, oder? Also bitte, lass es! H\u00f6r mal, wenn du jetzt ans Telefon gehst, dann passiert was Schlimmes! Carsten? \u201eJa hallo? Hier ist Carsten Tsara.\u201cIn seinem neuen Fall ger\u00e4t Privatdetektiv Carsten Tsara zwischen die Fronten zweier paranoider Rechthaber. Kann er die drohende Eskalation zwischen dem Journalisten Lindlbauer und seinem Leserbriefe schreibenden Widersacher Hahn verhindern?<\/p>\n","protected":false},"excerpt":{"rendered":"<p>Lass das Telefon klingeln, Carsten, geh nicht hin! Du hast ja ab heute Urlaub. \u00dcbermorgen kommt Christine aus Berlin. Dann fahrt ihr gemeinsam weg und genie\u00dft zehn Tage lang den Fr\u00fchling und eure junge Liebe. Nein, nicht ans Telefon gehen!&#8230;<\/p>\n","protected":false},"featured_media":57502,"template":"","meta":{"_acf_changed":false,"inline_featured_image":false},"product_brand":[],"product_cat":[851],"product_tag":[],"series":[{"id":1013,"name":"Besserwisser","slug":"besserwisser"}],"publisher":[{"id":497,"name":"Hueber Verlag","slug":"hueber-verlag"}],"class_list":{"0":"post-45034","1":"product","2":"type-product","3":"status-publish","4":"has-post-thumbnail","6":"product_cat-lesetexte-deutsch","7":"series-besserwisser","8":"publisher-hueber-verlag","10":"first","11":"onbackorder","12":"taxable","13":"shipping-taxable","14":"purchasable","15":"product-type-simple"},"acf":[],"_links":{"self":[{"href":"https:\/\/exlibris.ee\/en\/wp-json\/wp\/v2\/product\/45034","targetHints":{"allow":["GET"]}}],"collection":[{"href":"https:\/\/exlibris.ee\/en\/wp-json\/wp\/v2\/product"}],"about":[{"href":"https:\/\/exlibris.ee\/en\/wp-json\/wp\/v2\/types\/product"}],"wp:featuredmedia":[{"embeddable":true,"href":"https:\/\/exlibris.ee\/en\/wp-json\/wp\/v2\/media\/57502"}],"wp:attachment":[{"href":"https:\/\/exlibris.ee\/en\/wp-json\/wp\/v2\/media?parent=45034"}],"wp:term":[{"taxonomy":"product_brand","embeddable":true,"href":"https:\/\/exlibris.ee\/en\/wp-json\/wp\/v2\/product_brand?post=45034"},{"taxonomy":"product_cat","embeddable":true,"href":"https:\/\/exlibris.ee\/en\/wp-json\/wp\/v2\/product_cat?post=45034"},{"taxonomy":"product_tag","embeddable":true,"href":"https:\/\/exlibris.ee\/en\/wp-json\/wp\/v2\/product_tag?post=45034"},{"taxonomy":"series","embeddable":true,"href":"https:\/\/exlibris.ee\/en\/wp-json\/wp\/v2\/series?post=45034"},{"taxonomy":"publisher","embeddable":true,"href":"https:\/\/exlibris.ee\/en\/wp-json\/wp\/v2\/publisher?post=45034"}],"curies":[{"name":"wp","href":"https:\/\/api.w.org\/{rel}","templated":true}]}}