{"id":45043,"date":"2023-05-12T11:20:06","date_gmt":"2023-05-12T08:20:06","guid":{"rendered":"https:\/\/exlibris.ee\/toode\/beste-freunde-a1-1-ferienheft-zum-wiederholen-und-uben\/"},"modified":"2026-04-11T17:42:28","modified_gmt":"2026-04-11T14:42:28","slug":"beste-freunde-a1-1-ferienheft-zum-wiederholen-und-uben","status":"publish","type":"product","link":"https:\/\/exlibris.ee\/en\/product\/beste-freunde-a1-1-ferienheft-zum-wiederholen-und-uben\/","title":{"rendered":"Beste Freunde A1.1 \/ Ferienheft &#8211; Zum Wiederholen und \u00dcben"},"content":{"rendered":"<p>\u00dcbungsheft zur selbst\u00e4ndigen Wiederholung zu den Themen: Vor den Ferien \/ Letzter Schultag Ab in den Urlaub Im Hotel \/ Am Strand Essen im Urlaub Jedes Kapitel enth\u00e4lt die Elemente Lesen und H\u00f6ren sowie \u00dcbungen zu Wortschatz, Grammatik und Redemitteln in Form von spielerischen \u00dcbungen und R\u00e4tseln. Das \u00dcbungsheft ist so angelegt, dass die Lernenden daraus ein kleines personalisiertes Lerntagebuch gestalten und das Ergebnis dem Lehrer oder den Eltern vorlegen k\u00f6nnen.<\/p>\n","protected":false},"excerpt":{"rendered":"<p>\u00dcbungsheft zur selbst\u00e4ndigen Wiederholung zu den Themen: Vor den Ferien \/ Letzter Schultag Ab in den Urlaub Im Hotel \/ Am Strand Essen im Urlaub Jedes Kapitel enth\u00e4lt die Elemente Lesen und H\u00f6ren sowie \u00dcbungen zu Wortschatz, Grammatik und Redemitteln&#8230;<\/p>\n","protected":false},"featured_media":57562,"template":"","meta":{"_acf_changed":false,"inline_featured_image":false},"product_brand":[],"product_cat":[477],"product_tag":[],"series":[{"id":582,"name":"Beste Freunde A1.1","slug":"beste-freunde-a1-1"}],"publisher":[{"id":497,"name":"Hueber Verlag","slug":"hueber-verlag"}],"class_list":{"0":"post-45043","1":"product","2":"type-product","3":"status-publish","4":"has-post-thumbnail","6":"product_cat-lehrwerke-fur-jugendliche","7":"series-beste-freunde-a1-1","8":"publisher-hueber-verlag","10":"first","11":"onbackorder","12":"taxable","13":"shipping-taxable","14":"purchasable","15":"product-type-simple"},"acf":[],"_links":{"self":[{"href":"https:\/\/exlibris.ee\/en\/wp-json\/wp\/v2\/product\/45043","targetHints":{"allow":["GET"]}}],"collection":[{"href":"https:\/\/exlibris.ee\/en\/wp-json\/wp\/v2\/product"}],"about":[{"href":"https:\/\/exlibris.ee\/en\/wp-json\/wp\/v2\/types\/product"}],"wp:featuredmedia":[{"embeddable":true,"href":"https:\/\/exlibris.ee\/en\/wp-json\/wp\/v2\/media\/57562"}],"wp:attachment":[{"href":"https:\/\/exlibris.ee\/en\/wp-json\/wp\/v2\/media?parent=45043"}],"wp:term":[{"taxonomy":"product_brand","embeddable":true,"href":"https:\/\/exlibris.ee\/en\/wp-json\/wp\/v2\/product_brand?post=45043"},{"taxonomy":"product_cat","embeddable":true,"href":"https:\/\/exlibris.ee\/en\/wp-json\/wp\/v2\/product_cat?post=45043"},{"taxonomy":"product_tag","embeddable":true,"href":"https:\/\/exlibris.ee\/en\/wp-json\/wp\/v2\/product_tag?post=45043"},{"taxonomy":"series","embeddable":true,"href":"https:\/\/exlibris.ee\/en\/wp-json\/wp\/v2\/series?post=45043"},{"taxonomy":"publisher","embeddable":true,"href":"https:\/\/exlibris.ee\/en\/wp-json\/wp\/v2\/publisher?post=45043"}],"curies":[{"name":"wp","href":"https:\/\/api.w.org\/{rel}","templated":true}]}}