{"id":45048,"date":"2023-05-12T11:20:07","date_gmt":"2023-05-12T08:20:07","guid":{"rendered":"https:\/\/exlibris.ee\/toode\/beste-freunde-a1-1-mein-grammatikheft\/"},"modified":"2026-04-11T17:42:28","modified_gmt":"2026-04-11T14:42:28","slug":"beste-freunde-a1-1-mein-grammatikheft","status":"publish","type":"product","link":"https:\/\/exlibris.ee\/en\/product\/beste-freunde-a1-1-mein-grammatikheft\/","title":{"rendered":"Beste Freunde A1.1   \/ Mein Grammatikheft"},"content":{"rendered":"<p>\u00dcbungsgrammatik zu jedem Kursbuchmodul von Beste Freunde mit einer Vielzahl grammatischer \u00dcbungen zum Selbstlernen. Inklusive zahlreicher bunter Illustrationen und Farbfotos sowie kurzer Grammatikerkl\u00e4rungen.<\/p>\n","protected":false},"excerpt":{"rendered":"<p>\u00dcbungsgrammatik zu jedem Kursbuchmodul von Beste Freunde mit einer Vielzahl grammatischer \u00dcbungen zum Selbstlernen. Inklusive zahlreicher bunter Illustrationen und Farbfotos sowie kurzer Grammatikerkl\u00e4rungen.<\/p>\n","protected":false},"featured_media":57589,"template":"","meta":{"_acf_changed":false,"inline_featured_image":false},"product_brand":[],"product_cat":[477],"product_tag":[],"series":[{"id":582,"name":"Beste Freunde A1.1","slug":"beste-freunde-a1-1"}],"publisher":[{"id":497,"name":"Hueber Verlag","slug":"hueber-verlag"}],"class_list":{"0":"post-45048","1":"product","2":"type-product","3":"status-publish","4":"has-post-thumbnail","6":"product_cat-lehrwerke-fur-jugendliche","7":"series-beste-freunde-a1-1","8":"publisher-hueber-verlag","10":"first","11":"onbackorder","12":"taxable","13":"shipping-taxable","14":"purchasable","15":"product-type-simple"},"acf":[],"_links":{"self":[{"href":"https:\/\/exlibris.ee\/en\/wp-json\/wp\/v2\/product\/45048","targetHints":{"allow":["GET"]}}],"collection":[{"href":"https:\/\/exlibris.ee\/en\/wp-json\/wp\/v2\/product"}],"about":[{"href":"https:\/\/exlibris.ee\/en\/wp-json\/wp\/v2\/types\/product"}],"wp:featuredmedia":[{"embeddable":true,"href":"https:\/\/exlibris.ee\/en\/wp-json\/wp\/v2\/media\/57589"}],"wp:attachment":[{"href":"https:\/\/exlibris.ee\/en\/wp-json\/wp\/v2\/media?parent=45048"}],"wp:term":[{"taxonomy":"product_brand","embeddable":true,"href":"https:\/\/exlibris.ee\/en\/wp-json\/wp\/v2\/product_brand?post=45048"},{"taxonomy":"product_cat","embeddable":true,"href":"https:\/\/exlibris.ee\/en\/wp-json\/wp\/v2\/product_cat?post=45048"},{"taxonomy":"product_tag","embeddable":true,"href":"https:\/\/exlibris.ee\/en\/wp-json\/wp\/v2\/product_tag?post=45048"},{"taxonomy":"series","embeddable":true,"href":"https:\/\/exlibris.ee\/en\/wp-json\/wp\/v2\/series?post=45048"},{"taxonomy":"publisher","embeddable":true,"href":"https:\/\/exlibris.ee\/en\/wp-json\/wp\/v2\/publisher?post=45048"}],"curies":[{"name":"wp","href":"https:\/\/api.w.org\/{rel}","templated":true}]}}