{"id":45053,"date":"2023-05-12T11:20:08","date_gmt":"2023-05-12T08:20:08","guid":{"rendered":"https:\/\/exlibris.ee\/toode\/alltag-beruf-co-4-kursbuch-arbeitsbuch-mit-audio-cd-zum-arbeitsbuch\/"},"modified":"2026-04-07T03:37:55","modified_gmt":"2026-04-07T00:37:55","slug":"alltag-beruf-co-4-kursbuch-arbeitsbuch-mit-audio-cd-zum-arbeitsbuch","status":"publish","type":"product","link":"https:\/\/exlibris.ee\/en\/product\/alltag-beruf-co-4-kursbuch-arbeitsbuch-mit-audio-cd-zum-arbeitsbuch\/","title":{"rendered":"Alltag, Beruf &amp; Co. 4  Kursbuch + Arbeitsbuch mit Audio-CD zum Arbeitsbuch"},"content":{"rendered":"<p>Das Lehrwerk, das Berufssprache mit Alltagssprache verbindet oraussetzungen: Erwachsene und Jugendliche ab 16 Jahren in Grundstufenkursen (A1 bis B1) weltweit.Zielgruppe: Alle, die aus beruflichen Gr\u00fcnden Deutsch lernen wie ausl\u00e4ndische Mitarbeiter\/innen deutscher Unternehmen im Ausland und ausl\u00e4ndische Mitarbeiter\/innen in Firmen in Deutschland, die Deutsch f\u00fcr das Leben im Alltag und die Kommunikation im Betrieb brauchen Alltag, Beruf &amp; Co. ist das neue berufssprachliche Lehrwerk von dem Autorenteam Becker und Braunert: Es deckt in 6 B\u00e4nden den Stoff der Grundstufe (A1, A2, B1) ab und f\u00fchrt zu den Pr\u00fcfungen Start Deutsch 1 und 2 sowie zum Zertifikat Deutsch und den berufssprachlichen Pr\u00fcfungen auf den Stufen A2+ und B1+.Alltag, Beruf &amp; Co. bietet pro Band Stoff f\u00fcr ca. 50 Unterrichtseinheiten und eignet sich sowohl f\u00fcr den Einsatz in allgemeinen Sprachkursen mit berufssprachlicher Ausrichtung als auch f\u00fcr Firmenkurse. Das Lehrwerk vermittelt die allgemeinen Redemittel, die man im Alltag und im Beruf braucht. Daher ist es f\u00fcr Kursteilnehmende aller Berufsgruppen geeignet.Konzeption und Bestandteile: Alltag, Beruf &amp; Co. vermittelt beides: die Sprache im Alltag und die Sprache im Beruf.Das Kurs- und Arbeitsbuch enth\u00e4lt 10 Lektionen \u00e0 10 Seiten plus eine eingelegte CD mit Aussprache\u00fcbungen und interaktiven \u00dcbungen.Jede Lektion besteht aus: &#8211; einer Doppelseite &#8220;Im Alltag&#8221; zu dem jeweiligen Thema in einem gemeinsprachlichen Kontext &#8211; einer Doppelseite &#8220;Im Beruf&#8221; zu dem jeweiligen Thema in einem berufssprachlichen Kontext &#8211; einer Magazinseite mit einer unterhaltsamen Collage zum Thema der Lektion &#8211; einer \u00dcbersichtsseite &#8220;Grammatik und Redemittel&#8221;- vier Arbeitsbuchseiten mit \u00dcbungen zu Wortschatz und Redemitteln, zur Grammatik und zur Aussprache. Die eingelegte CD enth\u00e4lt die Aussprache\u00fcbungen des Arbeitsbuchteils sowie zus\u00e4tzliche interaktive \u00dcbungen zum Kursbuchteil, mit dem die Lernenden selbstst\u00e4ndig arbeiten k\u00f6nnen. Das Lehrerhandbuch enth\u00e4lt die Unterrichtspl\u00e4ne zu <\/p>\n","protected":false},"excerpt":{"rendered":"<p>Das Lehrwerk, das Berufssprache mit Alltagssprache verbindet oraussetzungen: Erwachsene und Jugendliche ab 16 Jahren in Grundstufenkursen (A1 bis B1) weltweit.Zielgruppe: Alle, die aus beruflichen Gr\u00fcnden Deutsch lernen wie ausl\u00e4ndische Mitarbeiter\/innen deutscher Unternehmen im Ausland und ausl\u00e4ndische Mitarbeiter\/innen in Firmen in&#8230;<\/p>\n","protected":false},"featured_media":57625,"template":"","meta":{"_acf_changed":false,"inline_featured_image":false},"product_brand":[],"product_cat":[897],"product_tag":[],"series":[{"id":1019,"name":"Alltag, Beruf &amp; Co. 4","slug":"alltag-beruf-co-4"}],"publisher":[{"id":497,"name":"Hueber Verlag","slug":"hueber-verlag"}],"class_list":{"0":"post-45053","1":"product","2":"type-product","3":"status-publish","4":"has-post-thumbnail","6":"product_cat-keeleope-leiunurk","7":"series-alltag-beruf-co-4","8":"publisher-hueber-verlag","10":"first","11":"instock","12":"taxable","13":"shipping-taxable","14":"purchasable","15":"product-type-simple"},"acf":[],"_links":{"self":[{"href":"https:\/\/exlibris.ee\/en\/wp-json\/wp\/v2\/product\/45053","targetHints":{"allow":["GET"]}}],"collection":[{"href":"https:\/\/exlibris.ee\/en\/wp-json\/wp\/v2\/product"}],"about":[{"href":"https:\/\/exlibris.ee\/en\/wp-json\/wp\/v2\/types\/product"}],"wp:featuredmedia":[{"embeddable":true,"href":"https:\/\/exlibris.ee\/en\/wp-json\/wp\/v2\/media\/57625"}],"wp:attachment":[{"href":"https:\/\/exlibris.ee\/en\/wp-json\/wp\/v2\/media?parent=45053"}],"wp:term":[{"taxonomy":"product_brand","embeddable":true,"href":"https:\/\/exlibris.ee\/en\/wp-json\/wp\/v2\/product_brand?post=45053"},{"taxonomy":"product_cat","embeddable":true,"href":"https:\/\/exlibris.ee\/en\/wp-json\/wp\/v2\/product_cat?post=45053"},{"taxonomy":"product_tag","embeddable":true,"href":"https:\/\/exlibris.ee\/en\/wp-json\/wp\/v2\/product_tag?post=45053"},{"taxonomy":"series","embeddable":true,"href":"https:\/\/exlibris.ee\/en\/wp-json\/wp\/v2\/series?post=45053"},{"taxonomy":"publisher","embeddable":true,"href":"https:\/\/exlibris.ee\/en\/wp-json\/wp\/v2\/publisher?post=45053"}],"curies":[{"name":"wp","href":"https:\/\/api.w.org\/{rel}","templated":true}]}}