{"id":45059,"date":"2023-05-12T11:20:09","date_gmt":"2023-05-12T08:20:09","guid":{"rendered":"https:\/\/exlibris.ee\/toode\/beste-freunde-a1a2-mein-prufungsheft\/"},"modified":"2026-04-18T15:44:56","modified_gmt":"2026-04-18T12:44:56","slug":"beste-freunde-a1a2-mein-prufungsheft","status":"publish","type":"product","link":"https:\/\/exlibris.ee\/en\/product\/beste-freunde-a1a2-mein-prufungsheft\/","title":{"rendered":"Beste Freunde A1+A2  Mein Pr\u00fcfungsheft"},"content":{"rendered":"<p>Zielgruppe Sch\u00fclerinnen und Sch\u00fcler, die mit Beste Freunde A1.1 bis A2.2 lernen Mit diesem Pr\u00fcfungsheft k\u00f6nnen sich die Sch\u00fcler und Sch\u00fclerinnen selbstst\u00e4ndig auf die Pr\u00fcfungen des Goethe-Instituts Fit in Deutsch 1 und 2 vorbereiten. Zus\u00e4tzlich gibt es Tipps zu allen Pr\u00fcfungsteilen.<\/p>\n","protected":false},"excerpt":{"rendered":"<p>Zielgruppe Sch\u00fclerinnen und Sch\u00fcler, die mit Beste Freunde A1.1 bis A2.2 lernen Mit diesem Pr\u00fcfungsheft k\u00f6nnen sich die Sch\u00fcler und Sch\u00fclerinnen selbstst\u00e4ndig auf die Pr\u00fcfungen des Goethe-Instituts Fit in Deutsch 1 und 2 vorbereiten. Zus\u00e4tzlich gibt es Tipps zu allen&#8230;<\/p>\n","protected":false},"featured_media":57649,"template":"","meta":{"_acf_changed":false,"inline_featured_image":false},"product_brand":[],"product_cat":[477],"product_tag":[],"series":[{"id":577,"name":"Beste Freunde A1","slug":"beste-freunde-a1"}],"publisher":[{"id":497,"name":"Hueber Verlag","slug":"hueber-verlag"}],"class_list":{"0":"post-45059","1":"product","2":"type-product","3":"status-publish","4":"has-post-thumbnail","6":"product_cat-lehrwerke-fur-jugendliche","7":"series-beste-freunde-a1","8":"publisher-hueber-verlag","10":"first","11":"onbackorder","12":"taxable","13":"shipping-taxable","14":"purchasable","15":"product-type-simple"},"acf":[],"_links":{"self":[{"href":"https:\/\/exlibris.ee\/en\/wp-json\/wp\/v2\/product\/45059","targetHints":{"allow":["GET"]}}],"collection":[{"href":"https:\/\/exlibris.ee\/en\/wp-json\/wp\/v2\/product"}],"about":[{"href":"https:\/\/exlibris.ee\/en\/wp-json\/wp\/v2\/types\/product"}],"wp:featuredmedia":[{"embeddable":true,"href":"https:\/\/exlibris.ee\/en\/wp-json\/wp\/v2\/media\/57649"}],"wp:attachment":[{"href":"https:\/\/exlibris.ee\/en\/wp-json\/wp\/v2\/media?parent=45059"}],"wp:term":[{"taxonomy":"product_brand","embeddable":true,"href":"https:\/\/exlibris.ee\/en\/wp-json\/wp\/v2\/product_brand?post=45059"},{"taxonomy":"product_cat","embeddable":true,"href":"https:\/\/exlibris.ee\/en\/wp-json\/wp\/v2\/product_cat?post=45059"},{"taxonomy":"product_tag","embeddable":true,"href":"https:\/\/exlibris.ee\/en\/wp-json\/wp\/v2\/product_tag?post=45059"},{"taxonomy":"series","embeddable":true,"href":"https:\/\/exlibris.ee\/en\/wp-json\/wp\/v2\/series?post=45059"},{"taxonomy":"publisher","embeddable":true,"href":"https:\/\/exlibris.ee\/en\/wp-json\/wp\/v2\/publisher?post=45059"}],"curies":[{"name":"wp","href":"https:\/\/api.w.org\/{rel}","templated":true}]}}