{"id":45060,"date":"2023-05-12T11:20:09","date_gmt":"2023-05-12T08:20:09","guid":{"rendered":"https:\/\/exlibris.ee\/toode\/delfin-lehrbuch-arbeitsbuch-teil-2-mit-integrierter-audio-cd-lektionen-8-14\/"},"modified":"2026-04-04T03:23:02","modified_gmt":"2026-04-04T00:23:02","slug":"delfin-lehrbuch-arbeitsbuch-teil-2-mit-integrierter-audio-cd-lektionen-8-14","status":"publish","type":"product","link":"https:\/\/exlibris.ee\/en\/product\/delfin-lehrbuch-arbeitsbuch-teil-2-mit-integrierter-audio-cd-lektionen-8-14\/","title":{"rendered":"Delfin  \/ Lehrbuch + Arbeitsbuch Teil 2 mit integrierter Audio-CD \u2013 Lektionen 8\u201314"},"content":{"rendered":"<p>Die dreib\u00e4ndige Ausgabe von dem Lehrwerk Delfin Teil 2 f\u00fchrt zum Niveau A2. Zusatzmaterialien wie Audio-CDs, L\u00f6sungen zum Arbeitsbuch, Glossare und Lehrerhandbuch siehe Delfin &#8211; Einb\u00e4ndige Ausgabe.<\/p>\n","protected":false},"excerpt":{"rendered":"<p>Die dreib\u00e4ndige Ausgabe von dem Lehrwerk Delfin Teil 2 f\u00fchrt zum Niveau A2. Zusatzmaterialien wie Audio-CDs, L\u00f6sungen zum Arbeitsbuch, Glossare und Lehrerhandbuch siehe Delfin &#8211; Einb\u00e4ndige Ausgabe.<\/p>\n","protected":false},"featured_media":57655,"template":"","meta":{"_acf_changed":false,"inline_featured_image":false},"product_brand":[],"product_cat":[897],"product_tag":[],"series":[{"id":945,"name":"Delfin","slug":"delfin"}],"publisher":[{"id":497,"name":"Hueber Verlag","slug":"hueber-verlag"}],"class_list":{"0":"post-45060","1":"product","2":"type-product","3":"status-publish","4":"has-post-thumbnail","6":"product_cat-keeleope-leiunurk","7":"series-delfin","8":"publisher-hueber-verlag","10":"first","11":"instock","12":"taxable","13":"shipping-taxable","14":"purchasable","15":"product-type-simple"},"acf":[],"_links":{"self":[{"href":"https:\/\/exlibris.ee\/en\/wp-json\/wp\/v2\/product\/45060","targetHints":{"allow":["GET"]}}],"collection":[{"href":"https:\/\/exlibris.ee\/en\/wp-json\/wp\/v2\/product"}],"about":[{"href":"https:\/\/exlibris.ee\/en\/wp-json\/wp\/v2\/types\/product"}],"wp:featuredmedia":[{"embeddable":true,"href":"https:\/\/exlibris.ee\/en\/wp-json\/wp\/v2\/media\/57655"}],"wp:attachment":[{"href":"https:\/\/exlibris.ee\/en\/wp-json\/wp\/v2\/media?parent=45060"}],"wp:term":[{"taxonomy":"product_brand","embeddable":true,"href":"https:\/\/exlibris.ee\/en\/wp-json\/wp\/v2\/product_brand?post=45060"},{"taxonomy":"product_cat","embeddable":true,"href":"https:\/\/exlibris.ee\/en\/wp-json\/wp\/v2\/product_cat?post=45060"},{"taxonomy":"product_tag","embeddable":true,"href":"https:\/\/exlibris.ee\/en\/wp-json\/wp\/v2\/product_tag?post=45060"},{"taxonomy":"series","embeddable":true,"href":"https:\/\/exlibris.ee\/en\/wp-json\/wp\/v2\/series?post=45060"},{"taxonomy":"publisher","embeddable":true,"href":"https:\/\/exlibris.ee\/en\/wp-json\/wp\/v2\/publisher?post=45060"}],"curies":[{"name":"wp","href":"https:\/\/api.w.org\/{rel}","templated":true}]}}