{"id":45071,"date":"2023-05-12T11:20:11","date_gmt":"2023-05-12T08:20:11","guid":{"rendered":"https:\/\/exlibris.ee\/toode\/erste-schritte-plus-neu-einstiegskurs-trainingsbuch-interaktive-version\/"},"modified":"2026-04-14T19:32:29","modified_gmt":"2026-04-14T16:32:29","slug":"erste-schritte-plus-neu-einstiegskurs-trainingsbuch-interaktive-version","status":"publish","type":"product","link":"https:\/\/exlibris.ee\/en\/product\/erste-schritte-plus-neu-einstiegskurs-trainingsbuch-interaktive-version\/","title":{"rendered":"Erste Schritte plus Neu Einstiegskurs  Trainingsbuch &#8211; interaktive Version"},"content":{"rendered":"<p>Interaktive Version mit integrierten Audiodateien Das \u00dcbungsbuch wendet sich an Lernende auf der Niveaustufe B1, die sich gezielt auf die Pr\u00fcfung Deutsch-Test f\u00fcr Zuwanderer (Niveau A2\/B1) vorbereiten wollen. Die Lernenden trainieren intensiv die beiden produktiven Fertigkeiten Sprechen und Schreiben sowie die rezeptiven Fertigkeiten H\u00f6ren und Lesen. Dabei werden sie Schritt f\u00fcr Schritt auf die Pr\u00fcfungsaufgaben vorbereitet. Hilfreiche Tipps erleichtern das Erreichen das Lernziels. Ein Testmodell schlie\u00dft die Pr\u00fcfungsvorbereitung ab. Informationen zu den wichtigsten DaF-Pr\u00fcfungen und eine \u00dcbersicht finden Sie auf der Hueber-Website unter hueber.de\/daf\/pruefungen.<\/p>\n","protected":false},"excerpt":{"rendered":"<p>Interaktive Version mit integrierten Audiodateien Das \u00dcbungsbuch wendet sich an Lernende auf der Niveaustufe B1, die sich gezielt auf die Pr\u00fcfung Deutsch-Test f\u00fcr Zuwanderer (Niveau A2\/B1) vorbereiten wollen. Die Lernenden trainieren intensiv die beiden produktiven Fertigkeiten Sprechen und Schreiben sowie&#8230;<\/p>\n","protected":false},"featured_media":56233,"template":"","meta":{"_acf_changed":false,"inline_featured_image":false},"product_brand":[],"product_cat":[538],"product_tag":[],"series":[{"id":1017,"name":"Erste Schritte plus","slug":"erste-schritte-plus"}],"publisher":[{"id":497,"name":"Hueber Verlag","slug":"hueber-verlag"}],"class_list":{"0":"post-45071","1":"product","2":"type-product","3":"status-publish","4":"has-post-thumbnail","6":"product_cat-lehrwerke-fur-erwachsene","7":"series-erste-schritte-plus","8":"publisher-hueber-verlag","10":"first","11":"onbackorder","12":"taxable","13":"shipping-taxable","14":"purchasable","15":"product-type-simple"},"acf":[],"_links":{"self":[{"href":"https:\/\/exlibris.ee\/en\/wp-json\/wp\/v2\/product\/45071","targetHints":{"allow":["GET"]}}],"collection":[{"href":"https:\/\/exlibris.ee\/en\/wp-json\/wp\/v2\/product"}],"about":[{"href":"https:\/\/exlibris.ee\/en\/wp-json\/wp\/v2\/types\/product"}],"wp:featuredmedia":[{"embeddable":true,"href":"https:\/\/exlibris.ee\/en\/wp-json\/wp\/v2\/media\/56233"}],"wp:attachment":[{"href":"https:\/\/exlibris.ee\/en\/wp-json\/wp\/v2\/media?parent=45071"}],"wp:term":[{"taxonomy":"product_brand","embeddable":true,"href":"https:\/\/exlibris.ee\/en\/wp-json\/wp\/v2\/product_brand?post=45071"},{"taxonomy":"product_cat","embeddable":true,"href":"https:\/\/exlibris.ee\/en\/wp-json\/wp\/v2\/product_cat?post=45071"},{"taxonomy":"product_tag","embeddable":true,"href":"https:\/\/exlibris.ee\/en\/wp-json\/wp\/v2\/product_tag?post=45071"},{"taxonomy":"series","embeddable":true,"href":"https:\/\/exlibris.ee\/en\/wp-json\/wp\/v2\/series?post=45071"},{"taxonomy":"publisher","embeddable":true,"href":"https:\/\/exlibris.ee\/en\/wp-json\/wp\/v2\/publisher?post=45071"}],"curies":[{"name":"wp","href":"https:\/\/api.w.org\/{rel}","templated":true}]}}