{"id":45085,"date":"2023-05-12T11:20:14","date_gmt":"2023-05-12T08:20:14","guid":{"rendered":"https:\/\/exlibris.ee\/toode\/deutsch-in-der-kita-griechisch-spanisch-polnisch-rumanisch-buch-mit-mp3-download\/"},"modified":"2026-04-03T09:21:44","modified_gmt":"2026-04-03T06:21:44","slug":"deutsch-in-der-kita-griechisch-spanisch-polnisch-rumanisch-buch-mit-mp3-download","status":"publish","type":"product","link":"https:\/\/exlibris.ee\/en\/product\/deutsch-in-der-kita-griechisch-spanisch-polnisch-rumanisch-buch-mit-mp3-download\/","title":{"rendered":"Deutsch in der Kita  Griechisch, Spanisch, Polnisch, Rum\u00e4nisch \/ Buch mit MP3-Download"},"content":{"rendered":"<p>Der handliche Berufssprachf\u00fchrer Deutsch in der Kita bietet die M\u00f6glichkeit, deutsche Vokabeln und Redemittel f\u00fcr typische Berufssituationen einzu\u00fcben oder sie schnell nachzuschlagen. Deutsch in der Kita wendet sich prim\u00e4r an griechische, polnische, rum\u00e4nische und spanische Muttersprachler. Das Buch enth\u00e4lt neben den Redemitteln auch eine einsprachige Deutsch-Grammatik und ein kleines Fachw\u00f6rterbuch Deutsch mit phonetischen Transkribierungen und \u00dcbersetzungen in alle vier Muttersprachen. F\u00fcr jede dieser Sprachen gibt es einen kostenlosen MP3-Download, der alle S\u00e4tze vertont in Deutsch und als \u00dcbersetzung bereitstellt. Diesen erhalten Sie im Audioservice. Behandelte Themen u. a.: Mit Kollegen und Vorgesetzten sprechen \u2022 Mit Eltern sprechen \u2022 Die \u00dcbergabe \u2022 Mit Kindern sprechen \u2022 K\u00f6rperpflege und Hygiene \u2022 Unfall, Erste Hilfe und Gef\u00e4hrdung u. v. m.<\/p>\n","protected":false},"excerpt":{"rendered":"<p>Der handliche Berufssprachf\u00fchrer Deutsch in der Kita bietet die M\u00f6glichkeit, deutsche Vokabeln und Redemittel f\u00fcr typische Berufssituationen einzu\u00fcben oder sie schnell nachzuschlagen. Deutsch in der Kita wendet sich prim\u00e4r an griechische, polnische, rum\u00e4nische und spanische Muttersprachler. Das Buch enth\u00e4lt neben&#8230;<\/p>\n","protected":false},"featured_media":57841,"template":"","meta":{"_acf_changed":false,"inline_featured_image":false},"product_brand":[],"product_cat":[885],"product_tag":[],"series":[],"publisher":[{"id":497,"name":"Hueber Verlag","slug":"hueber-verlag"}],"class_list":{"0":"post-45085","1":"product","2":"type-product","3":"status-publish","4":"has-post-thumbnail","6":"product_cat-berufssprache","7":"publisher-hueber-verlag","9":"first","10":"instock","11":"taxable","12":"shipping-taxable","13":"purchasable","14":"product-type-simple"},"acf":[],"_links":{"self":[{"href":"https:\/\/exlibris.ee\/en\/wp-json\/wp\/v2\/product\/45085","targetHints":{"allow":["GET"]}}],"collection":[{"href":"https:\/\/exlibris.ee\/en\/wp-json\/wp\/v2\/product"}],"about":[{"href":"https:\/\/exlibris.ee\/en\/wp-json\/wp\/v2\/types\/product"}],"wp:featuredmedia":[{"embeddable":true,"href":"https:\/\/exlibris.ee\/en\/wp-json\/wp\/v2\/media\/57841"}],"wp:attachment":[{"href":"https:\/\/exlibris.ee\/en\/wp-json\/wp\/v2\/media?parent=45085"}],"wp:term":[{"taxonomy":"product_brand","embeddable":true,"href":"https:\/\/exlibris.ee\/en\/wp-json\/wp\/v2\/product_brand?post=45085"},{"taxonomy":"product_cat","embeddable":true,"href":"https:\/\/exlibris.ee\/en\/wp-json\/wp\/v2\/product_cat?post=45085"},{"taxonomy":"product_tag","embeddable":true,"href":"https:\/\/exlibris.ee\/en\/wp-json\/wp\/v2\/product_tag?post=45085"},{"taxonomy":"series","embeddable":true,"href":"https:\/\/exlibris.ee\/en\/wp-json\/wp\/v2\/series?post=45085"},{"taxonomy":"publisher","embeddable":true,"href":"https:\/\/exlibris.ee\/en\/wp-json\/wp\/v2\/publisher?post=45085"}],"curies":[{"name":"wp","href":"https:\/\/api.w.org\/{rel}","templated":true}]}}