{"id":45092,"date":"2023-05-12T11:20:16","date_gmt":"2023-05-12T08:20:16","guid":{"rendered":"https:\/\/exlibris.ee\/toode\/em-neu-2008-abschlusskurs-arbeitsbuch-mit-audio-cd\/"},"modified":"2026-04-13T23:43:39","modified_gmt":"2026-04-13T20:43:39","slug":"em-neu-2008-abschlusskurs-arbeitsbuch-mit-audio-cd","status":"publish","type":"product","link":"https:\/\/exlibris.ee\/en\/product\/em-neu-2008-abschlusskurs-arbeitsbuch-mit-audio-cd\/","title":{"rendered":"em neu 2008 Abschlusskurs  Arbeitsbuch mit Audio-CD"},"content":{"rendered":"<p>Das Arbeitsbuch enth\u00e4lt vertiefende \u00dcbungen zu Grammatik, Wortschatz, Fertigkeiten und Lerntechniken; Aussprachetraining; Lernkontrolle (nach den Kann-Beschreibungen des Europ\u00e4ischen Referenzrahmens). Die Audio-CD enth\u00e4lt alle H\u00f6rtexte zum Arbeitsbuch.<\/p>\n","protected":false},"excerpt":{"rendered":"<p>Das Arbeitsbuch enth\u00e4lt vertiefende \u00dcbungen zu Grammatik, Wortschatz, Fertigkeiten und Lerntechniken; Aussprachetraining; Lernkontrolle (nach den Kann-Beschreibungen des Europ\u00e4ischen Referenzrahmens). Die Audio-CD enth\u00e4lt alle H\u00f6rtexte zum Arbeitsbuch.<\/p>\n","protected":false},"featured_media":56155,"template":"","meta":{"_acf_changed":false,"inline_featured_image":false},"product_brand":[],"product_cat":[897],"product_tag":[],"series":[{"id":1031,"name":"em neu 2008","slug":"em-neu-2008"}],"publisher":[{"id":497,"name":"Hueber Verlag","slug":"hueber-verlag"}],"class_list":{"0":"post-45092","1":"product","2":"type-product","3":"status-publish","4":"has-post-thumbnail","6":"product_cat-keeleope-leiunurk","7":"series-em-neu-2008","8":"publisher-hueber-verlag","10":"first","11":"instock","12":"taxable","13":"shipping-taxable","14":"purchasable","15":"product-type-simple"},"acf":[],"_links":{"self":[{"href":"https:\/\/exlibris.ee\/en\/wp-json\/wp\/v2\/product\/45092","targetHints":{"allow":["GET"]}}],"collection":[{"href":"https:\/\/exlibris.ee\/en\/wp-json\/wp\/v2\/product"}],"about":[{"href":"https:\/\/exlibris.ee\/en\/wp-json\/wp\/v2\/types\/product"}],"wp:featuredmedia":[{"embeddable":true,"href":"https:\/\/exlibris.ee\/en\/wp-json\/wp\/v2\/media\/56155"}],"wp:attachment":[{"href":"https:\/\/exlibris.ee\/en\/wp-json\/wp\/v2\/media?parent=45092"}],"wp:term":[{"taxonomy":"product_brand","embeddable":true,"href":"https:\/\/exlibris.ee\/en\/wp-json\/wp\/v2\/product_brand?post=45092"},{"taxonomy":"product_cat","embeddable":true,"href":"https:\/\/exlibris.ee\/en\/wp-json\/wp\/v2\/product_cat?post=45092"},{"taxonomy":"product_tag","embeddable":true,"href":"https:\/\/exlibris.ee\/en\/wp-json\/wp\/v2\/product_tag?post=45092"},{"taxonomy":"series","embeddable":true,"href":"https:\/\/exlibris.ee\/en\/wp-json\/wp\/v2\/series?post=45092"},{"taxonomy":"publisher","embeddable":true,"href":"https:\/\/exlibris.ee\/en\/wp-json\/wp\/v2\/publisher?post=45092"}],"curies":[{"name":"wp","href":"https:\/\/api.w.org\/{rel}","templated":true}]}}