{"id":45093,"date":"2023-05-12T11:20:28","date_gmt":"2023-05-12T08:20:28","guid":{"rendered":"https:\/\/exlibris.ee\/toode\/deutsch-in-der-medizin-griechisch-spanisch-polnisch-rumanisch-pdf-mp3-download\/"},"modified":"2026-04-20T09:47:21","modified_gmt":"2026-04-20T06:47:21","slug":"deutsch-in-der-medizin-griechisch-spanisch-polnisch-rumanisch-pdf-mp3-download","status":"publish","type":"product","link":"https:\/\/exlibris.ee\/en\/product\/deutsch-in-der-medizin-griechisch-spanisch-polnisch-rumanisch-pdf-mp3-download\/","title":{"rendered":"Deutsch in der Medizin  Griechisch, Spanisch, Polnisch, Rum\u00e4nisch \/ PDF\/MP3-Download"},"content":{"rendered":"<p>Der Berufssprachf\u00fchrer Deutsch in der Pflege f\u00fcr englische Muttersprachler bietet die M\u00f6glichkeit, deutsche Vokabeln und Redemittel f\u00fcr typische Berufssituationen in diesem Bereich einzu\u00fcben oder sie schnell nachzuschlagen. Dabei werden u. a. folgende Themen behandelt: mit Patienten sprechen, mit Kollegen sprechen oder mit \u00c4rzten sprechen. Alle S\u00e4tze sind in Form von MP3-Dateien auf Deutsch und auf Englisch vertont.<\/p>\n","protected":false},"excerpt":{"rendered":"<p>Der Berufssprachf\u00fchrer Deutsch in der Pflege f\u00fcr englische Muttersprachler bietet die M\u00f6glichkeit, deutsche Vokabeln und Redemittel f\u00fcr typische Berufssituationen in diesem Bereich einzu\u00fcben oder sie schnell nachzuschlagen. Dabei werden u. a. folgende Themen behandelt: mit Patienten sprechen, mit Kollegen sprechen&#8230;<\/p>\n","protected":false},"featured_media":57886,"template":"","meta":{"_acf_changed":false,"inline_featured_image":false},"product_brand":[],"product_cat":[885],"product_tag":[],"series":[{"id":1026,"name":"Deutsch in der Medizin","slug":"deutsch-in-der-medizin"}],"publisher":[{"id":497,"name":"Hueber Verlag","slug":"hueber-verlag"}],"class_list":{"0":"post-45093","1":"product","2":"type-product","3":"status-publish","4":"has-post-thumbnail","6":"product_cat-berufssprache","7":"series-deutsch-in-der-medizin","8":"publisher-hueber-verlag","10":"first","11":"onbackorder","12":"taxable","13":"shipping-taxable","14":"purchasable","15":"product-type-simple"},"acf":[],"_links":{"self":[{"href":"https:\/\/exlibris.ee\/en\/wp-json\/wp\/v2\/product\/45093","targetHints":{"allow":["GET"]}}],"collection":[{"href":"https:\/\/exlibris.ee\/en\/wp-json\/wp\/v2\/product"}],"about":[{"href":"https:\/\/exlibris.ee\/en\/wp-json\/wp\/v2\/types\/product"}],"wp:featuredmedia":[{"embeddable":true,"href":"https:\/\/exlibris.ee\/en\/wp-json\/wp\/v2\/media\/57886"}],"wp:attachment":[{"href":"https:\/\/exlibris.ee\/en\/wp-json\/wp\/v2\/media?parent=45093"}],"wp:term":[{"taxonomy":"product_brand","embeddable":true,"href":"https:\/\/exlibris.ee\/en\/wp-json\/wp\/v2\/product_brand?post=45093"},{"taxonomy":"product_cat","embeddable":true,"href":"https:\/\/exlibris.ee\/en\/wp-json\/wp\/v2\/product_cat?post=45093"},{"taxonomy":"product_tag","embeddable":true,"href":"https:\/\/exlibris.ee\/en\/wp-json\/wp\/v2\/product_tag?post=45093"},{"taxonomy":"series","embeddable":true,"href":"https:\/\/exlibris.ee\/en\/wp-json\/wp\/v2\/series?post=45093"},{"taxonomy":"publisher","embeddable":true,"href":"https:\/\/exlibris.ee\/en\/wp-json\/wp\/v2\/publisher?post=45093"}],"curies":[{"name":"wp","href":"https:\/\/api.w.org\/{rel}","templated":true}]}}