{"id":45094,"date":"2023-05-12T11:20:28","date_gmt":"2023-05-12T08:20:28","guid":{"rendered":"https:\/\/exlibris.ee\/toode\/deutsch-ganz-leicht-a1-%d1%81%d0%b0%d0%bc%d0%be%d1%83%d1%87%d0%b8%d1%82%d0%b5%d0%bb%d1%8c-%d0%bd%d0%b5%d0%bc%d0%b5%d1%86%d0%ba%d0%be%d0%b3%d0%be-%d1%8f%d0%b7%d1%8b%d0%ba%d0%b0-%d0%b4%d0%bb%d1%8f\/"},"modified":"2026-04-07T03:38:54","modified_gmt":"2026-04-07T00:38:54","slug":"deutsch-ganz-leicht-a1-%d1%81%d0%b0%d0%bc%d0%be%d1%83%d1%87%d0%b8%d1%82%d0%b5%d0%bb%d1%8c-%d0%bd%d0%b5%d0%bc%d0%b5%d1%86%d0%ba%d0%be%d0%b3%d0%be-%d1%8f%d0%b7%d1%8b%d0%ba%d0%b0-%d0%b4%d0%bb%d1%8f","status":"publish","type":"product","link":"https:\/\/exlibris.ee\/en\/product\/deutsch-ganz-leicht-a1-%d1%81%d0%b0%d0%bc%d0%be%d1%83%d1%87%d0%b8%d1%82%d0%b5%d0%bb%d1%8c-%d0%bd%d0%b5%d0%bc%d0%b5%d1%86%d0%ba%d0%be%d0%b3%d0%be-%d1%8f%d0%b7%d1%8b%d0%ba%d0%b0-%d0%b4%d0%bb%d1%8f\/","title":{"rendered":"Deutsch ganz leicht A1   \u0421\u0430\u043c\u043e\u0443\u0447\u0438\u0442\u0435\u043b\u044c \u043d\u0435\u043c\u0435\u0446\u043a\u043e\u0433\u043e \u044f\u0437\u044b\u043a\u0430 \u0434\u043b\u044f \u043d\u0430\u0447\u0438\u043d\u0430\u044e\u0449\u0438\u0445 \/ PDF-Download"},"content":{"rendered":"<p>Der leichte Weg zu ersten Deutschkenntnissen: Der Kurs Deutsch ganz leicht A1 f\u00fchrt Anf\u00e4nger ohne oder mit geringen Vorkenntnissen Schritt f\u00fcr Schritt zum Niveau A1. Vier Personen begleiten den Lerner in zwei fortlaufenden Geschichten durch den Kurs und geben einen authentischen Einblick in ihr Privat- und Berufsleben. So k\u00f6nnen Alltagssituationen nach Absolvierung des Kurses problemlos gemeistert werden.<\/p>\n","protected":false},"excerpt":{"rendered":"<p>Der leichte Weg zu ersten Deutschkenntnissen: Der Kurs Deutsch ganz leicht A1 f\u00fchrt Anf\u00e4nger ohne oder mit geringen Vorkenntnissen Schritt f\u00fcr Schritt zum Niveau A1. Vier Personen begleiten den Lerner in zwei fortlaufenden Geschichten durch den Kurs und geben einen&#8230;<\/p>\n","protected":false},"featured_media":57889,"template":"","meta":{"_acf_changed":false,"inline_featured_image":false},"product_brand":[],"product_cat":[538],"product_tag":[],"series":[{"id":1027,"name":"Deutsch ganz leicht","slug":"deutsch-ganz-leicht"}],"publisher":[{"id":497,"name":"Hueber Verlag","slug":"hueber-verlag"}],"class_list":{"0":"post-45094","1":"product","2":"type-product","3":"status-publish","4":"has-post-thumbnail","6":"product_cat-lehrwerke-fur-erwachsene","7":"series-deutsch-ganz-leicht","8":"publisher-hueber-verlag","10":"first","11":"onbackorder","12":"taxable","13":"shipping-taxable","14":"purchasable","15":"product-type-simple"},"acf":[],"_links":{"self":[{"href":"https:\/\/exlibris.ee\/en\/wp-json\/wp\/v2\/product\/45094","targetHints":{"allow":["GET"]}}],"collection":[{"href":"https:\/\/exlibris.ee\/en\/wp-json\/wp\/v2\/product"}],"about":[{"href":"https:\/\/exlibris.ee\/en\/wp-json\/wp\/v2\/types\/product"}],"wp:featuredmedia":[{"embeddable":true,"href":"https:\/\/exlibris.ee\/en\/wp-json\/wp\/v2\/media\/57889"}],"wp:attachment":[{"href":"https:\/\/exlibris.ee\/en\/wp-json\/wp\/v2\/media?parent=45094"}],"wp:term":[{"taxonomy":"product_brand","embeddable":true,"href":"https:\/\/exlibris.ee\/en\/wp-json\/wp\/v2\/product_brand?post=45094"},{"taxonomy":"product_cat","embeddable":true,"href":"https:\/\/exlibris.ee\/en\/wp-json\/wp\/v2\/product_cat?post=45094"},{"taxonomy":"product_tag","embeddable":true,"href":"https:\/\/exlibris.ee\/en\/wp-json\/wp\/v2\/product_tag?post=45094"},{"taxonomy":"series","embeddable":true,"href":"https:\/\/exlibris.ee\/en\/wp-json\/wp\/v2\/series?post=45094"},{"taxonomy":"publisher","embeddable":true,"href":"https:\/\/exlibris.ee\/en\/wp-json\/wp\/v2\/publisher?post=45094"}],"curies":[{"name":"wp","href":"https:\/\/api.w.org\/{rel}","templated":true}]}}