{"id":45097,"date":"2023-05-12T11:20:30","date_gmt":"2023-05-12T08:20:30","guid":{"rendered":"https:\/\/exlibris.ee\/toode\/em-neu-2008-hauptkurs-lehrerhandbuch\/"},"modified":"2026-04-13T23:43:40","modified_gmt":"2026-04-13T20:43:40","slug":"em-neu-2008-hauptkurs-lehrerhandbuch","status":"publish","type":"product","link":"https:\/\/exlibris.ee\/en\/product\/em-neu-2008-hauptkurs-lehrerhandbuch\/","title":{"rendered":"em neu 2008 Hauptkurs  Lehrerhandbuch"},"content":{"rendered":"<p>Das Lehrerhandbuch enth\u00e4lt unterrichtspraktische Vorschl\u00e4ge, Transkriptionen der H\u00f6rtexte, L\u00f6sungen f\u00fcr das Kursbuch sowie Tests f\u00fcr alle Lektionen (jeweils als Kopiervorlage).<\/p>\n","protected":false},"excerpt":{"rendered":"<p>Das Lehrerhandbuch enth\u00e4lt unterrichtspraktische Vorschl\u00e4ge, Transkriptionen der H\u00f6rtexte, L\u00f6sungen f\u00fcr das Kursbuch sowie Tests f\u00fcr alle Lektionen (jeweils als Kopiervorlage).<\/p>\n","protected":false},"featured_media":57763,"template":"","meta":{"_acf_changed":false,"inline_featured_image":false},"product_brand":[],"product_cat":[897],"product_tag":[],"series":[{"id":1032,"name":"em neu 2023","slug":"em-neu-2023"}],"publisher":[{"id":497,"name":"Hueber Verlag","slug":"hueber-verlag"}],"class_list":{"0":"post-45097","1":"product","2":"type-product","3":"status-publish","4":"has-post-thumbnail","6":"product_cat-keeleope-leiunurk","7":"series-em-neu-2023","8":"publisher-hueber-verlag","10":"first","11":"instock","12":"taxable","13":"shipping-taxable","14":"purchasable","15":"product-type-simple"},"acf":[],"_links":{"self":[{"href":"https:\/\/exlibris.ee\/en\/wp-json\/wp\/v2\/product\/45097","targetHints":{"allow":["GET"]}}],"collection":[{"href":"https:\/\/exlibris.ee\/en\/wp-json\/wp\/v2\/product"}],"about":[{"href":"https:\/\/exlibris.ee\/en\/wp-json\/wp\/v2\/types\/product"}],"wp:featuredmedia":[{"embeddable":true,"href":"https:\/\/exlibris.ee\/en\/wp-json\/wp\/v2\/media\/57763"}],"wp:attachment":[{"href":"https:\/\/exlibris.ee\/en\/wp-json\/wp\/v2\/media?parent=45097"}],"wp:term":[{"taxonomy":"product_brand","embeddable":true,"href":"https:\/\/exlibris.ee\/en\/wp-json\/wp\/v2\/product_brand?post=45097"},{"taxonomy":"product_cat","embeddable":true,"href":"https:\/\/exlibris.ee\/en\/wp-json\/wp\/v2\/product_cat?post=45097"},{"taxonomy":"product_tag","embeddable":true,"href":"https:\/\/exlibris.ee\/en\/wp-json\/wp\/v2\/product_tag?post=45097"},{"taxonomy":"series","embeddable":true,"href":"https:\/\/exlibris.ee\/en\/wp-json\/wp\/v2\/series?post=45097"},{"taxonomy":"publisher","embeddable":true,"href":"https:\/\/exlibris.ee\/en\/wp-json\/wp\/v2\/publisher?post=45097"}],"curies":[{"name":"wp","href":"https:\/\/api.w.org\/{rel}","templated":true}]}}