{"id":45102,"date":"2023-05-12T11:20:33","date_gmt":"2023-05-12T08:20:33","guid":{"rendered":"https:\/\/exlibris.ee\/toode\/alltag-beruf-co-5-2-audio-cds-zum-kursbuch\/"},"modified":"2026-04-07T03:38:56","modified_gmt":"2026-04-07T00:38:56","slug":"alltag-beruf-co-5-2-audio-cds-zum-kursbuch","status":"publish","type":"product","link":"https:\/\/exlibris.ee\/en\/product\/alltag-beruf-co-5-2-audio-cds-zum-kursbuch\/","title":{"rendered":"Alltag, Beruf &amp; Co. 5  2 Audio-CDs zum Kursbuch"},"content":{"rendered":"<p>Alle H\u00f6rtexte zum Kursbuchteil sowie die H\u00f6rtexte f\u00fcr den Abschlusstest.<\/p>\n","protected":false},"excerpt":{"rendered":"<p>Alle H\u00f6rtexte zum Kursbuchteil sowie die H\u00f6rtexte f\u00fcr den Abschlusstest.<\/p>\n","protected":false},"featured_media":57940,"template":"","meta":{"_acf_changed":false,"inline_featured_image":false},"product_brand":[],"product_cat":[897],"product_tag":[],"series":[{"id":1021,"name":"Alltag, Beruf &amp; Co. 5","slug":"alltag-beruf-co-5"}],"publisher":[{"id":497,"name":"Hueber Verlag","slug":"hueber-verlag"}],"class_list":{"0":"post-45102","1":"product","2":"type-product","3":"status-publish","4":"has-post-thumbnail","6":"product_cat-keeleope-leiunurk","7":"series-alltag-beruf-co-5","8":"publisher-hueber-verlag","10":"first","11":"instock","12":"taxable","13":"shipping-taxable","14":"purchasable","15":"product-type-simple"},"acf":[],"_links":{"self":[{"href":"https:\/\/exlibris.ee\/en\/wp-json\/wp\/v2\/product\/45102","targetHints":{"allow":["GET"]}}],"collection":[{"href":"https:\/\/exlibris.ee\/en\/wp-json\/wp\/v2\/product"}],"about":[{"href":"https:\/\/exlibris.ee\/en\/wp-json\/wp\/v2\/types\/product"}],"wp:featuredmedia":[{"embeddable":true,"href":"https:\/\/exlibris.ee\/en\/wp-json\/wp\/v2\/media\/57940"}],"wp:attachment":[{"href":"https:\/\/exlibris.ee\/en\/wp-json\/wp\/v2\/media?parent=45102"}],"wp:term":[{"taxonomy":"product_brand","embeddable":true,"href":"https:\/\/exlibris.ee\/en\/wp-json\/wp\/v2\/product_brand?post=45102"},{"taxonomy":"product_cat","embeddable":true,"href":"https:\/\/exlibris.ee\/en\/wp-json\/wp\/v2\/product_cat?post=45102"},{"taxonomy":"product_tag","embeddable":true,"href":"https:\/\/exlibris.ee\/en\/wp-json\/wp\/v2\/product_tag?post=45102"},{"taxonomy":"series","embeddable":true,"href":"https:\/\/exlibris.ee\/en\/wp-json\/wp\/v2\/series?post=45102"},{"taxonomy":"publisher","embeddable":true,"href":"https:\/\/exlibris.ee\/en\/wp-json\/wp\/v2\/publisher?post=45102"}],"curies":[{"name":"wp","href":"https:\/\/api.w.org\/{rel}","templated":true}]}}