{"id":45126,"date":"2023-05-12T11:20:40","date_gmt":"2023-05-12T08:20:40","guid":{"rendered":"https:\/\/exlibris.ee\/toode\/momente-a1-arbeitsbuch-interaktive-version\/"},"modified":"2026-04-18T17:19:03","modified_gmt":"2026-04-18T14:19:03","slug":"momente-a1-arbeitsbuch-interaktive-version","status":"publish","type":"product","link":"https:\/\/exlibris.ee\/en\/product\/momente-a1-arbeitsbuch-interaktive-version\/","title":{"rendered":"Momente A1  Arbeitsbuch \u2013 Interaktive Version"},"content":{"rendered":"<p>Momente A1 Digitaler Unterrichtsplaner Der digitale Unterrichtsplaner ist eine Erweiterung der interaktiven Version des Kursbuchs auf Hueber interaktiv. Mit dem digitalen Unterrichtsplaner erhalten Lehrende eine F\u00fclle von Unterrichtshilfen: \u2022 Konzeptbeschreibung und Informationen zum Aufbau des Lehrwerks \u2022 einen Wegweiser zu den Unterrichtspl\u00e4nen \u2022 Unterrichtspl\u00e4ne zu den Lektionen und Magazinseiten im Kursbuch und zu den Fokus-Beruf-Seiten im Arbeitsbuch \u2022 Ein Didaktik-Glossar erkl\u00e4rt didaktische Fachbegriffe anschaulich und praxisnah; das Methodenglossar gibt Erkl\u00e4rungen f\u00fcr die Umsetzung im Unterricht. \u2022 Tipps f\u00fcr den digitalgest\u00fctzten Unterricht \u2022 vielf\u00e4ltige Kopiervorlagen zu den Lektionen und Filmen (Extra-Filme und Magazinfilme) \u2022 zweiseitige, leicht einsetzbare Tests zu den Lektionen (samt L\u00f6sungen), mit denen der Lernstoff zu den Rubriken W\u00d6RTER, GRAMMATIK und KOMMUNIKATION \u00fcberpr\u00fcft werden kann \u2022 eine Stoppuhr.<\/p>\n","protected":false},"excerpt":{"rendered":"<p>Momente A1 Digitaler Unterrichtsplaner Der digitale Unterrichtsplaner ist eine Erweiterung der interaktiven Version des Kursbuchs auf Hueber interaktiv. Mit dem digitalen Unterrichtsplaner erhalten Lehrende eine F\u00fclle von Unterrichtshilfen: \u2022 Konzeptbeschreibung und Informationen zum Aufbau des Lehrwerks \u2022 einen Wegweiser zu&#8230;<\/p>\n","protected":false},"featured_media":58141,"template":"","meta":{"_acf_changed":false,"inline_featured_image":false},"product_brand":[],"product_cat":[1121],"product_tag":[],"series":[{"id":596,"name":"Momente A1","slug":"momente-a1"}],"publisher":[{"id":497,"name":"Hueber Verlag","slug":"hueber-verlag"}],"class_list":{"0":"post-45126","1":"product","2":"type-product","3":"status-publish","4":"has-post-thumbnail","6":"product_cat-lehrwerke-fur-jugendliche-und-erwachsene","7":"series-momente-a1","8":"publisher-hueber-verlag","10":"first","11":"onbackorder","12":"taxable","13":"shipping-taxable","14":"purchasable","15":"product-type-simple"},"acf":[],"_links":{"self":[{"href":"https:\/\/exlibris.ee\/en\/wp-json\/wp\/v2\/product\/45126","targetHints":{"allow":["GET"]}}],"collection":[{"href":"https:\/\/exlibris.ee\/en\/wp-json\/wp\/v2\/product"}],"about":[{"href":"https:\/\/exlibris.ee\/en\/wp-json\/wp\/v2\/types\/product"}],"wp:featuredmedia":[{"embeddable":true,"href":"https:\/\/exlibris.ee\/en\/wp-json\/wp\/v2\/media\/58141"}],"wp:attachment":[{"href":"https:\/\/exlibris.ee\/en\/wp-json\/wp\/v2\/media?parent=45126"}],"wp:term":[{"taxonomy":"product_brand","embeddable":true,"href":"https:\/\/exlibris.ee\/en\/wp-json\/wp\/v2\/product_brand?post=45126"},{"taxonomy":"product_cat","embeddable":true,"href":"https:\/\/exlibris.ee\/en\/wp-json\/wp\/v2\/product_cat?post=45126"},{"taxonomy":"product_tag","embeddable":true,"href":"https:\/\/exlibris.ee\/en\/wp-json\/wp\/v2\/product_tag?post=45126"},{"taxonomy":"series","embeddable":true,"href":"https:\/\/exlibris.ee\/en\/wp-json\/wp\/v2\/series?post=45126"},{"taxonomy":"publisher","embeddable":true,"href":"https:\/\/exlibris.ee\/en\/wp-json\/wp\/v2\/publisher?post=45126"}],"curies":[{"name":"wp","href":"https:\/\/api.w.org\/{rel}","templated":true}]}}