{"id":45142,"date":"2023-05-12T11:20:44","date_gmt":"2023-05-12T08:20:44","guid":{"rendered":"https:\/\/exlibris.ee\/toode\/momente-a1-1-interaktiver-unterrichtsplaner\/"},"modified":"2026-04-04T05:14:30","modified_gmt":"2026-04-04T02:14:30","slug":"momente-a1-1-interaktiver-unterrichtsplaner","status":"publish","type":"product","link":"https:\/\/exlibris.ee\/en\/product\/momente-a1-1-interaktiver-unterrichtsplaner\/","title":{"rendered":"Momente A1.1  Add-on zum Kursbuch auf Hueber interaktiv: Digitaler Unterrichtsplaner"},"content":{"rendered":"<p>Momente A1.1 Digitaler Unterrichtsplaner Der digitale Unterrichtsplaner ist eine Erweiterung der interaktiven Version des Kursbuchs auf Hueber interaktiv. Mit dem digitalen Unterrichtsplaner erhalten Sie eine F\u00fclle von Lehrhilfen: \u2022 Konzeptbeschreibung und Informationen zum Aufbau des Lehrwerks \u2022 einen Wegweiser zu den Unterrichtspl\u00e4nen \u2022 Unterrichtspl\u00e4ne zu den Lektionen und Magazinseiten im Kursbuch und zu den Fokus-Beruf-Seiten im Arbeitsbuch \u2022 Ein Didaktik-Glossar erkl\u00e4rt didaktische Fachbegriffe anschaulich und praxisnah; das Methodenglossar gibt Erkl\u00e4rungen f\u00fcr die Umsetzung im Unterricht. \u2022 Tipps f\u00fcr den digitalgest\u00fctzten Unterricht \u2022 vielf\u00e4ltige Kopiervorlagen zu den Lektionen und Filmen (Extra-Filme und Magazinfilme) \u2022 zweiseitige, leicht einsetzbare Tests zu den Lektionen (samt L\u00f6sungen), mit denen der Lernstoff zu den Rubriken W\u00d6RTER, GRAMMATIK und KOMMUNIKATION \u00fcberpr\u00fcft werden kann \u2022 eine Stoppuhr \u2022 Transkriptionen der Audios und Videos \u2022 L\u00f6sungsschl\u00fcssel zum Kurs- und Arbeitsbuch \u2022 \u00dcbersichten zu Pr\u00fcfungsformaten und Aufgaben mit Bezug zum erweiterten Gemeinsamen Europ\u00e4ischen Referenzrahmen f\u00fcr Sprachen Wichtiger Hinweis: Der digitale Unterrichtsplaner ist ein Zusatzprodukt der interaktiven Version des Kurs- und Arbeitsbuchs. Um den digitalen Unterrichtsplaner Momente A1.1 nutzen zu k\u00f6nnen, ben\u00f6tigen Sie daher vorab die interaktive Version des Kursbuchs Momente A1.1 auf Hueber interaktiv (ISBN: 978-3-19-621791-9, der Code ist auch im gedruckten Kursbuch Momente A1.1 enthalten, ISBN: 978-3-19-001791-1). Ein weiterer Vorteil: Mit Einl\u00f6sung des Codes f\u00fcr den Unterrichtsplaner verl\u00e4ngert sich auch die Lizenzlaufzeit des interaktiven Kursbuchs wieder auf 3 Jahre.<\/p>\n","protected":false},"excerpt":{"rendered":"<p>Momente A1.1 Digitaler Unterrichtsplaner Der digitale Unterrichtsplaner ist eine Erweiterung der interaktiven Version des Kursbuchs auf Hueber interaktiv. Mit dem digitalen Unterrichtsplaner erhalten Sie eine F\u00fclle von Lehrhilfen: \u2022 Konzeptbeschreibung und Informationen zum Aufbau des Lehrwerks \u2022 einen Wegweiser zu&#8230;<\/p>\n","protected":false},"featured_media":58258,"template":"","meta":{"_acf_changed":false,"inline_featured_image":false},"product_brand":[],"product_cat":[1121],"product_tag":[],"series":[{"id":539,"name":"Momente A1.1","slug":"momente-a1-1"}],"publisher":[{"id":497,"name":"Hueber Verlag","slug":"hueber-verlag"}],"class_list":{"0":"post-45142","1":"product","2":"type-product","3":"status-publish","4":"has-post-thumbnail","6":"product_cat-lehrwerke-fur-jugendliche-und-erwachsene","7":"series-momente-a1-1","8":"publisher-hueber-verlag","10":"first","11":"onbackorder","12":"taxable","13":"shipping-taxable","14":"purchasable","15":"product-type-simple"},"acf":[],"_links":{"self":[{"href":"https:\/\/exlibris.ee\/en\/wp-json\/wp\/v2\/product\/45142","targetHints":{"allow":["GET"]}}],"collection":[{"href":"https:\/\/exlibris.ee\/en\/wp-json\/wp\/v2\/product"}],"about":[{"href":"https:\/\/exlibris.ee\/en\/wp-json\/wp\/v2\/types\/product"}],"wp:featuredmedia":[{"embeddable":true,"href":"https:\/\/exlibris.ee\/en\/wp-json\/wp\/v2\/media\/58258"}],"wp:attachment":[{"href":"https:\/\/exlibris.ee\/en\/wp-json\/wp\/v2\/media?parent=45142"}],"wp:term":[{"taxonomy":"product_brand","embeddable":true,"href":"https:\/\/exlibris.ee\/en\/wp-json\/wp\/v2\/product_brand?post=45142"},{"taxonomy":"product_cat","embeddable":true,"href":"https:\/\/exlibris.ee\/en\/wp-json\/wp\/v2\/product_cat?post=45142"},{"taxonomy":"product_tag","embeddable":true,"href":"https:\/\/exlibris.ee\/en\/wp-json\/wp\/v2\/product_tag?post=45142"},{"taxonomy":"series","embeddable":true,"href":"https:\/\/exlibris.ee\/en\/wp-json\/wp\/v2\/series?post=45142"},{"taxonomy":"publisher","embeddable":true,"href":"https:\/\/exlibris.ee\/en\/wp-json\/wp\/v2\/publisher?post=45142"}],"curies":[{"name":"wp","href":"https:\/\/api.w.org\/{rel}","templated":true}]}}