{"id":45149,"date":"2023-05-12T11:20:46","date_gmt":"2023-05-12T08:20:46","guid":{"rendered":"https:\/\/exlibris.ee\/toode\/deutsch-kompakt-neu-russische-ausgabe-paket-2-bucher-mp3-download\/"},"modified":"2026-04-05T17:23:36","modified_gmt":"2026-04-05T14:23:36","slug":"deutsch-kompakt-neu-russische-ausgabe-paket-2-bucher-mp3-download","status":"publish","type":"product","link":"https:\/\/exlibris.ee\/en\/product\/deutsch-kompakt-neu-russische-ausgabe-paket-2-bucher-mp3-download\/","title":{"rendered":"deutsch kompakt Neu  Russische Ausgabe \/ Paket: 2 B\u00fccher + MP3-Download"},"content":{"rendered":"<p>Der Selbstlernkurs &#8220;deutsch kompakt Neu &#8211; T\u00fcrkische Ausgabe&#8221; begleitet Anf\u00e4nger ohne Vorkenntnisse in ihrer Muttersprache und schafft eine Sprachkompetenz, die die m\u00fcndliche und schriftliche Teilnahme an der Alltagskommunikation erm\u00f6glicht. Ein unterhaltsamer, effektiver und motivierender Einstieg in die deutsche Sprache! Jeder Kurs besteht aus einem einsprachigen Textbuch, einem zweisprachigen Arbeitsbuch und 3 Audio-CDs: &#8211; Das einsprachige Textbuch enth\u00e4lt die kompletten Dialoge der Audio CDs mit \u00dcbungen und kurzen Anmerkungen zur Grammatik. &#8211; Das zweisprachige Arbeitsbuch f\u00fchrt den Lerner in seiner Muttersprache durch die Lektionen, die in wiederkehrende Rubriken aufgeteilt sind: Dialog mit \u00dcbungen \u2013 Grammatik, Neue W\u00f6rter, \u00dcbungen \u2013 Aussprache. &#8211; Die einsprachigen Audio-CDs enthalten Dialoge, Texte und \u00dcbungen.<\/p>\n","protected":false},"excerpt":{"rendered":"<p>Der Selbstlernkurs &#8220;deutsch kompakt Neu &#8211; T\u00fcrkische Ausgabe&#8221; begleitet Anf\u00e4nger ohne Vorkenntnisse in ihrer Muttersprache und schafft eine Sprachkompetenz, die die m\u00fcndliche und schriftliche Teilnahme an der Alltagskommunikation erm\u00f6glicht. Ein unterhaltsamer, effektiver und motivierender Einstieg in die deutsche Sprache! Jeder&#8230;<\/p>\n","protected":false},"featured_media":58303,"template":"","meta":{"_acf_changed":false,"inline_featured_image":false},"product_brand":[],"product_cat":[538],"product_tag":[],"series":[{"id":1043,"name":"deutsch kompakt Neu","slug":"deutsch-kompakt-neu"}],"publisher":[{"id":497,"name":"Hueber Verlag","slug":"hueber-verlag"}],"class_list":{"0":"post-45149","1":"product","2":"type-product","3":"status-publish","4":"has-post-thumbnail","6":"product_cat-lehrwerke-fur-erwachsene","7":"series-deutsch-kompakt-neu","8":"publisher-hueber-verlag","10":"first","11":"onbackorder","12":"taxable","13":"shipping-taxable","14":"purchasable","15":"product-type-simple"},"acf":[],"_links":{"self":[{"href":"https:\/\/exlibris.ee\/en\/wp-json\/wp\/v2\/product\/45149","targetHints":{"allow":["GET"]}}],"collection":[{"href":"https:\/\/exlibris.ee\/en\/wp-json\/wp\/v2\/product"}],"about":[{"href":"https:\/\/exlibris.ee\/en\/wp-json\/wp\/v2\/types\/product"}],"wp:featuredmedia":[{"embeddable":true,"href":"https:\/\/exlibris.ee\/en\/wp-json\/wp\/v2\/media\/58303"}],"wp:attachment":[{"href":"https:\/\/exlibris.ee\/en\/wp-json\/wp\/v2\/media?parent=45149"}],"wp:term":[{"taxonomy":"product_brand","embeddable":true,"href":"https:\/\/exlibris.ee\/en\/wp-json\/wp\/v2\/product_brand?post=45149"},{"taxonomy":"product_cat","embeddable":true,"href":"https:\/\/exlibris.ee\/en\/wp-json\/wp\/v2\/product_cat?post=45149"},{"taxonomy":"product_tag","embeddable":true,"href":"https:\/\/exlibris.ee\/en\/wp-json\/wp\/v2\/product_tag?post=45149"},{"taxonomy":"series","embeddable":true,"href":"https:\/\/exlibris.ee\/en\/wp-json\/wp\/v2\/series?post=45149"},{"taxonomy":"publisher","embeddable":true,"href":"https:\/\/exlibris.ee\/en\/wp-json\/wp\/v2\/publisher?post=45149"}],"curies":[{"name":"wp","href":"https:\/\/api.w.org\/{rel}","templated":true}]}}