{"id":45157,"date":"2023-05-12T11:20:48","date_gmt":"2023-05-12T08:20:48","guid":{"rendered":"https:\/\/exlibris.ee\/toode\/ideen-sprachniveau-2-digitalisiertes-kursbuch-mit-integrierten-audiodateien\/"},"modified":"2026-04-03T11:14:27","modified_gmt":"2026-04-03T08:14:27","slug":"ideen-sprachniveau-2-digitalisiertes-kursbuch-mit-integrierten-audiodateien","status":"publish","type":"product","link":"https:\/\/exlibris.ee\/en\/product\/ideen-sprachniveau-2-digitalisiertes-kursbuch-mit-integrierten-audiodateien\/","title":{"rendered":"Ideen 2 \u2013 Digitale Ausgabe  Digitalisiertes Kursbuch mit integrierten Audiodateien"},"content":{"rendered":"<p>Digitales Kursbuch mit integrierten MP3-Dateien Zus\u00e4tzliche Funktionen auf der Lern-Plattform BlinkLearning In der Sch\u00fclerversion: Notenanzeige und Leistungsstandspeicherung bei den interaktiven \u00dcbungen. In der Version f\u00fcr Lehrkr\u00e4fte: Der Leistungsstand Ihrer einzelnen Sch\u00fcler\/innen und Ihrer Klasse wird Ihnen \u00fcbersichtlich angezeigt. Mit einem Klick k\u00f6nnen Sie Ihren Sch\u00fcler\/innen eine passende \u00dcbung zuweisen.<\/p>\n","protected":false},"excerpt":{"rendered":"<p>Digitales Kursbuch mit integrierten MP3-Dateien Zus\u00e4tzliche Funktionen auf der Lern-Plattform BlinkLearning In der Sch\u00fclerversion: Notenanzeige und Leistungsstandspeicherung bei den interaktiven \u00dcbungen. In der Version f\u00fcr Lehrkr\u00e4fte: Der Leistungsstand Ihrer einzelnen Sch\u00fcler\/innen und Ihrer Klasse wird Ihnen \u00fcbersichtlich angezeigt. Mit einem&#8230;<\/p>\n","protected":false},"featured_media":58369,"template":"","meta":{"_acf_changed":false,"inline_featured_image":false},"product_brand":[],"product_cat":[1121],"product_tag":[],"series":[{"id":542,"name":"Ideen Sprachniveau 2","slug":"ideen-sprachniveau-2"}],"publisher":[{"id":497,"name":"Hueber Verlag","slug":"hueber-verlag"}],"class_list":{"0":"post-45157","1":"product","2":"type-product","3":"status-publish","4":"has-post-thumbnail","6":"product_cat-lehrwerke-fur-jugendliche-und-erwachsene","7":"series-ideen-sprachniveau-2","8":"publisher-hueber-verlag","10":"first","11":"onbackorder","12":"taxable","13":"shipping-taxable","14":"purchasable","15":"product-type-simple"},"acf":[],"_links":{"self":[{"href":"https:\/\/exlibris.ee\/en\/wp-json\/wp\/v2\/product\/45157","targetHints":{"allow":["GET"]}}],"collection":[{"href":"https:\/\/exlibris.ee\/en\/wp-json\/wp\/v2\/product"}],"about":[{"href":"https:\/\/exlibris.ee\/en\/wp-json\/wp\/v2\/types\/product"}],"wp:featuredmedia":[{"embeddable":true,"href":"https:\/\/exlibris.ee\/en\/wp-json\/wp\/v2\/media\/58369"}],"wp:attachment":[{"href":"https:\/\/exlibris.ee\/en\/wp-json\/wp\/v2\/media?parent=45157"}],"wp:term":[{"taxonomy":"product_brand","embeddable":true,"href":"https:\/\/exlibris.ee\/en\/wp-json\/wp\/v2\/product_brand?post=45157"},{"taxonomy":"product_cat","embeddable":true,"href":"https:\/\/exlibris.ee\/en\/wp-json\/wp\/v2\/product_cat?post=45157"},{"taxonomy":"product_tag","embeddable":true,"href":"https:\/\/exlibris.ee\/en\/wp-json\/wp\/v2\/product_tag?post=45157"},{"taxonomy":"series","embeddable":true,"href":"https:\/\/exlibris.ee\/en\/wp-json\/wp\/v2\/series?post=45157"},{"taxonomy":"publisher","embeddable":true,"href":"https:\/\/exlibris.ee\/en\/wp-json\/wp\/v2\/publisher?post=45157"}],"curies":[{"name":"wp","href":"https:\/\/api.w.org\/{rel}","templated":true}]}}