{"id":45158,"date":"2023-05-12T11:20:48","date_gmt":"2023-05-12T08:20:48","guid":{"rendered":"https:\/\/exlibris.ee\/toode\/alltag-beruf-co-4-alltag-beruf-co-6-worterlernheft\/"},"modified":"2026-04-16T17:47:57","modified_gmt":"2026-04-16T14:47:57","slug":"alltag-beruf-co-4-alltag-beruf-co-6-worterlernheft","status":"publish","type":"product","link":"https:\/\/exlibris.ee\/en\/product\/alltag-beruf-co-4-alltag-beruf-co-6-worterlernheft\/","title":{"rendered":"Alltag, Beruf &amp; Co.4  Alltag, Beruf &amp; Co. 6  W\u00f6rterlernheft"},"content":{"rendered":"<p>W\u00f6rterheft zum Lernwortschatz des Kurs-\/Arbeitsbuches Jede Seite ist in 4 Spalten aufgeteilt: &#8211; Stichw\u00f6rter &#8211; Beispiels\u00e4tze zu den Stichw\u00f6rtern &#8211; L\u00fccken\u00fcbungen &#8211; Schreiblinien zum Eintragen der \u00dcbersetzung.<\/p>\n","protected":false},"excerpt":{"rendered":"<p>W\u00f6rterheft zum Lernwortschatz des Kurs-\/Arbeitsbuches Jede Seite ist in 4 Spalten aufgeteilt: &#8211; Stichw\u00f6rter &#8211; Beispiels\u00e4tze zu den Stichw\u00f6rtern &#8211; L\u00fccken\u00fcbungen &#8211; Schreiblinien zum Eintragen der \u00dcbersetzung.<\/p>\n","protected":false},"featured_media":58372,"template":"","meta":{"_acf_changed":false,"inline_featured_image":false},"product_brand":[],"product_cat":[885],"product_tag":[],"series":[{"id":1046,"name":"Alltag, Beruf &amp; Co.4","slug":"alltag-beruf-co-4-2"}],"publisher":[{"id":497,"name":"Hueber Verlag","slug":"hueber-verlag"}],"class_list":{"0":"post-45158","1":"product","2":"type-product","3":"status-publish","4":"has-post-thumbnail","6":"product_cat-berufssprache","7":"series-alltag-beruf-co-4-2","8":"publisher-hueber-verlag","10":"first","11":"onbackorder","12":"taxable","13":"shipping-taxable","14":"purchasable","15":"product-type-simple"},"acf":[],"_links":{"self":[{"href":"https:\/\/exlibris.ee\/en\/wp-json\/wp\/v2\/product\/45158","targetHints":{"allow":["GET"]}}],"collection":[{"href":"https:\/\/exlibris.ee\/en\/wp-json\/wp\/v2\/product"}],"about":[{"href":"https:\/\/exlibris.ee\/en\/wp-json\/wp\/v2\/types\/product"}],"wp:featuredmedia":[{"embeddable":true,"href":"https:\/\/exlibris.ee\/en\/wp-json\/wp\/v2\/media\/58372"}],"wp:attachment":[{"href":"https:\/\/exlibris.ee\/en\/wp-json\/wp\/v2\/media?parent=45158"}],"wp:term":[{"taxonomy":"product_brand","embeddable":true,"href":"https:\/\/exlibris.ee\/en\/wp-json\/wp\/v2\/product_brand?post=45158"},{"taxonomy":"product_cat","embeddable":true,"href":"https:\/\/exlibris.ee\/en\/wp-json\/wp\/v2\/product_cat?post=45158"},{"taxonomy":"product_tag","embeddable":true,"href":"https:\/\/exlibris.ee\/en\/wp-json\/wp\/v2\/product_tag?post=45158"},{"taxonomy":"series","embeddable":true,"href":"https:\/\/exlibris.ee\/en\/wp-json\/wp\/v2\/series?post=45158"},{"taxonomy":"publisher","embeddable":true,"href":"https:\/\/exlibris.ee\/en\/wp-json\/wp\/v2\/publisher?post=45158"}],"curies":[{"name":"wp","href":"https:\/\/api.w.org\/{rel}","templated":true}]}}