{"id":45162,"date":"2023-05-12T11:20:48","date_gmt":"2023-05-12T08:20:48","guid":{"rendered":"https:\/\/exlibris.ee\/toode\/ideen-sprachniveau-3-digitalisiertes-arbeitsbuch-mit-integrierten-audiodateien\/"},"modified":"2026-04-06T11:09:00","modified_gmt":"2026-04-06T08:09:00","slug":"ideen-sprachniveau-3-digitalisiertes-arbeitsbuch-mit-integrierten-audiodateien","status":"publish","type":"product","link":"https:\/\/exlibris.ee\/en\/product\/ideen-sprachniveau-3-digitalisiertes-arbeitsbuch-mit-integrierten-audiodateien\/","title":{"rendered":"Ideen 3 \u2013 Digitale Ausgabe  Digitalisiertes Arbeitsbuch mit integrierten Audiodateien"},"content":{"rendered":"<p>Digitales Arbeitsbuch mit MP3-Dateien Das Arbeitsbuch dient zum selbstst\u00e4ndigen \u00dcben und Vertiefen des Lernstoffs im Kursbuch Ideen. Es gibt \u00dcbungsteile zur Textarbeit, zu Grammatik und Wortschatz, zur Aussprache, zu alltagssprachlichen Wendungen sowie ein Fertigkeitentraining zu den Fertigkeiten H\u00f6ren, Lesen und Schreiben. Nach jedem Modul befindet sich ein Modul-Test mit der M\u00f6glichkeit zur Selbstkontrolle. Die L\u00f6sungen hierzu befinden sich im Anhang des Arbeitsbuchs. Inklusive MP3-Dateien mit den H\u00f6rtexten zum Arbeitsbuch .<\/p>\n","protected":false},"excerpt":{"rendered":"<p>Digitales Arbeitsbuch mit MP3-Dateien Das Arbeitsbuch dient zum selbstst\u00e4ndigen \u00dcben und Vertiefen des Lernstoffs im Kursbuch Ideen. Es gibt \u00dcbungsteile zur Textarbeit, zu Grammatik und Wortschatz, zur Aussprache, zu alltagssprachlichen Wendungen sowie ein Fertigkeitentraining zu den Fertigkeiten H\u00f6ren, Lesen und&#8230;<\/p>\n","protected":false},"featured_media":58405,"template":"","meta":{"_acf_changed":false,"inline_featured_image":false},"product_brand":[],"product_cat":[1121],"product_tag":[],"series":[{"id":543,"name":"Ideen Sprachniveau 3","slug":"ideen-sprachniveau-3"}],"publisher":[{"id":497,"name":"Hueber Verlag","slug":"hueber-verlag"}],"class_list":{"0":"post-45162","1":"product","2":"type-product","3":"status-publish","4":"has-post-thumbnail","6":"product_cat-lehrwerke-fur-jugendliche-und-erwachsene","7":"series-ideen-sprachniveau-3","8":"publisher-hueber-verlag","10":"first","11":"onbackorder","12":"taxable","13":"shipping-taxable","14":"purchasable","15":"product-type-simple"},"acf":[],"_links":{"self":[{"href":"https:\/\/exlibris.ee\/en\/wp-json\/wp\/v2\/product\/45162","targetHints":{"allow":["GET"]}}],"collection":[{"href":"https:\/\/exlibris.ee\/en\/wp-json\/wp\/v2\/product"}],"about":[{"href":"https:\/\/exlibris.ee\/en\/wp-json\/wp\/v2\/types\/product"}],"wp:featuredmedia":[{"embeddable":true,"href":"https:\/\/exlibris.ee\/en\/wp-json\/wp\/v2\/media\/58405"}],"wp:attachment":[{"href":"https:\/\/exlibris.ee\/en\/wp-json\/wp\/v2\/media?parent=45162"}],"wp:term":[{"taxonomy":"product_brand","embeddable":true,"href":"https:\/\/exlibris.ee\/en\/wp-json\/wp\/v2\/product_brand?post=45162"},{"taxonomy":"product_cat","embeddable":true,"href":"https:\/\/exlibris.ee\/en\/wp-json\/wp\/v2\/product_cat?post=45162"},{"taxonomy":"product_tag","embeddable":true,"href":"https:\/\/exlibris.ee\/en\/wp-json\/wp\/v2\/product_tag?post=45162"},{"taxonomy":"series","embeddable":true,"href":"https:\/\/exlibris.ee\/en\/wp-json\/wp\/v2\/series?post=45162"},{"taxonomy":"publisher","embeddable":true,"href":"https:\/\/exlibris.ee\/en\/wp-json\/wp\/v2\/publisher?post=45162"}],"curies":[{"name":"wp","href":"https:\/\/api.w.org\/{rel}","templated":true}]}}