{"id":45164,"date":"2023-05-12T11:20:49","date_gmt":"2023-05-12T08:20:49","guid":{"rendered":"https:\/\/exlibris.ee\/toode\/deutsch-uben-horen-sprechen-b1-buch-mit-audios-online\/"},"modified":"2026-04-23T07:42:21","modified_gmt":"2026-04-23T04:42:21","slug":"deutsch-uben-horen-sprechen-b1-buch-mit-audios-online","status":"publish","type":"product","link":"https:\/\/exlibris.ee\/en\/product\/deutsch-uben-horen-sprechen-b1-buch-mit-audios-online\/","title":{"rendered":"Deutsch \u00fcben &#8211; H\u00f6ren &amp; Sprechen B1  Buch mit Audios online"},"content":{"rendered":"<p>Mit dem \u00dcbungsbuch Deutsch Grammatik A1\/A2 k\u00f6nnen Jugendliche und Erwachsene alle wichtigen grundlegenden Grammatikthemen (Niveau A1 bis A2) effizient trainieren und festigen. Die Aufgaben sind stark anwendungs- und handlungsorientiert. Jedes Grammatikthema wird nach dem optimalen Lernweg vermittelt: Bewusstmachen \u2013 Kontextualisieren \u2013 Anwenden \u2013 Festigen. Die Anwendungssituationen kommen aus dem Alltag und beziehen die Lebenswirklichkeit der Lernenden mit ein. \u2022 ansprechend vierfarbig gestaltet mit humorvollen, lernf\u00f6rdernden Illustrationen \u2022 Die \u00dcbungen sind nach Schwierigkeit gekennzeichnet. \u2022 abwechslungsreiche \u00dcbungstypen \u2022 F\u00f6rderung der m\u00fcndlichen und schriftlichen Sprachproduktion \u2022 Die Erkl\u00e4rungen sind in einfachem Deutsch verfasst. Im Vorwort werden Aufbau, Symbole und Nutzung auf Deutsch, Englisch und Arabisch erkl\u00e4rt.<\/p>\n","protected":false},"excerpt":{"rendered":"<p>Mit dem \u00dcbungsbuch Deutsch Grammatik A1\/A2 k\u00f6nnen Jugendliche und Erwachsene alle wichtigen grundlegenden Grammatikthemen (Niveau A1 bis A2) effizient trainieren und festigen. Die Aufgaben sind stark anwendungs- und handlungsorientiert. Jedes Grammatikthema wird nach dem optimalen Lernweg vermittelt: Bewusstmachen \u2013 Kontextualisieren&#8230;<\/p>\n","protected":false},"featured_media":58429,"template":"","meta":{"_acf_changed":false,"inline_featured_image":false},"product_brand":[],"product_cat":[558],"product_tag":[],"series":[],"publisher":[{"id":497,"name":"Hueber Verlag","slug":"hueber-verlag"}],"class_list":{"0":"post-45164","1":"product","2":"type-product","3":"status-publish","4":"has-post-thumbnail","6":"product_cat-deutsch-uben","7":"publisher-hueber-verlag","9":"first","10":"onbackorder","11":"taxable","12":"shipping-taxable","13":"purchasable","14":"product-type-simple"},"acf":[],"_links":{"self":[{"href":"https:\/\/exlibris.ee\/en\/wp-json\/wp\/v2\/product\/45164","targetHints":{"allow":["GET"]}}],"collection":[{"href":"https:\/\/exlibris.ee\/en\/wp-json\/wp\/v2\/product"}],"about":[{"href":"https:\/\/exlibris.ee\/en\/wp-json\/wp\/v2\/types\/product"}],"wp:featuredmedia":[{"embeddable":true,"href":"https:\/\/exlibris.ee\/en\/wp-json\/wp\/v2\/media\/58429"}],"wp:attachment":[{"href":"https:\/\/exlibris.ee\/en\/wp-json\/wp\/v2\/media?parent=45164"}],"wp:term":[{"taxonomy":"product_brand","embeddable":true,"href":"https:\/\/exlibris.ee\/en\/wp-json\/wp\/v2\/product_brand?post=45164"},{"taxonomy":"product_cat","embeddable":true,"href":"https:\/\/exlibris.ee\/en\/wp-json\/wp\/v2\/product_cat?post=45164"},{"taxonomy":"product_tag","embeddable":true,"href":"https:\/\/exlibris.ee\/en\/wp-json\/wp\/v2\/product_tag?post=45164"},{"taxonomy":"series","embeddable":true,"href":"https:\/\/exlibris.ee\/en\/wp-json\/wp\/v2\/series?post=45164"},{"taxonomy":"publisher","embeddable":true,"href":"https:\/\/exlibris.ee\/en\/wp-json\/wp\/v2\/publisher?post=45164"}],"curies":[{"name":"wp","href":"https:\/\/api.w.org\/{rel}","templated":true}]}}