{"id":45169,"date":"2023-05-12T11:20:51","date_gmt":"2023-05-12T08:20:51","guid":{"rendered":"https:\/\/exlibris.ee\/toode\/deutsch-com-1-digitale-ausgabe-digitalisiertes-arbeitsbuch-mit-integrierten-audiodateien\/"},"modified":"2026-04-05T17:24:58","modified_gmt":"2026-04-05T14:24:58","slug":"deutsch-com-1-digitale-ausgabe-digitalisiertes-arbeitsbuch-mit-integrierten-audiodateien","status":"publish","type":"product","link":"https:\/\/exlibris.ee\/en\/product\/deutsch-com-1-digitale-ausgabe-digitalisiertes-arbeitsbuch-mit-integrierten-audiodateien\/","title":{"rendered":"deutsch.com 1 \u2013 Digitale Ausgabe  Digitalisiertes Arbeitsbuch mit integrierten Audiodateien"},"content":{"rendered":"<p>Das Arbeitsbuch dient dem Vertiefen und Wiederholen des Lernstoffs aus dem Kursbuch. Das breite \u00dcbungsangebot umfasst neben den \u00dcbungen zu Grammatik, Wortschatz und Redemitteln zus\u00e4tzliche kontrastive \u00dcbungen, die den Vergleich mit einer schon gelernten Fremdsprache und mit der Muttersprache erm\u00f6glichen. Au\u00dferdem gibt es \u00dcbungen zu Phonetik und Lernwortschatz sowie Aufgaben zur Selbstkontrolle und Selbstevaluation. Mit letzteren wird dem Portfolio-Gedanken des Europ\u00e4ischen Referenzrahmens Rechnung getragen. Ein vierseitiges Plateau am Ende jedes Moduls kann entweder zum Selbststudium oder im Unterricht eingesetzt werden. Hier werden die Themen und der Lernstoff des gesamten Moduls noch einmal wiederholt \u2013 mit dem Fokus auf Fertigkeitentraining und zus\u00e4tzlichen landeskundlichen Informationen. Ein Projektvorschlag, der zeitlich und inhaltlich so konzipiert wurde, dass er in den Unterrichtsprozess integriert werden kann, schlie\u00dft jedes Modul ab.<\/p>\n","protected":false},"excerpt":{"rendered":"<p>Das Arbeitsbuch dient dem Vertiefen und Wiederholen des Lernstoffs aus dem Kursbuch. Das breite \u00dcbungsangebot umfasst neben den \u00dcbungen zu Grammatik, Wortschatz und Redemitteln zus\u00e4tzliche kontrastive \u00dcbungen, die den Vergleich mit einer schon gelernten Fremdsprache und mit der Muttersprache erm\u00f6glichen&#8230;.<\/p>\n","protected":false},"featured_media":58465,"template":"","meta":{"_acf_changed":false,"inline_featured_image":false},"product_brand":[],"product_cat":[477],"product_tag":[],"series":[{"id":564,"name":"Deutsch.com","slug":"deutsch-com"}],"publisher":[{"id":497,"name":"Hueber Verlag","slug":"hueber-verlag"}],"class_list":{"0":"post-45169","1":"product","2":"type-product","3":"status-publish","4":"has-post-thumbnail","6":"product_cat-lehrwerke-fur-jugendliche","7":"series-deutsch-com","8":"publisher-hueber-verlag","10":"first","11":"onbackorder","12":"taxable","13":"shipping-taxable","14":"purchasable","15":"product-type-simple"},"acf":[],"_links":{"self":[{"href":"https:\/\/exlibris.ee\/en\/wp-json\/wp\/v2\/product\/45169","targetHints":{"allow":["GET"]}}],"collection":[{"href":"https:\/\/exlibris.ee\/en\/wp-json\/wp\/v2\/product"}],"about":[{"href":"https:\/\/exlibris.ee\/en\/wp-json\/wp\/v2\/types\/product"}],"wp:featuredmedia":[{"embeddable":true,"href":"https:\/\/exlibris.ee\/en\/wp-json\/wp\/v2\/media\/58465"}],"wp:attachment":[{"href":"https:\/\/exlibris.ee\/en\/wp-json\/wp\/v2\/media?parent=45169"}],"wp:term":[{"taxonomy":"product_brand","embeddable":true,"href":"https:\/\/exlibris.ee\/en\/wp-json\/wp\/v2\/product_brand?post=45169"},{"taxonomy":"product_cat","embeddable":true,"href":"https:\/\/exlibris.ee\/en\/wp-json\/wp\/v2\/product_cat?post=45169"},{"taxonomy":"product_tag","embeddable":true,"href":"https:\/\/exlibris.ee\/en\/wp-json\/wp\/v2\/product_tag?post=45169"},{"taxonomy":"series","embeddable":true,"href":"https:\/\/exlibris.ee\/en\/wp-json\/wp\/v2\/series?post=45169"},{"taxonomy":"publisher","embeddable":true,"href":"https:\/\/exlibris.ee\/en\/wp-json\/wp\/v2\/publisher?post=45169"}],"curies":[{"name":"wp","href":"https:\/\/api.w.org\/{rel}","templated":true}]}}