{"id":45170,"date":"2023-05-12T11:20:51","date_gmt":"2023-05-12T08:20:51","guid":{"rendered":"https:\/\/exlibris.ee\/toode\/wortschatz-grammatik-a2-buch\/"},"modified":"2026-04-04T23:16:26","modified_gmt":"2026-04-04T20:16:26","slug":"wortschatz-grammatik-a2-buch","status":"publish","type":"product","link":"https:\/\/exlibris.ee\/en\/product\/wortschatz-grammatik-a2-buch\/","title":{"rendered":"Wortschatz &amp; Grammatik A2  Buch"},"content":{"rendered":"<p>Abwechslungsreiche \u00dcbungen (Zuordnungs\u00fcbungen, L\u00fcckentexte, spielerische \u00dcbungen, Umformungs\u00fcbungen, Satzbildungs\u00fcbungen etc.) zu allen f\u00fcr das Niveau A2 (erste Grundkenntnisse) relevanten W\u00f6rtern und Grammatikthemen inklusive L\u00f6sungsschl\u00fcssel. Vorwiegend f\u00fcr lernungewohnte Deutschlerner.<\/p>\n","protected":false},"excerpt":{"rendered":"<p>Abwechslungsreiche \u00dcbungen (Zuordnungs\u00fcbungen, L\u00fcckentexte, spielerische \u00dcbungen, Umformungs\u00fcbungen, Satzbildungs\u00fcbungen etc.) zu allen f\u00fcr das Niveau A2 (erste Grundkenntnisse) relevanten W\u00f6rtern und Grammatikthemen inklusive L\u00f6sungsschl\u00fcssel. Vorwiegend f\u00fcr lernungewohnte Deutschlerner.<\/p>\n","protected":false},"featured_media":58468,"template":"","meta":{"_acf_changed":false,"inline_featured_image":false},"product_brand":[],"product_cat":[480],"product_tag":[],"series":[{"id":1016,"name":"Wortschatz &amp; Grammatik","slug":"wortschatz-grammatik"}],"publisher":[{"id":497,"name":"Hueber Verlag","slug":"hueber-verlag"}],"class_list":{"0":"post-45170","1":"product","2":"type-product","3":"status-publish","4":"has-post-thumbnail","6":"product_cat-grammatiken","7":"series-wortschatz-grammatik","8":"publisher-hueber-verlag","10":"first","11":"onbackorder","12":"taxable","13":"shipping-taxable","14":"purchasable","15":"product-type-simple"},"acf":[],"_links":{"self":[{"href":"https:\/\/exlibris.ee\/en\/wp-json\/wp\/v2\/product\/45170","targetHints":{"allow":["GET"]}}],"collection":[{"href":"https:\/\/exlibris.ee\/en\/wp-json\/wp\/v2\/product"}],"about":[{"href":"https:\/\/exlibris.ee\/en\/wp-json\/wp\/v2\/types\/product"}],"wp:featuredmedia":[{"embeddable":true,"href":"https:\/\/exlibris.ee\/en\/wp-json\/wp\/v2\/media\/58468"}],"wp:attachment":[{"href":"https:\/\/exlibris.ee\/en\/wp-json\/wp\/v2\/media?parent=45170"}],"wp:term":[{"taxonomy":"product_brand","embeddable":true,"href":"https:\/\/exlibris.ee\/en\/wp-json\/wp\/v2\/product_brand?post=45170"},{"taxonomy":"product_cat","embeddable":true,"href":"https:\/\/exlibris.ee\/en\/wp-json\/wp\/v2\/product_cat?post=45170"},{"taxonomy":"product_tag","embeddable":true,"href":"https:\/\/exlibris.ee\/en\/wp-json\/wp\/v2\/product_tag?post=45170"},{"taxonomy":"series","embeddable":true,"href":"https:\/\/exlibris.ee\/en\/wp-json\/wp\/v2\/series?post=45170"},{"taxonomy":"publisher","embeddable":true,"href":"https:\/\/exlibris.ee\/en\/wp-json\/wp\/v2\/publisher?post=45170"}],"curies":[{"name":"wp","href":"https:\/\/api.w.org\/{rel}","templated":true}]}}