{"id":45172,"date":"2023-05-12T11:20:51","date_gmt":"2023-05-12T08:20:51","guid":{"rendered":"https:\/\/exlibris.ee\/toode\/deutsch-com-2-digitale-ausgabe-digitalisiertes-arbeitsbuch-mit-integrierten-audiodateien\/"},"modified":"2026-04-07T05:22:14","modified_gmt":"2026-04-07T02:22:14","slug":"deutsch-com-2-digitale-ausgabe-digitalisiertes-arbeitsbuch-mit-integrierten-audiodateien","status":"publish","type":"product","link":"https:\/\/exlibris.ee\/en\/product\/deutsch-com-2-digitale-ausgabe-digitalisiertes-arbeitsbuch-mit-integrierten-audiodateien\/","title":{"rendered":"deutsch.com 2 \u2013 Digitale Ausgabe  Digitalisiertes Arbeitsbuch mit integrierten Audiodateien"},"content":{"rendered":"<p>Das Lehrerhandbuch enth\u00e4lt: &#8211; eine allgemeine Einf\u00fchrung in die Konzeption des Lehrwerks &#8211; methodisch-didaktische Hinweise zu jeder Kursbuchseite &#8211; Tests zu den Lektionen 37 bis 48 &#8211; Transkriptionen aller H\u00f6rtexte aus dem Kurs- und Arbeitsbuch &#8211; L\u00f6sungsschl\u00fcssel zu allen Aufgaben des Kurs- und Arbeitsbuchs &#8211; L\u00f6sungsschl\u00fcssel zu den Tests deutsch.com erm\u00f6glicht mit seiner Variationsbreite an Aufgaben und Themen &#8211; einen abwechslungsreichen, handlungsorientierten Unterricht zu gestalten &#8211; der Heterogenit\u00e4t einer Lerngruppe gerecht zu werden &#8211; die Lernenden aktiv in das Geschehen mit einzubeziehen &#8211; ein f\u00fcr die Jugendlichen interessantes Bild der deutschsprachigen L\u00e4nder.<\/p>\n","protected":false},"excerpt":{"rendered":"<p>Das Lehrerhandbuch enth\u00e4lt: &#8211; eine allgemeine Einf\u00fchrung in die Konzeption des Lehrwerks &#8211; methodisch-didaktische Hinweise zu jeder Kursbuchseite &#8211; Tests zu den Lektionen 37 bis 48 &#8211; Transkriptionen aller H\u00f6rtexte aus dem Kurs- und Arbeitsbuch &#8211; L\u00f6sungsschl\u00fcssel zu allen Aufgaben&#8230;<\/p>\n","protected":false},"featured_media":58477,"template":"","meta":{"_acf_changed":false,"inline_featured_image":false},"product_brand":[],"product_cat":[477],"product_tag":[],"series":[{"id":564,"name":"Deutsch.com","slug":"deutsch-com"}],"publisher":[{"id":497,"name":"Hueber Verlag","slug":"hueber-verlag"}],"class_list":{"0":"post-45172","1":"product","2":"type-product","3":"status-publish","4":"has-post-thumbnail","6":"product_cat-lehrwerke-fur-jugendliche","7":"series-deutsch-com","8":"publisher-hueber-verlag","10":"first","11":"onbackorder","12":"taxable","13":"shipping-taxable","14":"purchasable","15":"product-type-simple"},"acf":[],"_links":{"self":[{"href":"https:\/\/exlibris.ee\/en\/wp-json\/wp\/v2\/product\/45172","targetHints":{"allow":["GET"]}}],"collection":[{"href":"https:\/\/exlibris.ee\/en\/wp-json\/wp\/v2\/product"}],"about":[{"href":"https:\/\/exlibris.ee\/en\/wp-json\/wp\/v2\/types\/product"}],"wp:featuredmedia":[{"embeddable":true,"href":"https:\/\/exlibris.ee\/en\/wp-json\/wp\/v2\/media\/58477"}],"wp:attachment":[{"href":"https:\/\/exlibris.ee\/en\/wp-json\/wp\/v2\/media?parent=45172"}],"wp:term":[{"taxonomy":"product_brand","embeddable":true,"href":"https:\/\/exlibris.ee\/en\/wp-json\/wp\/v2\/product_brand?post=45172"},{"taxonomy":"product_cat","embeddable":true,"href":"https:\/\/exlibris.ee\/en\/wp-json\/wp\/v2\/product_cat?post=45172"},{"taxonomy":"product_tag","embeddable":true,"href":"https:\/\/exlibris.ee\/en\/wp-json\/wp\/v2\/product_tag?post=45172"},{"taxonomy":"series","embeddable":true,"href":"https:\/\/exlibris.ee\/en\/wp-json\/wp\/v2\/series?post=45172"},{"taxonomy":"publisher","embeddable":true,"href":"https:\/\/exlibris.ee\/en\/wp-json\/wp\/v2\/publisher?post=45172"}],"curies":[{"name":"wp","href":"https:\/\/api.w.org\/{rel}","templated":true}]}}