{"id":45175,"date":"2023-05-12T11:20:52","date_gmt":"2023-05-12T08:20:52","guid":{"rendered":"https:\/\/exlibris.ee\/toode\/deutsch-com-3-digitale-ausgabe-digitalisiertes-arbeitsbuch-mit-integrierten-audiodateien\/"},"modified":"2026-04-05T17:25:00","modified_gmt":"2026-04-05T14:25:00","slug":"deutsch-com-3-digitale-ausgabe-digitalisiertes-arbeitsbuch-mit-integrierten-audiodateien","status":"publish","type":"product","link":"https:\/\/exlibris.ee\/en\/product\/deutsch-com-3-digitale-ausgabe-digitalisiertes-arbeitsbuch-mit-integrierten-audiodateien\/","title":{"rendered":"deutsch.com 3 \u2013 Digitale Ausgabe  Digitalisiertes Arbeitsbuch mit integrierten Audiodateien"},"content":{"rendered":"<p>Carsten Tsara ist Anfang 30, besitzt keinen besonders scharfen Verstand und auch sein Ged\u00e4chtnis ist eher durchschnittlich. Keine guten Voraussetzungen f\u00fcr einen Privatdetektiv, oder? Er ist trotzdem einer. Er vertraut seiner Intuition, und sein Wahlspruch ist: Probieren geht \u00fcber Studieren. Was wissen wir \u00fcber die Menschen in unserer N\u00e4he? \u2013 So wenig, dass es unheimlich werden kann. Carsten Tsara denkt \u00fcber das Leben nach und \u00fcber den Tod. Auf einmal sieht er seine Umwelt mit anderen Augen. Seine Nachbarin bittet ihn um einen Gefallen. Er betritt in ihrer Abwesenheit ihre Wohnung und macht eine unheimliche Entdeckung .. Niveaustufe B1.<\/p>\n","protected":false},"excerpt":{"rendered":"<p>Carsten Tsara ist Anfang 30, besitzt keinen besonders scharfen Verstand und auch sein Ged\u00e4chtnis ist eher durchschnittlich. Keine guten Voraussetzungen f\u00fcr einen Privatdetektiv, oder? Er ist trotzdem einer. Er vertraut seiner Intuition, und sein Wahlspruch ist: Probieren geht \u00fcber Studieren&#8230;.<\/p>\n","protected":false},"featured_media":58489,"template":"","meta":{"_acf_changed":false,"inline_featured_image":false},"product_brand":[],"product_cat":[477],"product_tag":[],"series":[{"id":564,"name":"Deutsch.com","slug":"deutsch-com"}],"publisher":[{"id":497,"name":"Hueber Verlag","slug":"hueber-verlag"}],"class_list":{"0":"post-45175","1":"product","2":"type-product","3":"status-publish","4":"has-post-thumbnail","6":"product_cat-lehrwerke-fur-jugendliche","7":"series-deutsch-com","8":"publisher-hueber-verlag","10":"first","11":"onbackorder","12":"taxable","13":"shipping-taxable","14":"purchasable","15":"product-type-simple"},"acf":[],"_links":{"self":[{"href":"https:\/\/exlibris.ee\/en\/wp-json\/wp\/v2\/product\/45175","targetHints":{"allow":["GET"]}}],"collection":[{"href":"https:\/\/exlibris.ee\/en\/wp-json\/wp\/v2\/product"}],"about":[{"href":"https:\/\/exlibris.ee\/en\/wp-json\/wp\/v2\/types\/product"}],"wp:featuredmedia":[{"embeddable":true,"href":"https:\/\/exlibris.ee\/en\/wp-json\/wp\/v2\/media\/58489"}],"wp:attachment":[{"href":"https:\/\/exlibris.ee\/en\/wp-json\/wp\/v2\/media?parent=45175"}],"wp:term":[{"taxonomy":"product_brand","embeddable":true,"href":"https:\/\/exlibris.ee\/en\/wp-json\/wp\/v2\/product_brand?post=45175"},{"taxonomy":"product_cat","embeddable":true,"href":"https:\/\/exlibris.ee\/en\/wp-json\/wp\/v2\/product_cat?post=45175"},{"taxonomy":"product_tag","embeddable":true,"href":"https:\/\/exlibris.ee\/en\/wp-json\/wp\/v2\/product_tag?post=45175"},{"taxonomy":"series","embeddable":true,"href":"https:\/\/exlibris.ee\/en\/wp-json\/wp\/v2\/series?post=45175"},{"taxonomy":"publisher","embeddable":true,"href":"https:\/\/exlibris.ee\/en\/wp-json\/wp\/v2\/publisher?post=45175"}],"curies":[{"name":"wp","href":"https:\/\/api.w.org\/{rel}","templated":true}]}}