{"id":45177,"date":"2023-05-12T11:20:52","date_gmt":"2023-05-12T08:20:52","guid":{"rendered":"https:\/\/exlibris.ee\/toode\/44-sprechspiele-fur-deutsch-als-fremdsprache-pdf-download\/"},"modified":"2026-04-07T23:13:20","modified_gmt":"2026-04-07T20:13:20","slug":"44-sprechspiele-fur-deutsch-als-fremdsprache-pdf-download","status":"publish","type":"product","link":"https:\/\/exlibris.ee\/en\/product\/44-sprechspiele-fur-deutsch-als-fremdsprache-pdf-download\/","title":{"rendered":"44 Sprechspiele f\u00fcr Deutsch als Fremdsprache  PDF-Download"},"content":{"rendered":"<p>F\u00fcr alle Deutschlerner mit Grundkenntnissen. Die Sammlung enth\u00e4lt Kartenspiele, Einigungsspiele, Kombinationsspiele,Verhandlungsspiele, W\u00fcrfelspiele und Dialogspiele,die alle als Kopiervorlagen gestaltet sind.<\/p>\n","protected":false},"excerpt":{"rendered":"<p>F\u00fcr alle Deutschlerner mit Grundkenntnissen. Die Sammlung enth\u00e4lt Kartenspiele, Einigungsspiele, Kombinationsspiele,Verhandlungsspiele, W\u00fcrfelspiele und Dialogspiele,die alle als Kopiervorlagen gestaltet sind.<\/p>\n","protected":false},"featured_media":55441,"template":"","meta":{"_acf_changed":false,"inline_featured_image":false},"product_brand":[],"product_cat":[503],"product_tag":[],"series":[{"id":944,"name":"44 Sprechspiele","slug":"44-sprechspiele"}],"publisher":[{"id":497,"name":"Hueber Verlag","slug":"hueber-verlag"}],"class_list":{"0":"post-45177","1":"product","2":"type-product","3":"status-publish","4":"has-post-thumbnail","6":"product_cat-lernen-mit-bildern-und-spielen","7":"series-44-sprechspiele","8":"publisher-hueber-verlag","10":"first","11":"onbackorder","12":"taxable","13":"shipping-taxable","14":"purchasable","15":"product-type-simple"},"acf":[],"_links":{"self":[{"href":"https:\/\/exlibris.ee\/en\/wp-json\/wp\/v2\/product\/45177","targetHints":{"allow":["GET"]}}],"collection":[{"href":"https:\/\/exlibris.ee\/en\/wp-json\/wp\/v2\/product"}],"about":[{"href":"https:\/\/exlibris.ee\/en\/wp-json\/wp\/v2\/types\/product"}],"wp:featuredmedia":[{"embeddable":true,"href":"https:\/\/exlibris.ee\/en\/wp-json\/wp\/v2\/media\/55441"}],"wp:attachment":[{"href":"https:\/\/exlibris.ee\/en\/wp-json\/wp\/v2\/media?parent=45177"}],"wp:term":[{"taxonomy":"product_brand","embeddable":true,"href":"https:\/\/exlibris.ee\/en\/wp-json\/wp\/v2\/product_brand?post=45177"},{"taxonomy":"product_cat","embeddable":true,"href":"https:\/\/exlibris.ee\/en\/wp-json\/wp\/v2\/product_cat?post=45177"},{"taxonomy":"product_tag","embeddable":true,"href":"https:\/\/exlibris.ee\/en\/wp-json\/wp\/v2\/product_tag?post=45177"},{"taxonomy":"series","embeddable":true,"href":"https:\/\/exlibris.ee\/en\/wp-json\/wp\/v2\/series?post=45177"},{"taxonomy":"publisher","embeddable":true,"href":"https:\/\/exlibris.ee\/en\/wp-json\/wp\/v2\/publisher?post=45177"}],"curies":[{"name":"wp","href":"https:\/\/api.w.org\/{rel}","templated":true}]}}