{"id":45178,"date":"2023-05-12T11:20:52","date_gmt":"2023-05-12T08:20:52","guid":{"rendered":"https:\/\/exlibris.ee\/toode\/deutsch-mit-vater-und-sohn-10-bildgeschichten-von-e-o-plauen-fur-den-unterricht-deutsch-als-fremdsprache-pdf-download\/"},"modified":"2026-04-07T05:22:15","modified_gmt":"2026-04-07T02:22:15","slug":"deutsch-mit-vater-und-sohn-10-bildgeschichten-von-e-o-plauen-fur-den-unterricht-deutsch-als-fremdsprache-pdf-download","status":"publish","type":"product","link":"https:\/\/exlibris.ee\/en\/product\/deutsch-mit-vater-und-sohn-10-bildgeschichten-von-e-o-plauen-fur-den-unterricht-deutsch-als-fremdsprache-pdf-download\/","title":{"rendered":"Deutsch mit Vater und Sohn  10 Bildgeschichten von E. O. Plauen f\u00fcr den Unterricht Deutsch als Fremdsprache \/ PDF-Download"},"content":{"rendered":"<p>500 abwechslungsreiche \u00dcbungen zu allen wichtigen Grammatikthemen bringen mehr Sicherheit beim Sprechen und Schreiben und helfen, typische Fehler zu vermeiden. Erl\u00e4uternde Hinweise zu den \u00dcbungen in der Randspalte begleiten den Lerner in seinem Lernprozess. &#8211; Rund 500 \u00dcbungen zu Grammatik, Idiomatik, korrektem Wortgebrauch und typischen Fehlern &#8211; Allt\u00e4gliche Themen aus allen Lebensbereichen &#8211; Gliederung nach grammatischen Gesichtspunkten f\u00fcr schnelle \u00dcbungsauswahl &#8211; Zweifarbig mit unterhaltsamen Illustrationen und Fotos zur Unterst\u00fctzung der Aufgabenstellung &#8211; Aufgaben im authentischen Anwendungs- und Handlungskontext f\u00fcr nachhaltigen Lernerfolg.<\/p>\n","protected":false},"excerpt":{"rendered":"<p>500 abwechslungsreiche \u00dcbungen zu allen wichtigen Grammatikthemen bringen mehr Sicherheit beim Sprechen und Schreiben und helfen, typische Fehler zu vermeiden. Erl\u00e4uternde Hinweise zu den \u00dcbungen in der Randspalte begleiten den Lerner in seinem Lernprozess. &#8211; Rund 500 \u00dcbungen zu Grammatik,&#8230;<\/p>\n","protected":false},"featured_media":58513,"template":"","meta":{"_acf_changed":false,"inline_featured_image":false},"product_brand":[],"product_cat":[503],"product_tag":[],"series":[],"publisher":[{"id":497,"name":"Hueber Verlag","slug":"hueber-verlag"}],"class_list":{"0":"post-45178","1":"product","2":"type-product","3":"status-publish","4":"has-post-thumbnail","6":"product_cat-lernen-mit-bildern-und-spielen","7":"publisher-hueber-verlag","9":"first","10":"onbackorder","11":"taxable","12":"shipping-taxable","13":"purchasable","14":"product-type-simple"},"acf":[],"_links":{"self":[{"href":"https:\/\/exlibris.ee\/en\/wp-json\/wp\/v2\/product\/45178","targetHints":{"allow":["GET"]}}],"collection":[{"href":"https:\/\/exlibris.ee\/en\/wp-json\/wp\/v2\/product"}],"about":[{"href":"https:\/\/exlibris.ee\/en\/wp-json\/wp\/v2\/types\/product"}],"wp:featuredmedia":[{"embeddable":true,"href":"https:\/\/exlibris.ee\/en\/wp-json\/wp\/v2\/media\/58513"}],"wp:attachment":[{"href":"https:\/\/exlibris.ee\/en\/wp-json\/wp\/v2\/media?parent=45178"}],"wp:term":[{"taxonomy":"product_brand","embeddable":true,"href":"https:\/\/exlibris.ee\/en\/wp-json\/wp\/v2\/product_brand?post=45178"},{"taxonomy":"product_cat","embeddable":true,"href":"https:\/\/exlibris.ee\/en\/wp-json\/wp\/v2\/product_cat?post=45178"},{"taxonomy":"product_tag","embeddable":true,"href":"https:\/\/exlibris.ee\/en\/wp-json\/wp\/v2\/product_tag?post=45178"},{"taxonomy":"series","embeddable":true,"href":"https:\/\/exlibris.ee\/en\/wp-json\/wp\/v2\/series?post=45178"},{"taxonomy":"publisher","embeddable":true,"href":"https:\/\/exlibris.ee\/en\/wp-json\/wp\/v2\/publisher?post=45178"}],"curies":[{"name":"wp","href":"https:\/\/api.w.org\/{rel}","templated":true}]}}