{"id":45182,"date":"2023-05-12T11:20:54","date_gmt":"2023-05-12T08:20:54","guid":{"rendered":"https:\/\/exlibris.ee\/toode\/deutsch-com-2-deutsch-fur-jugendliche-pdf-mp3-download-kursbuch-spanien-a2-1-audio-cd-zum-kursbuch-blinklearning-ausgabe\/"},"modified":"2026-04-05T17:25:03","modified_gmt":"2026-04-05T14:25:03","slug":"deutsch-com-2-deutsch-fur-jugendliche-pdf-mp3-download-kursbuch-spanien-a2-1-audio-cd-zum-kursbuch-blinklearning-ausgabe","status":"publish","type":"product","link":"https:\/\/exlibris.ee\/en\/product\/deutsch-com-2-deutsch-fur-jugendliche-pdf-mp3-download-kursbuch-spanien-a2-1-audio-cd-zum-kursbuch-blinklearning-ausgabe\/","title":{"rendered":"deutsch.com 2  Deutsch f\u00fcr Jugendliche \/ PDF\/MP3-Download, Kursbuch Spanien A2.1 +  Audio-CD zum Kursbuch, Blinklearning-Ausgabe"},"content":{"rendered":"<p>Zielgruppe: Jugendliche und junge Erwachsene im In- und Ausland ohne Vorkenntnisse. Lernziel: F\u00fchrt in drei B\u00e4nden zu den Niveaustufen A1, A2 und B1 des Europ\u00e4ischen Referenzrahmens und bereitet auf die Pr\u00fcfungen der jeweiligen Sprachniveaus vor. deutsch.com steht f\u00fcr die Idee des Gemeinsamen Europ\u00e4ischen Referenzrahmens \u2013 das grundlegende Leitmotiv der Mehrsprachigkeit! Das Deutschlernen geschieht \u201eim Kopf\u201c der Lernenden in einem Kontext von Mehrsprachigkeit. Das bedeutet, dass sowohl die bereits erlernte(n) Fremdsprache(n) als auch die Muttersprache zum Erlernen einer weiteren Fremdsprache genutzt werden k\u00f6nnen. Vor diesem Hintergrund sind sowohl die Sprachvermittlung als auch der Spracherwerb zu sehen. Ziel ist es, effiziente und zeitsparende Lehr- und Lernverfahren anzubieten. deutsch.com bezieht den Lernenden aktiv in das Lehren und Lernen ein! Vorhandenes sprachliches Wissen aus der Muttersprache und der bereits erlernten Fremdsprache wird aktiviert und transferiert. Gemeinsamkeiten und Unterschiede werden herausgearbeitet und erkannt. Dies bezieht sich ebenso auf den Grundwortschatz wie auf elementare Grammatikkenntnisse. Bereits vorhandene Lerntechniken und -strategien werden ins Bewusstsein gerufen, eingesetzt und erweitert. deutsch.com ist in der Welt der Jugendlichen zu Hause! Aus \u00fcberraschenden Perspektiven breitet deutsch.com ein reiches Panorama an Lebensformen und -realit\u00e4ten Jugendlicher in den deutschsprachigen L\u00e4ndern aus und folgt doch dabei den Themen der Niveaustufen. So transportiert das Lehrwerk landeskundliche Informationen mit jugendgerechten Inhalten. Moderne Textsorten, auch aus dem Internet (Internetportale und -profile, Chats, Foren, Blogs), pr\u00e4sentieren einen authentischen deutschen Sprachgebrauch. Methodik deutsch.com folgt einem aufgabenorientierten, kommunikativen Ansatz, der Strategien der Mehrsprachigkeit bewusst einbezieht. Die rezeptiven und produktiven Fertigkeiten werden im Lernprozess von Beginn an entwickelt. Grammatik, Worts<\/p>\n","protected":false},"excerpt":{"rendered":"<p>Zielgruppe: Jugendliche und junge Erwachsene im In- und Ausland ohne Vorkenntnisse. Lernziel: F\u00fchrt in drei B\u00e4nden zu den Niveaustufen A1, A2 und B1 des Europ\u00e4ischen Referenzrahmens und bereitet auf die Pr\u00fcfungen der jeweiligen Sprachniveaus vor. deutsch.com steht f\u00fcr die Idee&#8230;<\/p>\n","protected":false},"featured_media":58546,"template":"","meta":{"_acf_changed":false,"inline_featured_image":false},"product_brand":[],"product_cat":[477],"product_tag":[],"series":[{"id":564,"name":"Deutsch.com","slug":"deutsch-com"}],"publisher":[{"id":497,"name":"Hueber Verlag","slug":"hueber-verlag"}],"class_list":{"0":"post-45182","1":"product","2":"type-product","3":"status-publish","4":"has-post-thumbnail","6":"product_cat-lehrwerke-fur-jugendliche","7":"series-deutsch-com","8":"publisher-hueber-verlag","10":"first","11":"onbackorder","12":"taxable","13":"shipping-taxable","14":"purchasable","15":"product-type-simple"},"acf":[],"_links":{"self":[{"href":"https:\/\/exlibris.ee\/en\/wp-json\/wp\/v2\/product\/45182","targetHints":{"allow":["GET"]}}],"collection":[{"href":"https:\/\/exlibris.ee\/en\/wp-json\/wp\/v2\/product"}],"about":[{"href":"https:\/\/exlibris.ee\/en\/wp-json\/wp\/v2\/types\/product"}],"wp:featuredmedia":[{"embeddable":true,"href":"https:\/\/exlibris.ee\/en\/wp-json\/wp\/v2\/media\/58546"}],"wp:attachment":[{"href":"https:\/\/exlibris.ee\/en\/wp-json\/wp\/v2\/media?parent=45182"}],"wp:term":[{"taxonomy":"product_brand","embeddable":true,"href":"https:\/\/exlibris.ee\/en\/wp-json\/wp\/v2\/product_brand?post=45182"},{"taxonomy":"product_cat","embeddable":true,"href":"https:\/\/exlibris.ee\/en\/wp-json\/wp\/v2\/product_cat?post=45182"},{"taxonomy":"product_tag","embeddable":true,"href":"https:\/\/exlibris.ee\/en\/wp-json\/wp\/v2\/product_tag?post=45182"},{"taxonomy":"series","embeddable":true,"href":"https:\/\/exlibris.ee\/en\/wp-json\/wp\/v2\/series?post=45182"},{"taxonomy":"publisher","embeddable":true,"href":"https:\/\/exlibris.ee\/en\/wp-json\/wp\/v2\/publisher?post=45182"}],"curies":[{"name":"wp","href":"https:\/\/api.w.org\/{rel}","templated":true}]}}