{"id":45186,"date":"2023-05-12T11:20:54","date_gmt":"2023-05-12T08:20:54","guid":{"rendered":"https:\/\/exlibris.ee\/toode\/essential-grammar-of-german-with-exercises-pdf-download-ausgabe-englisch\/"},"modified":"2026-04-17T17:37:13","modified_gmt":"2026-04-17T14:37:13","slug":"essential-grammar-of-german-with-exercises-pdf-download-ausgabe-englisch","status":"publish","type":"product","link":"https:\/\/exlibris.ee\/en\/product\/essential-grammar-of-german-with-exercises-pdf-download-ausgabe-englisch\/","title":{"rendered":"Essential Grammar of German  With exercises \/ PDF-Download Ausgabe Englisch"},"content":{"rendered":"<p>Die zweisprachigen Ausgaben erleichtern das Erarbeiten grammatischer Kenntnisse durch Arbeitsanweisungen und Erkl\u00e4rungen in der Ausgangssprache des Lerners. Zielgruppe: Lerner der Grundstufe, die grammatisches Grundwissen wiederholen und vertiefen wollen. Lernziel: Der Wortschatz der Erkl\u00e4rungen und \u00dcbungen entspricht dem Niveau des Zertifikats Deutsch. Damit ist die Grammatik zur gezielten Pr\u00fcfungsvorbereitung geeignet, aber auch zur Wiederholung und Vertiefung der grammatischen Grundkenntnisse. Sie ist optisch gut gegliedert und besonders geeignet, die Struktur des grammatischen Systems im Deutschen transparent zu machen. Die Grammatik ist lehrwerksunabh\u00e4ngig, kann aber auch lehrwerksbegleitend eingesetzt werden. Lernende, die zus\u00e4tzlich zu einem kommunikativ ausgerichteten Unterricht im Kurs l\u00e4ngere \u00dcbungsphasen zur Grammatik w\u00fcnschen, finden eine strukturierte Auswahl zu s\u00e4mtlichen Themen. Strichzeichnungen lockern den \u00dcbungsablauf fantasievoll auf.<\/p>\n","protected":false},"excerpt":{"rendered":"<p>Die zweisprachigen Ausgaben erleichtern das Erarbeiten grammatischer Kenntnisse durch Arbeitsanweisungen und Erkl\u00e4rungen in der Ausgangssprache des Lerners. Zielgruppe: Lerner der Grundstufe, die grammatisches Grundwissen wiederholen und vertiefen wollen. Lernziel: Der Wortschatz der Erkl\u00e4rungen und \u00dcbungen entspricht dem Niveau des Zertifikats&#8230;<\/p>\n","protected":false},"featured_media":56266,"template":"","meta":{"_acf_changed":false,"inline_featured_image":false},"product_brand":[],"product_cat":[480],"product_tag":[],"series":[],"publisher":[{"id":497,"name":"Hueber Verlag","slug":"hueber-verlag"}],"class_list":{"0":"post-45186","1":"product","2":"type-product","3":"status-publish","4":"has-post-thumbnail","6":"product_cat-grammatiken","7":"publisher-hueber-verlag","9":"first","10":"onbackorder","11":"taxable","12":"shipping-taxable","13":"purchasable","14":"product-type-simple"},"acf":[],"_links":{"self":[{"href":"https:\/\/exlibris.ee\/en\/wp-json\/wp\/v2\/product\/45186","targetHints":{"allow":["GET"]}}],"collection":[{"href":"https:\/\/exlibris.ee\/en\/wp-json\/wp\/v2\/product"}],"about":[{"href":"https:\/\/exlibris.ee\/en\/wp-json\/wp\/v2\/types\/product"}],"wp:featuredmedia":[{"embeddable":true,"href":"https:\/\/exlibris.ee\/en\/wp-json\/wp\/v2\/media\/56266"}],"wp:attachment":[{"href":"https:\/\/exlibris.ee\/en\/wp-json\/wp\/v2\/media?parent=45186"}],"wp:term":[{"taxonomy":"product_brand","embeddable":true,"href":"https:\/\/exlibris.ee\/en\/wp-json\/wp\/v2\/product_brand?post=45186"},{"taxonomy":"product_cat","embeddable":true,"href":"https:\/\/exlibris.ee\/en\/wp-json\/wp\/v2\/product_cat?post=45186"},{"taxonomy":"product_tag","embeddable":true,"href":"https:\/\/exlibris.ee\/en\/wp-json\/wp\/v2\/product_tag?post=45186"},{"taxonomy":"series","embeddable":true,"href":"https:\/\/exlibris.ee\/en\/wp-json\/wp\/v2\/series?post=45186"},{"taxonomy":"publisher","embeddable":true,"href":"https:\/\/exlibris.ee\/en\/wp-json\/wp\/v2\/publisher?post=45186"}],"curies":[{"name":"wp","href":"https:\/\/api.w.org\/{rel}","templated":true}]}}