{"id":45190,"date":"2023-05-12T11:20:55","date_gmt":"2023-05-12T08:20:55","guid":{"rendered":"https:\/\/exlibris.ee\/toode\/%d1%80%d1%83%d1%81%d1%81%d0%ba%d0%be-%d0%bb%d0%b0%d1%82%d1%8b%d1%88%d1%81%d0%ba%d0%b8%d0%b9-%d0%bb%d0%b0%d1%82%d1%8b%d1%88%d1%81%d0%ba%d0%be-%d1%80%d1%83%d1%81%d1%81%d0%ba%d0%b8%d0%b9-%d1%81%d0%bb\/"},"modified":"2026-04-10T05:21:14","modified_gmt":"2026-04-10T02:21:14","slug":"%d1%80%d1%83%d1%81%d1%81%d0%ba%d0%be-%d0%bb%d0%b0%d1%82%d1%8b%d1%88%d1%81%d0%ba%d0%b8%d0%b9-%d0%bb%d0%b0%d1%82%d1%8b%d1%88%d1%81%d0%ba%d0%be-%d1%80%d1%83%d1%81%d1%81%d0%ba%d0%b8%d0%b9-%d1%81%d0%bb","status":"publish","type":"product","link":"https:\/\/exlibris.ee\/en\/product\/%d1%80%d1%83%d1%81%d1%81%d0%ba%d0%be-%d0%bb%d0%b0%d1%82%d1%8b%d1%88%d1%81%d0%ba%d0%b8%d0%b9-%d0%bb%d0%b0%d1%82%d1%8b%d1%88%d1%81%d0%ba%d0%be-%d1%80%d1%83%d1%81%d1%81%d0%ba%d0%b8%d0%b9-%d1%81%d0%bb\/","title":{"rendered":"\u0420\u0443\u0441\u0441\u043a\u043e-\u043b\u0430\u0442\u044b\u0448\u0441\u043a\u0438\u0439, \u043b\u0430\u0442\u044b\u0448\u0441\u043a\u043e-\u0440\u0443\u0441\u0441\u043a\u0438\u0439 \u0441\u043b\u043e\u0432\u0430\u0440\u044c"},"content":{"rendered":"<p>22000 \u0441\u043b\u043e\u0432 M\u0101kslinieks Uldis Baltutis. V\u0101rdn\u012bca dom\u0101ta skolu jaunatnei, k\u0101 ar\u012b visiem, kas apg\u016bst latvie\u0161u vai krievu valodu. V\u0101rdn\u012bc\u0101 ievietotie v\u0101rdi pla\u0161i lietojami sadz\u012bv\u0113, t\u016brisma ce\u013cojumos, k\u0101 ar\u012b sastopami preses izdevumos. Taj\u0101 atspogu\u013cota ar\u012b visvair\u0101k izplat\u012bt\u0101 frazeolo\u0123ija.<\/p>\n","protected":false},"excerpt":{"rendered":"<p>22000 \u0441\u043b\u043e\u0432 M\u0101kslinieks Uldis Baltutis. V\u0101rdn\u012bca dom\u0101ta skolu jaunatnei, k\u0101 ar\u012b visiem, kas apg\u016bst latvie\u0161u vai krievu valodu. V\u0101rdn\u012bc\u0101 ievietotie v\u0101rdi pla\u0161i lietojami sadz\u012bv\u0113, t\u016brisma ce\u013cojumos, k\u0101 ar\u012b sastopami preses izdevumos. Taj\u0101 atspogu\u013cota ar\u012b visvair\u0101k izplat\u012bt\u0101 frazeolo\u0123ija.<\/p>\n","protected":false},"featured_media":119004,"template":"","meta":{"_acf_changed":false,"inline_featured_image":false},"product_brand":[],"product_cat":[721],"product_tag":[],"series":[],"publisher":[{"id":1048,"name":"Avots","slug":"avots"}],"class_list":{"0":"post-45190","1":"product","2":"type-product","3":"status-publish","4":"has-post-thumbnail","6":"product_cat-lati-keel","7":"publisher-avots","9":"first","10":"instock","11":"taxable","12":"shipping-taxable","13":"purchasable","14":"product-type-simple"},"acf":[],"_links":{"self":[{"href":"https:\/\/exlibris.ee\/en\/wp-json\/wp\/v2\/product\/45190","targetHints":{"allow":["GET"]}}],"collection":[{"href":"https:\/\/exlibris.ee\/en\/wp-json\/wp\/v2\/product"}],"about":[{"href":"https:\/\/exlibris.ee\/en\/wp-json\/wp\/v2\/types\/product"}],"wp:featuredmedia":[{"embeddable":true,"href":"https:\/\/exlibris.ee\/en\/wp-json\/wp\/v2\/media\/119004"}],"wp:attachment":[{"href":"https:\/\/exlibris.ee\/en\/wp-json\/wp\/v2\/media?parent=45190"}],"wp:term":[{"taxonomy":"product_brand","embeddable":true,"href":"https:\/\/exlibris.ee\/en\/wp-json\/wp\/v2\/product_brand?post=45190"},{"taxonomy":"product_cat","embeddable":true,"href":"https:\/\/exlibris.ee\/en\/wp-json\/wp\/v2\/product_cat?post=45190"},{"taxonomy":"product_tag","embeddable":true,"href":"https:\/\/exlibris.ee\/en\/wp-json\/wp\/v2\/product_tag?post=45190"},{"taxonomy":"series","embeddable":true,"href":"https:\/\/exlibris.ee\/en\/wp-json\/wp\/v2\/series?post=45190"},{"taxonomy":"publisher","embeddable":true,"href":"https:\/\/exlibris.ee\/en\/wp-json\/wp\/v2\/publisher?post=45190"}],"curies":[{"name":"wp","href":"https:\/\/api.w.org\/{rel}","templated":true}]}}