{"id":45510,"date":"2023-05-12T11:23:48","date_gmt":"2023-05-12T08:23:48","guid":{"rendered":"https:\/\/exlibris.ee\/toode\/seal-kus-ma-sundisin\/"},"modified":"2026-04-12T15:26:59","modified_gmt":"2026-04-12T12:26:59","slug":"seal-kus-ma-sundisin","status":"publish","type":"product","link":"https:\/\/exlibris.ee\/en\/product\/seal-kus-ma-sundisin\/","title":{"rendered":"Seal, kus ma s\u00fcndisin"},"content":{"rendered":"<p>Autobigraafiline jutustus \u00abSeal, kus ma s\u00fcndisin\u00bb r\u00e4\u00e4gib t\u00fcdruku lapsep\u00f5lvest m\u00f6\u00f6dunud sajandi 50.\u201360. aastail Petserimaal Pruudsa talus. Autor kirjeldab raamatus tolle aja vene inimeste igap\u00e4evaelu ja kombeid, nende jumalakartlikkust, heanaaberlikke suhteid setudega ning kultuuride omavahelist segunemist. Jutustusse on p\u00f5imitud k\u00fclaelu koomilised ja traagilised s\u00fcndmused, meenutused hiljutisest s\u00f5jast ning lood rahvapidustustest, pulmadest ja matustest. Autor kirjeldab v\u00e4rvikalt maat\u00f6id ning selgitab venelaste ja setude Petserimaalt Eestisse \u00fcmberasumise tagamaid. Jutustus \u00abSeal, kus ma s\u00fcndisin\u00bb on lugu armastusest s\u00fcnnikodu vastu, vanemate armastusest laste vastu, p\u00f5lvkondade m\u00e4lestustest ning religioonist kui talurahva kasvatuse alusest ja tuumast. Raamat sisaldab ohtralt autori perekonnaarhiivist p\u00e4rinevaid fotosid, sh s\u00f5jaeelseid j\u00e4\u00e4dvustusi kooliajast, rahvapidudest, matustest ja pulmadest ning fotosid 1950.\u20131960. aastaist.<\/p>\n","protected":false},"excerpt":{"rendered":"<p>Autobigraafiline jutustus \u00abSeal, kus ma s\u00fcndisin\u00bb r\u00e4\u00e4gib t\u00fcdruku lapsep\u00f5lvest m\u00f6\u00f6dunud sajandi 50.\u201360. aastail Petserimaal Pruudsa talus. Autor kirjeldab raamatus tolle aja vene inimeste igap\u00e4evaelu ja kombeid, nende jumalakartlikkust, heanaaberlikke suhteid setudega ning kultuuride omavahelist segunemist. Jutustusse on p\u00f5imitud k\u00fclaelu koomilised&#8230;<\/p>\n","protected":false},"featured_media":189528,"template":"","meta":{"_acf_changed":false,"inline_featured_image":false},"product_brand":[],"product_cat":[2425],"product_tag":[],"series":[],"publisher":[{"id":1082,"name":"\u0414\u0438\u0430\u043b\u043e\u0433","slug":"dialog"}],"class_list":{"0":"post-45510","1":"product","2":"type-product","3":"status-publish","4":"has-post-thumbnail","6":"product_cat-rmal-eesti","7":"publisher-dialog","9":"first","10":"instock","11":"taxable","12":"shipping-taxable","13":"purchasable","14":"product-type-simple"},"acf":[],"_links":{"self":[{"href":"https:\/\/exlibris.ee\/en\/wp-json\/wp\/v2\/product\/45510","targetHints":{"allow":["GET"]}}],"collection":[{"href":"https:\/\/exlibris.ee\/en\/wp-json\/wp\/v2\/product"}],"about":[{"href":"https:\/\/exlibris.ee\/en\/wp-json\/wp\/v2\/types\/product"}],"wp:featuredmedia":[{"embeddable":true,"href":"https:\/\/exlibris.ee\/en\/wp-json\/wp\/v2\/media\/189528"}],"wp:attachment":[{"href":"https:\/\/exlibris.ee\/en\/wp-json\/wp\/v2\/media?parent=45510"}],"wp:term":[{"taxonomy":"product_brand","embeddable":true,"href":"https:\/\/exlibris.ee\/en\/wp-json\/wp\/v2\/product_brand?post=45510"},{"taxonomy":"product_cat","embeddable":true,"href":"https:\/\/exlibris.ee\/en\/wp-json\/wp\/v2\/product_cat?post=45510"},{"taxonomy":"product_tag","embeddable":true,"href":"https:\/\/exlibris.ee\/en\/wp-json\/wp\/v2\/product_tag?post=45510"},{"taxonomy":"series","embeddable":true,"href":"https:\/\/exlibris.ee\/en\/wp-json\/wp\/v2\/series?post=45510"},{"taxonomy":"publisher","embeddable":true,"href":"https:\/\/exlibris.ee\/en\/wp-json\/wp\/v2\/publisher?post=45510"}],"curies":[{"name":"wp","href":"https:\/\/api.w.org\/{rel}","templated":true}]}}